{"id":32940,"date":"2023-02-16T11:20:04","date_gmt":"2023-02-16T10:20:04","guid":{"rendered":"https:\/\/www.pharmacieonline.lu\/?post_type=product&#038;p=32940"},"modified":"2026-04-09T22:25:38","modified_gmt":"2026-04-09T20:25:38","slug":"physiomance-teoliance-enfant-30-sticks","status":"publish","type":"product","link":"https:\/\/www.pharmacieonline.lu\/de\/produit\/physiomance-teoliance-enfant-30-sticks\/","title":{"rendered":"PHYSIOMANCE TEOLIANCE ENFANT 30 STICKS"},"content":{"rendered":"<p>An Kinder angepasste mikrobiotische Referenzst\u00e4mme<\/p>\n<p>Formel entwickelt von Pr Lionel Bueno*;<br \/>\n6 einzeln mikroverkapselte Mikrobiota-St\u00e4mme (Probio-Protect\u00ae), die f\u00fcr ihre Verdauungsvorteile am wissenschaftlichsten dokumentiert sind, dosiert mit 5 Milliarden KBE** (pro Stick);<br \/>\nEinzeln mikroverkapselte Vitamine C und D (Suvimine Protect\u00ae)<br \/>\nClean-Label THERASCIENCE;<br \/>\nDreischichtiger Aluminiumstift, der eine perfekte Abdichtung und Schutz der St\u00fcmpfe garantiert.\u00b5<\/p>\n<p>Beschreibung<br \/>\nTEOLIANCE CHILD bietet f\u00fcr 1 Stick:<\/p>\n<p>5 Milliarden KBE* von 6 einzeln mikroverkapselten Mikrobiota-St\u00e4mmen mit wissenschaftlich nachgewiesener Wirksamkeit f\u00fcr ihre Verdauungsvorteile:\u2003- Lactobacillus rhamnosus GG,<br \/>\n&#8211; Bifidobacterium infantis BIO2,<br \/>\n&#8211; Lactobacillus reuteri LR92,<br \/>\n&#8211; Lactobacillus acidophilus LA-3,<br \/>\n&#8211; Bifidobacterium animalis lactis BS01,<br \/>\n&#8211; Lactobacillus plantarum BG112.<br \/>\n15 % AR** in mikroverkapseltem Vitamin C, das zur normalen Funktion des Immunsystems, zur Verringerung von M\u00fcdigkeit und zum Schutz der Zellen vor oxidativem Stress beitr\u00e4gt;<br \/>\n50 % AR** in nat\u00fcrlichem, mikroverkapseltem Vitamin D3, das das Immunsystem von Kindern st\u00e4rkt, um es besser gegen \u00e4u\u00dfere Einfl\u00fcsse abwehren zu k\u00f6nnen, und die Aufnahme von Kalzium und Phosphor f\u00f6rdert.<\/p>\n<p>*KBE: Koloniebildende Einheiten implementiert<br \/>\n** AR: Referenzbeitr\u00e4ge<\/p>\n<p>Nutzungstipps<br \/>\n1 Stick pro Tag zum Verd\u00fcnnen in einem Glas Wasser (150 ml) oder in einer nicht erhitzten Flasche, abseits der Mahlzeiten, f\u00fcr mindestens 1 Monat. Bei Bedarf zu erneuern.<\/p>\n<p>Vorsichtsma\u00dfnahmen f\u00fcr die Verwendung:<br \/>\nNach Erhalt k\u00fchl und trocken lagern.<br \/>\nNahrungserg\u00e4nzungsmittel sollten im Rahmen einer gesunden Lebensweise verwendet werden und nicht als Ersatz f\u00fcr eine abwechslungsreiche und ausgewogene Ern\u00e4hrung verwendet werden. \u00dcberschreiten Sie nicht die empfohlene Tagesdosis. Bewahren Sie das Produkt au\u00dferhalb der Reichweite von kleinen Kindern auf. Bei Kombination mehrerer Nahrungserg\u00e4nzungsmittel fragen Sie Ihren Arzt um Rat.<\/p>","protected":false},"excerpt":{"rendered":"<p>An Kinder angepasste mikrobiotische Referenzst\u00e4mme Formel entwickelt von Pr Lionel Bueno*; 6 einzeln mikroverkapselte Mikrobiota-St\u00e4mme (Probio-Protect\u00ae), die f\u00fcr ihre Verdauungsvorteile am wissenschaftlichsten dokumentiert sind, dosiert mit 5 Milliarden KBE** (pro Stick); Einzeln mikroverkapselte Vitamine C und D (Suvimine Protect\u00ae) Clean-Label THERASCIENCE; Dreischichtiger Aluminiumstift, der eine perfekte Abdichtung und Schutz der St\u00fcmpfe garantiert.\u00b5 Beschreibung TEOLIANCE CHILD [&hellip;]<\/p>\n","protected":false},"featured_media":32941,"template":"","meta":{"_acf_changed":false,"footnotes":""},"product_brand":[],"product_cat":[42,951,953,948],"product_tag":[],"class_list":{"0":"post-32940","1":"product","2":"type-product","3":"status-publish","4":"has-post-thumbnail","6":"product_cat-para-pharmacie","7":"product_cat-physiomance","8":"product_cat-complements-alimentaires","9":"product_cat-therascience-physionutrition","11":"first","12":"instock","13":"taxable","14":"shipping-taxable","15":"purchasable","16":"product-type-simple"},"acf":[],"_links":{"self":[{"href":"https:\/\/www.pharmacieonline.lu\/de\/wp-json\/wp\/v2\/product\/32940","targetHints":{"allow":["GET"]}}],"collection":[{"href":"https:\/\/www.pharmacieonline.lu\/de\/wp-json\/wp\/v2\/product"}],"about":[{"href":"https:\/\/www.pharmacieonline.lu\/de\/wp-json\/wp\/v2\/types\/product"}],"version-history":[{"count":0,"href":"https:\/\/www.pharmacieonline.lu\/de\/wp-json\/wp\/v2\/product\/32940\/revisions"}],"wp:featuredmedia":[{"embeddable":true,"href":"https:\/\/www.pharmacieonline.lu\/de\/wp-json\/wp\/v2\/media\/32941"}],"wp:attachment":[{"href":"https:\/\/www.pharmacieonline.lu\/de\/wp-json\/wp\/v2\/media?parent=32940"}],"wp:term":[{"taxonomy":"product_brand","embeddable":true,"href":"https:\/\/www.pharmacieonline.lu\/de\/wp-json\/wp\/v2\/product_brand?post=32940"},{"taxonomy":"product_cat","embeddable":true,"href":"https:\/\/www.pharmacieonline.lu\/de\/wp-json\/wp\/v2\/product_cat?post=32940"},{"taxonomy":"product_tag","embeddable":true,"href":"https:\/\/www.pharmacieonline.lu\/de\/wp-json\/wp\/v2\/product_tag?post=32940"}],"curies":[{"name":"wp","href":"https:\/\/api.w.org\/{rel}","templated":true}]}}