{"id":32956,"date":"2023-02-16T11:53:10","date_gmt":"2023-02-16T10:53:10","guid":{"rendered":"https:\/\/www.pharmacieonline.lu\/?post_type=product&#038;p=32956"},"modified":"2026-04-04T19:55:18","modified_gmt":"2026-04-04T17:55:18","slug":"physiomance-teoliance-oral-30-cpr-sucer","status":"publish","type":"product","link":"https:\/\/www.pharmacieonline.lu\/de\/produit\/physiomance-teoliance-oral-30-cpr-sucer\/","title":{"rendered":"PHYSIOMANCE TEOLIANCE ORAL 30 CPR SUCER"},"content":{"rendered":"<p>Damit Zahnfleisch und Z\u00e4hne gesund bleiben<\/p>\n<p>Formel entwickelt von Philippe Langella*;<br \/>\n4 einzeln mikroverkapselte Mikrobiota-St\u00e4mme (Probio-Protect\u00ae) mit klinisch nachgewiesener Wirksamkeit, dosiert mit 2 Milliarden KBE**, kombiniert mit pr\u00e4biotischen Ballaststoffen und einem Mikron\u00e4hrstoffkomplex (pro Tablette);<br \/>\nEinzeln mikroverkapselte Vitamine C und D (Suvimine Protect\u00ae);<br \/>\nCalcium und nat\u00fcrliches Vitamin D3 sind f\u00fcr die Erhaltung normaler Z\u00e4hne notwendig;<br \/>\nClean-Label THERASCIENCE;<br \/>\nStevia: 100 % nat\u00fcrlicher S\u00fc\u00dfstoff, zertifiziert gentechnikfrei, unbestrahlt, allergenfrei, gewonnen nach modernster, umweltfreundlicher Extraktion und Reinigung;<br \/>\nNat\u00fcrlicher Erdbeergeschmack.<\/p>\n<p>* PhD, INRA-Forschungsdirektor<br \/>\n**KBE: Koloniebildende Einheiten implementiert<\/p>\n<p>Beschreibung<\/p>\n<p>TEOLIANCE ORAL bietet f\u00fcr 1 Tablette:<\/p>\n<p>2 Milliarden KBE* von 4 einzeln mikroverkapselten Mikrobiota-St\u00e4mmen mit klinisch nachgewiesener Wirksamkeit:\u2003- Lactobacillus reuteri LR92,<br \/>\n&#8211; Lactobacillus salivarius SP2,<br \/>\n&#8211; Lactobacillus rhamnosus GG,<br \/>\n&#8211; Bifidobacterium animalis lactis BS01.<br \/>\n80 mg pr\u00e4biotische Ballaststoffe (50 mg Fructo-Oligosaccharide (FOS) und 30 mg Inulin);<br \/>\n15 % des AR** in Calcium und nat\u00fcrlichem Vitamin D3, die f\u00fcr den Erhalt normaler Z\u00e4hne notwendig sind. Nat\u00fcrliches Vitamin D3 tr\u00e4gt auch zu einer normalen Funktion des Immunsystems bei;<br \/>\n15 % des AR** in Vitamin C, das zu einer normalen Kollagenbildung beitr\u00e4gt, um eine normale Funktion von Zahnfleisch und Z\u00e4hnen sowie eine normale Funktion des Immunsystems zu gew\u00e4hrleisten.<\/p>\n<p>*KBE: Koloniebildende Einheiten implementiert<br \/>\n**AR: Referenzbeitr\u00e4ge<\/p>\n<p>Nutzungstipps<br \/>\n1 bis 2 Tabletten pro Tag zum Lutschen nach den Mahlzeiten, vorzugsweise nach dem Z\u00e4hneputzen, f\u00fcr mindestens 15 Tage. Bei Bedarf zu erneuern.<\/p>\n<p>Vorsichtsma\u00dfnahmen f\u00fcr die Verwendung:<br \/>\n\u00dcberm\u00e4\u00dfiger Gebrauch kann zu abf\u00fchrenden Wirkungen f\u00fchren. Nach Erhalt k\u00fchl und trocken lagern.<br \/>\nNahrungserg\u00e4nzungsmittel sollten im Rahmen einer gesunden Lebensweise verwendet werden und nicht als Ersatz f\u00fcr eine abwechslungsreiche und ausgewogene Ern\u00e4hrung verwendet werden. \u00dcberschreiten Sie nicht die empfohlene Tagesdosis. Bewahren Sie das Produkt au\u00dferhalb der Reichweite von kleinen Kindern auf. Bei Kombination mehrerer Nahrungserg\u00e4nzungsmittel fragen Sie Ihren Arzt um Rat.<\/p>","protected":false},"excerpt":{"rendered":"<p>Damit Zahnfleisch und Z\u00e4hne gesund bleiben Formel entwickelt von Philippe Langella*; 4 einzeln mikroverkapselte Mikrobiota-St\u00e4mme (Probio-Protect\u00ae) mit klinisch nachgewiesener Wirksamkeit, dosiert mit 2 Milliarden KBE**, kombiniert mit pr\u00e4biotischen Ballaststoffen und einem Mikron\u00e4hrstoffkomplex (pro Tablette); Einzeln mikroverkapselte Vitamine C und D (Suvimine Protect\u00ae); Calcium und nat\u00fcrliches Vitamin D3 sind f\u00fcr die Erhaltung normaler Z\u00e4hne notwendig; Clean-Label [&hellip;]<\/p>\n","protected":false},"featured_media":32958,"template":"","meta":{"_acf_changed":false,"footnotes":""},"product_brand":[],"product_cat":[42,951,953,948],"product_tag":[],"class_list":{"0":"post-32956","1":"product","2":"type-product","3":"status-publish","4":"has-post-thumbnail","6":"product_cat-para-pharmacie","7":"product_cat-physiomance","8":"product_cat-complements-alimentaires","9":"product_cat-therascience-physionutrition","11":"first","12":"instock","13":"taxable","14":"shipping-taxable","15":"purchasable","16":"product-type-simple"},"acf":[],"_links":{"self":[{"href":"https:\/\/www.pharmacieonline.lu\/de\/wp-json\/wp\/v2\/product\/32956","targetHints":{"allow":["GET"]}}],"collection":[{"href":"https:\/\/www.pharmacieonline.lu\/de\/wp-json\/wp\/v2\/product"}],"about":[{"href":"https:\/\/www.pharmacieonline.lu\/de\/wp-json\/wp\/v2\/types\/product"}],"version-history":[{"count":0,"href":"https:\/\/www.pharmacieonline.lu\/de\/wp-json\/wp\/v2\/product\/32956\/revisions"}],"wp:featuredmedia":[{"embeddable":true,"href":"https:\/\/www.pharmacieonline.lu\/de\/wp-json\/wp\/v2\/media\/32958"}],"wp:attachment":[{"href":"https:\/\/www.pharmacieonline.lu\/de\/wp-json\/wp\/v2\/media?parent=32956"}],"wp:term":[{"taxonomy":"product_brand","embeddable":true,"href":"https:\/\/www.pharmacieonline.lu\/de\/wp-json\/wp\/v2\/product_brand?post=32956"},{"taxonomy":"product_cat","embeddable":true,"href":"https:\/\/www.pharmacieonline.lu\/de\/wp-json\/wp\/v2\/product_cat?post=32956"},{"taxonomy":"product_tag","embeddable":true,"href":"https:\/\/www.pharmacieonline.lu\/de\/wp-json\/wp\/v2\/product_tag?post=32956"}],"curies":[{"name":"wp","href":"https:\/\/api.w.org\/{rel}","templated":true}]}}