{"id":32963,"date":"2023-02-16T13:41:10","date_gmt":"2023-02-16T12:41:10","guid":{"rendered":"https:\/\/www.pharmacieonline.lu\/?post_type=product&#038;p=32963"},"modified":"2026-04-10T02:25:33","modified_gmt":"2026-04-10T00:25:33","slug":"physiomance-boswellia-90-gel","status":"publish","type":"product","link":"https:\/\/www.pharmacieonline.lu\/de\/produit\/physiomance-boswellia-90-gel\/","title":{"rendered":"PHYSIOMANCE BOSWELLIA 90 GEL"},"content":{"rendered":"<p>Die Pflanze f\u00fcr den Komfort und die Flexibilit\u00e4t Ihrer Gelenke<\/p>\n<p>Hochkonzentrierte Formel: 384,6 mg Boswellia serrata-Harzextrakt, titriert auf 65 % Boswellias\u00e4ure: 250 mg pro Kapsel;<br \/>\nVitamin E tr\u00e4gt zum Schutz der Zellen vor oxidativem Stress bei;<br \/>\nOptimale Bioverf\u00fcgbarkeit: Vitamin B12 in Coenzym-Form;<br \/>\nHigh Quality Process\u00ae;<br \/>\nClean-Label THERASCIENCE;<br \/>\n100 % pflanzliche Kapseln.<br \/>\nBeschreibung<\/p>\n<p>PHYSIOMANCE BOSWELLIA bietet f\u00fcr 1 Kapsel:<\/p>\n<p>384,6 mg Boswellia serrata-Extrakt, titriert mit 250 mg Boswellias\u00e4ure, die dazu beitr\u00e4gt, die Gelenke entspannt und angenehm zu halten, und m\u00f6glicherweise eine positive Rolle f\u00fcr den Bewegungsapparat, die Knochen und die Gelenke spielt.<br \/>\nDar\u00fcber hinaus unterst\u00fctzt Boswellia serrata die Gesundheit des Magen-Darm-Trakts, tr\u00e4gt zur Aufrechterhaltung eines normalen Cholesterinspiegels im Blut bei, unterst\u00fctzt die Herzfunktion, unterst\u00fctzt die geistigen Funktionen, tr\u00e4gt zu einem normalen Menstruationszyklus bei und tr\u00e4gt zu einer guten sexuellen Gesundheit des Mannes bei.<br \/>\n15 % AR* in nat\u00fcrlichem Vitamin E, das die Zellen vor oxidativem Stress sch\u00fctzt;<br \/>\n15 % der AR* in Vitamin B12, das zu einer normalen Funktion des Nervensystems und psychischen Funktionen sowie zu einer normalen Bildung roter Blutk\u00f6rperchen beitr\u00e4gt.<\/p>\n<p>*AR: Referenzbeitr\u00e4ge<\/p>\n<p>Nutzungstipps<\/p>\n<p>1 Kapsel pro Tag, f\u00fcr mindestens 3 Monate. Bei Bedarf zu erneuern.<\/p>\n<p>Vorsichtsma\u00dfnahmen f\u00fcr die Verwendung:<\/p>\n<p>Nahrungserg\u00e4nzungsmittel sollten im Rahmen einer gesunden Lebensweise verwendet werden und nicht als Ersatz f\u00fcr eine abwechslungsreiche und ausgewogene Ern\u00e4hrung verwendet werden. \u00dcberschreiten Sie nicht die empfohlene Tagesdosis. Bewahren Sie das Produkt au\u00dferhalb der Reichweite von kleinen Kindern auf. Bei Kombination mehrerer Nahrungserg\u00e4nzungsmittel fragen Sie Ihren Arzt um Rat.<\/p>","protected":false},"excerpt":{"rendered":"<p>Die Pflanze f\u00fcr den Komfort und die Flexibilit\u00e4t Ihrer Gelenke Hochkonzentrierte Formel: 384,6 mg Boswellia serrata-Harzextrakt, titriert auf 65 % Boswellias\u00e4ure: 250 mg pro Kapsel; Vitamin E tr\u00e4gt zum Schutz der Zellen vor oxidativem Stress bei; Optimale Bioverf\u00fcgbarkeit: Vitamin B12 in Coenzym-Form; High Quality Process\u00ae; Clean-Label THERASCIENCE; 100 % pflanzliche Kapseln. Beschreibung PHYSIOMANCE BOSWELLIA bietet [&hellip;]<\/p>\n","protected":false},"featured_media":32964,"template":"","meta":{"_acf_changed":false,"footnotes":""},"product_brand":[],"product_cat":[42,951,953,948,782],"product_tag":[],"class_list":{"0":"post-32963","1":"product","2":"type-product","3":"status-publish","4":"has-post-thumbnail","6":"product_cat-para-pharmacie","7":"product_cat-physiomance","8":"product_cat-complements-alimentaires","9":"product_cat-therascience-physionutrition","10":"product_cat-vegan","12":"first","13":"instock","14":"taxable","15":"shipping-taxable","16":"purchasable","17":"product-type-simple"},"acf":[],"_links":{"self":[{"href":"https:\/\/www.pharmacieonline.lu\/de\/wp-json\/wp\/v2\/product\/32963","targetHints":{"allow":["GET"]}}],"collection":[{"href":"https:\/\/www.pharmacieonline.lu\/de\/wp-json\/wp\/v2\/product"}],"about":[{"href":"https:\/\/www.pharmacieonline.lu\/de\/wp-json\/wp\/v2\/types\/product"}],"version-history":[{"count":0,"href":"https:\/\/www.pharmacieonline.lu\/de\/wp-json\/wp\/v2\/product\/32963\/revisions"}],"wp:featuredmedia":[{"embeddable":true,"href":"https:\/\/www.pharmacieonline.lu\/de\/wp-json\/wp\/v2\/media\/32964"}],"wp:attachment":[{"href":"https:\/\/www.pharmacieonline.lu\/de\/wp-json\/wp\/v2\/media?parent=32963"}],"wp:term":[{"taxonomy":"product_brand","embeddable":true,"href":"https:\/\/www.pharmacieonline.lu\/de\/wp-json\/wp\/v2\/product_brand?post=32963"},{"taxonomy":"product_cat","embeddable":true,"href":"https:\/\/www.pharmacieonline.lu\/de\/wp-json\/wp\/v2\/product_cat?post=32963"},{"taxonomy":"product_tag","embeddable":true,"href":"https:\/\/www.pharmacieonline.lu\/de\/wp-json\/wp\/v2\/product_tag?post=32963"}],"curies":[{"name":"wp","href":"https:\/\/api.w.org\/{rel}","templated":true}]}}