{"id":32966,"date":"2023-02-16T15:22:05","date_gmt":"2023-02-16T14:22:05","guid":{"rendered":"https:\/\/www.pharmacieonline.lu\/?post_type=product&#038;p=32966"},"modified":"2026-04-12T22:25:18","modified_gmt":"2026-04-12T20:25:18","slug":"physiomance-crp-modul-60-cpr","status":"publish","type":"product","link":"https:\/\/www.pharmacieonline.lu\/de\/produit\/physiomance-crp-modul-60-cpr\/","title":{"rendered":"PHYSIOMANCE CRP MODUL 60 CPR"},"content":{"rendered":"<p>St\u00e4rken Sie die entz\u00fcndungshemmende Abwehr Ihres K\u00f6rpers<\/p>\n<p>Formel entwickelt von Pr Anne-Marie Roussel* auf der Grundlage der neuesten Fortschritte in der Physioern\u00e4hrung;<br \/>\nSynergistische Kombination aus 5 Bio-Wirkstoffen (Laminaria japonica, Ingwer, Boswellia serrata, Trans-Resveratrol und Quercetin) und einem Mikron\u00e4hrstoffkomplex;<br \/>\nPatentiertes Lynside\u00ae Forte Se+ Selen in Selenomethionin-Form f\u00fcr optimale Bioverf\u00fcgbarkeit;<br \/>\nOptimale Bioverf\u00fcgbarkeit: Zink in Bisglycinat-Form.<br \/>\nTrans-Resveratrol, aktive Form von Resveratrol, aus nat\u00fcrlicher Fermentation gewonnen, zu 98 % gereinigt, allergen- und pestizidfrei;<br \/>\nClean-Label THERASCIENCE;<br \/>\nHigh Quality Process\u00ae.<\/p>\n<p>*Lehrer. Anne-Marie Roussel, emeritierte Professorin f\u00fcr Ern\u00e4hrungsbiochemie, Fakult\u00e4t f\u00fcr Pharmazie \u2013 Universit\u00e4t Grenoble Alpes<\/p>\n<p>Beschreibung<br \/>\nPHYSIOMANCE CRP MODUL bietet f\u00fcr 2 Tabletten:<\/p>\n<p>65 mg Boswellias\u00e4ure, extrahiert aus Boswellia serrata, die hilft, die Gelenke entspannt und angenehm zu halten. Boswellin k\u00f6nnte eine positive Rolle im Bewegungsapparat, in den Knochen und in den Gelenken spielen;<br \/>\n250 mg Ingwerextrakt titriert auf 12,5 mg Gingerol. Ingwer hilft, die Entz\u00fcndungsreaktion zu bew\u00e4ltigen und die Beweglichkeit der Gelenke aufrechtzuerhalten sowie Morgensteifigkeit abzuwehren;<br \/>\n100 % AR* in Zink in Bisglycinatform und 100 % AR* in Selen patentiertes Lynside\u00ae Forte Se+, die zum Schutz der Zellen vor oxidativem Stress und zur normalen Funktion des Immunsystems beitragen;<br \/>\n300 mg Fucoidane, extrahiert aus Laminaria japonica, 200 mg Quercetin, 100 mg aktives Trans-Resveratrol.<\/p>\n<p>*AR: Referenzbeitr\u00e4ge<\/p>\n<p>Nutzungstipps<br \/>\n1 Tablette morgens und 1 Tablette abends f\u00fcr mindestens 2 Monate. Bei Bedarf zu erneuern.<\/p>\n<p>Vorsichtsma\u00dfnahmen f\u00fcr die Verwendung:<br \/>\nReserviert f\u00fcr Erwachsene. Nicht f\u00fcr schwangere Frauen geeignet. Personen, die Medikamente einnehmen, sollten das Produkt nur unter \u00e4rztlicher Aufsicht verwenden.<\/p>\n<p>Nahrungserg\u00e4nzungsmittel sollten im Rahmen einer gesunden Lebensweise verwendet werden und nicht als Ersatz f\u00fcr eine abwechslungsreiche und ausgewogene Ern\u00e4hrung verwendet werden. \u00dcberschreiten Sie nicht die empfohlene Tagesdosis. Bewahren Sie das Produkt au\u00dferhalb der Reichweite von kleinen Kindern auf. Bei Kombination mehrerer Nahrungserg\u00e4nzungsmittel fragen Sie Ihren Arzt um Rat.<\/p>","protected":false},"excerpt":{"rendered":"<p>St\u00e4rken Sie die entz\u00fcndungshemmende Abwehr Ihres K\u00f6rpers Formel entwickelt von Pr Anne-Marie Roussel* auf der Grundlage der neuesten Fortschritte in der Physioern\u00e4hrung; Synergistische Kombination aus 5 Bio-Wirkstoffen (Laminaria japonica, Ingwer, Boswellia serrata, Trans-Resveratrol und Quercetin) und einem Mikron\u00e4hrstoffkomplex; Patentiertes Lynside\u00ae Forte Se+ Selen in Selenomethionin-Form f\u00fcr optimale Bioverf\u00fcgbarkeit; Optimale Bioverf\u00fcgbarkeit: Zink in Bisglycinat-Form. Trans-Resveratrol, aktive [&hellip;]<\/p>\n","protected":false},"featured_media":32967,"template":"","meta":{"_acf_changed":false,"footnotes":""},"product_brand":[],"product_cat":[42,951,953,948],"product_tag":[],"class_list":{"0":"post-32966","1":"product","2":"type-product","3":"status-publish","4":"has-post-thumbnail","6":"product_cat-para-pharmacie","7":"product_cat-physiomance","8":"product_cat-complements-alimentaires","9":"product_cat-therascience-physionutrition","11":"first","12":"instock","13":"taxable","14":"shipping-taxable","15":"purchasable","16":"product-type-simple"},"acf":[],"_links":{"self":[{"href":"https:\/\/www.pharmacieonline.lu\/de\/wp-json\/wp\/v2\/product\/32966","targetHints":{"allow":["GET"]}}],"collection":[{"href":"https:\/\/www.pharmacieonline.lu\/de\/wp-json\/wp\/v2\/product"}],"about":[{"href":"https:\/\/www.pharmacieonline.lu\/de\/wp-json\/wp\/v2\/types\/product"}],"version-history":[{"count":0,"href":"https:\/\/www.pharmacieonline.lu\/de\/wp-json\/wp\/v2\/product\/32966\/revisions"}],"wp:featuredmedia":[{"embeddable":true,"href":"https:\/\/www.pharmacieonline.lu\/de\/wp-json\/wp\/v2\/media\/32967"}],"wp:attachment":[{"href":"https:\/\/www.pharmacieonline.lu\/de\/wp-json\/wp\/v2\/media?parent=32966"}],"wp:term":[{"taxonomy":"product_brand","embeddable":true,"href":"https:\/\/www.pharmacieonline.lu\/de\/wp-json\/wp\/v2\/product_brand?post=32966"},{"taxonomy":"product_cat","embeddable":true,"href":"https:\/\/www.pharmacieonline.lu\/de\/wp-json\/wp\/v2\/product_cat?post=32966"},{"taxonomy":"product_tag","embeddable":true,"href":"https:\/\/www.pharmacieonline.lu\/de\/wp-json\/wp\/v2\/product_tag?post=32966"}],"curies":[{"name":"wp","href":"https:\/\/api.w.org\/{rel}","templated":true}]}}