{"id":33018,"date":"2023-02-16T15:50:57","date_gmt":"2023-02-16T14:50:57","guid":{"rendered":"https:\/\/www.pharmacieonline.lu\/?post_type=product&#038;p=33018"},"modified":"2026-04-12T18:25:43","modified_gmt":"2026-04-12T16:25:43","slug":"physiomance-he-60-caps-2","status":"publish","type":"product","link":"https:\/\/www.pharmacieonline.lu\/de\/produit\/physiomance-he-60-caps-2\/","title":{"rendered":"PHYSIOMANCE HE 60 CAPS"},"content":{"rendered":"<p>Der Verb\u00fcndete Ihrer nat\u00fcrlichen Abwehrkr\u00e4fte<\/p>\n<p>Exklusive Formel, entwickelt von Dr. Vincent Renaud*;<br \/>\nSynergistische Kombination aus 3 \u00e4therischen \u00d6len: Ceylon-Zimt, kompakter Oregano und Linalool-Thymian f\u00fcr verbesserte Wirkung, breites Wirkungsspektrum in absoluter Sicherheit;<br \/>\n\u00c4therische \u00d6le aus kontrolliert biologischem Anbau;<br \/>\nHigh Quality Process\u00ae;<br \/>\nClean-Label THERASCIENCE;<br \/>\nMagensaftresistente Kapseln f\u00fcr eine optimale Assimilation.<\/p>\n<p>*Doktor der Medizin, Absolvent der Fakult\u00e4t von Paris<\/p>\n<p>Beschreibung<br \/>\nPHYSIOMANCE HE bringt f\u00fcr 3 Kapseln 450 mg \u00e4therische \u00d6le:<\/p>\n<p>150 mg \u00e4therisches \u00d6l aus Ceylon-Zimt;<br \/>\n150 mg \u00e4therisches \u00d6l aus kompaktem Oregano;<br \/>\n150 mg \u00e4therisches Linalool-Thymian\u00f6l.<br \/>\nNutzungstipps<\/p>\n<p>1 bis 3 Kapseln pro Tag am Ende einer Mahlzeit f\u00fcr eine 14-t\u00e4gige Anwendung.<\/p>\n<p>Vorsichtsma\u00dfnahmen f\u00fcr die Verwendung:<br \/>\nNicht empfohlen f\u00fcr schwangere oder stillende Frauen und Kinder. Nicht l\u00e4nger als 14 Tage verwenden.<\/p>\n<p>Nahrungserg\u00e4nzungsmittel sollten im Rahmen einer gesunden Lebensweise verwendet werden und nicht als Ersatz f\u00fcr eine abwechslungsreiche und ausgewogene Ern\u00e4hrung verwendet werden. \u00dcberschreiten Sie nicht die empfohlene Tagesdosis. Bewahren Sie das Produkt au\u00dferhalb der Reichweite von kleinen Kindern auf. Bei Kombination mehrerer Nahrungserg\u00e4nzungsmittel fragen Sie Ihren Arzt um Rat.<\/p>","protected":false},"excerpt":{"rendered":"<p>Der Verb\u00fcndete Ihrer nat\u00fcrlichen Abwehrkr\u00e4fte Exklusive Formel, entwickelt von Dr. Vincent Renaud*; Synergistische Kombination aus 3 \u00e4therischen \u00d6len: Ceylon-Zimt, kompakter Oregano und Linalool-Thymian f\u00fcr verbesserte Wirkung, breites Wirkungsspektrum in absoluter Sicherheit; \u00c4therische \u00d6le aus kontrolliert biologischem Anbau; High Quality Process\u00ae; Clean-Label THERASCIENCE; Magensaftresistente Kapseln f\u00fcr eine optimale Assimilation. *Doktor der Medizin, Absolvent der Fakult\u00e4t von [&hellip;]<\/p>\n","protected":false},"featured_media":33019,"template":"","meta":{"_acf_changed":false,"footnotes":""},"product_brand":[],"product_cat":[42,951,953,948],"product_tag":[],"class_list":{"0":"post-33018","1":"product","2":"type-product","3":"status-publish","4":"has-post-thumbnail","6":"product_cat-para-pharmacie","7":"product_cat-physiomance","8":"product_cat-complements-alimentaires","9":"product_cat-therascience-physionutrition","11":"first","12":"instock","13":"taxable","14":"shipping-taxable","15":"purchasable","16":"product-type-simple"},"acf":[],"_links":{"self":[{"href":"https:\/\/www.pharmacieonline.lu\/de\/wp-json\/wp\/v2\/product\/33018","targetHints":{"allow":["GET"]}}],"collection":[{"href":"https:\/\/www.pharmacieonline.lu\/de\/wp-json\/wp\/v2\/product"}],"about":[{"href":"https:\/\/www.pharmacieonline.lu\/de\/wp-json\/wp\/v2\/types\/product"}],"version-history":[{"count":0,"href":"https:\/\/www.pharmacieonline.lu\/de\/wp-json\/wp\/v2\/product\/33018\/revisions"}],"wp:featuredmedia":[{"embeddable":true,"href":"https:\/\/www.pharmacieonline.lu\/de\/wp-json\/wp\/v2\/media\/33019"}],"wp:attachment":[{"href":"https:\/\/www.pharmacieonline.lu\/de\/wp-json\/wp\/v2\/media?parent=33018"}],"wp:term":[{"taxonomy":"product_brand","embeddable":true,"href":"https:\/\/www.pharmacieonline.lu\/de\/wp-json\/wp\/v2\/product_brand?post=33018"},{"taxonomy":"product_cat","embeddable":true,"href":"https:\/\/www.pharmacieonline.lu\/de\/wp-json\/wp\/v2\/product_cat?post=33018"},{"taxonomy":"product_tag","embeddable":true,"href":"https:\/\/www.pharmacieonline.lu\/de\/wp-json\/wp\/v2\/product_tag?post=33018"}],"curies":[{"name":"wp","href":"https:\/\/api.w.org\/{rel}","templated":true}]}}