{"id":33021,"date":"2023-02-16T15:56:36","date_gmt":"2023-02-16T14:56:36","guid":{"rendered":"https:\/\/www.pharmacieonline.lu\/?post_type=product&#038;p=33021"},"modified":"2026-04-10T04:25:59","modified_gmt":"2026-04-10T02:25:59","slug":"physiomance-lactoferrine-60-caps","status":"publish","type":"product","link":"https:\/\/www.pharmacieonline.lu\/de\/produit\/physiomance-lactoferrine-60-caps\/","title":{"rendered":"PHYSIOMANCE LACTOFERRINE 60 CAPS"},"content":{"rendered":"<p>Das Protein mit vielen Tugenden<\/p>\n<p>Konzentrierte Formel: 500 mg Lactoferrin f\u00fcr 2 Kapseln;<br \/>\nPatentiertes Proferrin\u00ae Lactoferrin, das hochwertiges Lactoferrin mit optimaler Bioverf\u00fcgbarkeit gew\u00e4hrleistet;<br \/>\nOptimale Bioverf\u00fcgbarkeit: Lactoferrin ohne bakterielles LPS (Lipopolysaccharide);<br \/>\nLactoferrin aus nat\u00fcrlicher Fermentation, zu 96 % gereinigt, garantiert aus hochwertiger frischer franz\u00f6sischer Milch ohne Denaturierung;<br \/>\nClean-Label THERASCIENCE;<br \/>\n100% pflanzliche Kapseln.<\/p>\n<p>Beschreibung<br \/>\nPHYSIOMANCE LACTOFERRINE liefert f\u00fcr 2 Kapseln 500 mg Lactoferrin aus 100% franz\u00f6sischer Frischmilch von h\u00f6chster Qualit\u00e4t, ohne Denaturierung und ohne Zusatzstoffe.<\/p>\n<p>Nutzungstipps<br \/>\n2 Kapseln pro Tag, f\u00fcr mindestens 1 Monat. Bei Bedarf zu erneuern.<\/p>\n<p>Vorsichtsma\u00dfnahmen f\u00fcr die Verwendung:<br \/>\nNahrungserg\u00e4nzungsmittel sollten im Rahmen einer gesunden Lebensweise verwendet werden und nicht als Ersatz f\u00fcr eine abwechslungsreiche und ausgewogene Ern\u00e4hrung verwendet werden. \u00dcberschreiten Sie nicht die empfohlene Tagesdosis. Bewahren Sie das Produkt au\u00dferhalb der Reichweite von kleinen Kindern auf. Bei Kombination mehrerer Nahrungserg\u00e4nzungsmittel fragen Sie Ihren Arzt um Rat.<\/p>","protected":false},"excerpt":{"rendered":"<p>Das Protein mit vielen Tugenden Konzentrierte Formel: 500 mg Lactoferrin f\u00fcr 2 Kapseln; Patentiertes Proferrin\u00ae Lactoferrin, das hochwertiges Lactoferrin mit optimaler Bioverf\u00fcgbarkeit gew\u00e4hrleistet; Optimale Bioverf\u00fcgbarkeit: Lactoferrin ohne bakterielles LPS (Lipopolysaccharide); Lactoferrin aus nat\u00fcrlicher Fermentation, zu 96 % gereinigt, garantiert aus hochwertiger frischer franz\u00f6sischer Milch ohne Denaturierung; Clean-Label THERASCIENCE; 100% pflanzliche Kapseln. Beschreibung PHYSIOMANCE LACTOFERRINE liefert [&hellip;]<\/p>\n","protected":false},"featured_media":33023,"template":"","meta":{"_acf_changed":false,"footnotes":""},"product_brand":[],"product_cat":[42,951,953,948],"product_tag":[],"class_list":{"0":"post-33021","1":"product","2":"type-product","3":"status-publish","4":"has-post-thumbnail","6":"product_cat-para-pharmacie","7":"product_cat-physiomance","8":"product_cat-complements-alimentaires","9":"product_cat-therascience-physionutrition","11":"first","12":"instock","13":"taxable","14":"shipping-taxable","15":"purchasable","16":"product-type-simple"},"acf":[],"_links":{"self":[{"href":"https:\/\/www.pharmacieonline.lu\/de\/wp-json\/wp\/v2\/product\/33021","targetHints":{"allow":["GET"]}}],"collection":[{"href":"https:\/\/www.pharmacieonline.lu\/de\/wp-json\/wp\/v2\/product"}],"about":[{"href":"https:\/\/www.pharmacieonline.lu\/de\/wp-json\/wp\/v2\/types\/product"}],"version-history":[{"count":0,"href":"https:\/\/www.pharmacieonline.lu\/de\/wp-json\/wp\/v2\/product\/33021\/revisions"}],"wp:featuredmedia":[{"embeddable":true,"href":"https:\/\/www.pharmacieonline.lu\/de\/wp-json\/wp\/v2\/media\/33023"}],"wp:attachment":[{"href":"https:\/\/www.pharmacieonline.lu\/de\/wp-json\/wp\/v2\/media?parent=33021"}],"wp:term":[{"taxonomy":"product_brand","embeddable":true,"href":"https:\/\/www.pharmacieonline.lu\/de\/wp-json\/wp\/v2\/product_brand?post=33021"},{"taxonomy":"product_cat","embeddable":true,"href":"https:\/\/www.pharmacieonline.lu\/de\/wp-json\/wp\/v2\/product_cat?post=33021"},{"taxonomy":"product_tag","embeddable":true,"href":"https:\/\/www.pharmacieonline.lu\/de\/wp-json\/wp\/v2\/product_tag?post=33021"}],"curies":[{"name":"wp","href":"https:\/\/api.w.org\/{rel}","templated":true}]}}