{"id":33025,"date":"2023-02-16T15:59:23","date_gmt":"2023-02-16T14:59:23","guid":{"rendered":"https:\/\/www.pharmacieonline.lu\/?post_type=product&#038;p=33025"},"modified":"2026-04-10T04:25:39","modified_gmt":"2026-04-10T02:25:39","slug":"physiomance-mucus-60-cpr","status":"publish","type":"product","link":"https:\/\/www.pharmacieonline.lu\/de\/produit\/physiomance-mucus-60-cpr\/","title":{"rendered":"PHYSIOMANCE MUCUS 60 CPR"},"content":{"rendered":"<p>Moduliere deinen Schleim<\/p>\n<p>Formel entwickelt von Dr. Vincent Renaud*;<br \/>\nSynergistische Kombination aus 3 Bio-Wirkstoffen (Aloe Vera, Marshmallow und 2&#8242;-Fucosyllactose) und 2 Aminos\u00e4uren (L-Serin und L-Threonin);<br \/>\nCare4U\u00ae: patentierte 2&#8242;-Fucosyllactose aus nat\u00fcrlicher Fermentation und zu 98 % gereinigt, was eine sehr hohe Qualit\u00e4t garantiert;<br \/>\nMarshmallow-Extrakt f\u00f6rdert die Verdauung, den Magen-Darm-Komfort und unterst\u00fctzt den Transit;<br \/>\nHigh Quality Process\u00ae;<br \/>\nClean-Label THERASCIENCE;<br \/>\n100% pflanzliche Kapseln.<\/p>\n<p>*Doktor der Medizin, Absolvent der Fakult\u00e4t von Paris<\/p>\n<p>Beschreibung<br \/>\nPHYSIOMANCE MUCUS bietet f\u00fcr 2 Kapseln:<\/p>\n<p>200 mg Marshmallow-Extrakt, der die Verdauung f\u00f6rdert, den Magen-Darm-Trakt f\u00f6rdert und die Darmpassage unterst\u00fctzt;<br \/>\n250 mg Care4U\u00ae patentierte 2&#8242;-Fucosyllactose, ein fucosylierter Zucker, der durch nat\u00fcrliche Fermentation gewonnen und zu 98 % gereinigt wird, wodurch seine sehr hohe Qualit\u00e4t garantiert wird. 2&#8242;-Fucosyllactose ist ein Zucker (Oligosaccharid), der auf nat\u00fcrliche Weise in unserem K\u00f6rper durch ein Enzym (Fucosyl-Transferase 2 oder FUT-2) produziert wird. Es ist in unserem Darm reichlich vorhanden. Manche Menschen haben einen Mangel an diesem Enzym und k\u00f6nnen 2&#8242;-Fucosyllactose nicht sezernieren;<br \/>\n50 mg L-Serin und 100 mg L-Threonin, 2 Aminos\u00e4uren, aus denen Muzin besteht; \u2022 60 mg Aloe-Vera-Extrakt, der die Formel vervollst\u00e4ndigt.<\/p>\n<p>Nutzungstipps<br \/>\n1 Kapsel morgens auf n\u00fcchternen Magen und 1 Kapsel vor dem Schlafengehen, au\u00dferhalb der Mahlzeiten oder wie von Ihrem Arzt empfohlen.<\/p>\n<p>Vorsichtsma\u00dfnahmen f\u00fcr die Verwendung:<br \/>\nNicht verzehren, wenn am selben Tag andere Lebensmittel mit zugesetzter 2\u2032-Fucosyllactose verzehrt werden. Nicht an Kinder unter 12 Jahren verabreichen. Fragen Sie Ihren Arzt, wenn Sie schwanger sind oder stillen. Keine l\u00e4ngere Anwendung ohne fachkundigen Rat.<\/p>\n<p>Nahrungserg\u00e4nzungsmittel sollten im Rahmen einer gesunden Lebensweise verwendet werden und nicht als Ersatz f\u00fcr eine abwechslungsreiche und ausgewogene Ern\u00e4hrung verwendet werden. \u00dcberschreiten Sie nicht die empfohlene Tagesdosis. Bewahren Sie das Produkt au\u00dferhalb der Reichweite von kleinen Kindern auf.Wenn Sie mehrere Nahrungserg\u00e4nzungsmittel kombinieren, fragen Sie Ihren Arzt um Rat.<\/p>","protected":false},"excerpt":{"rendered":"<p>Moduliere deinen Schleim Formel entwickelt von Dr. Vincent Renaud*; Synergistische Kombination aus 3 Bio-Wirkstoffen (Aloe Vera, Marshmallow und 2&#8242;-Fucosyllactose) und 2 Aminos\u00e4uren (L-Serin und L-Threonin); Care4U\u00ae: patentierte 2&#8242;-Fucosyllactose aus nat\u00fcrlicher Fermentation und zu 98 % gereinigt, was eine sehr hohe Qualit\u00e4t garantiert; Marshmallow-Extrakt f\u00f6rdert die Verdauung, den Magen-Darm-Komfort und unterst\u00fctzt den Transit; High Quality Process\u00ae; [&hellip;]<\/p>\n","protected":false},"featured_media":33026,"template":"","meta":{"_acf_changed":false,"footnotes":""},"product_brand":[],"product_cat":[42,951,953,948,782],"product_tag":[],"class_list":{"0":"post-33025","1":"product","2":"type-product","3":"status-publish","4":"has-post-thumbnail","6":"product_cat-para-pharmacie","7":"product_cat-physiomance","8":"product_cat-complements-alimentaires","9":"product_cat-therascience-physionutrition","10":"product_cat-vegan","12":"first","13":"instock","14":"taxable","15":"shipping-taxable","16":"purchasable","17":"product-type-simple"},"acf":[],"_links":{"self":[{"href":"https:\/\/www.pharmacieonline.lu\/de\/wp-json\/wp\/v2\/product\/33025","targetHints":{"allow":["GET"]}}],"collection":[{"href":"https:\/\/www.pharmacieonline.lu\/de\/wp-json\/wp\/v2\/product"}],"about":[{"href":"https:\/\/www.pharmacieonline.lu\/de\/wp-json\/wp\/v2\/types\/product"}],"version-history":[{"count":0,"href":"https:\/\/www.pharmacieonline.lu\/de\/wp-json\/wp\/v2\/product\/33025\/revisions"}],"wp:featuredmedia":[{"embeddable":true,"href":"https:\/\/www.pharmacieonline.lu\/de\/wp-json\/wp\/v2\/media\/33026"}],"wp:attachment":[{"href":"https:\/\/www.pharmacieonline.lu\/de\/wp-json\/wp\/v2\/media?parent=33025"}],"wp:term":[{"taxonomy":"product_brand","embeddable":true,"href":"https:\/\/www.pharmacieonline.lu\/de\/wp-json\/wp\/v2\/product_brand?post=33025"},{"taxonomy":"product_cat","embeddable":true,"href":"https:\/\/www.pharmacieonline.lu\/de\/wp-json\/wp\/v2\/product_cat?post=33025"},{"taxonomy":"product_tag","embeddable":true,"href":"https:\/\/www.pharmacieonline.lu\/de\/wp-json\/wp\/v2\/product_tag?post=33025"}],"curies":[{"name":"wp","href":"https:\/\/api.w.org\/{rel}","templated":true}]}}