{"id":33048,"date":"2023-02-17T11:28:24","date_gmt":"2023-02-17T10:28:24","guid":{"rendered":"https:\/\/www.pharmacieonline.lu\/?post_type=product&#038;p=33048"},"modified":"2026-04-08T20:25:17","modified_gmt":"2026-04-08T18:25:17","slug":"physiomance-quercetine-90caps","status":"publish","type":"product","link":"https:\/\/www.pharmacieonline.lu\/de\/produit\/physiomance-quercetine-90caps\/","title":{"rendered":"PHYSIOMANCE QUERCETINE 90CAPS"},"content":{"rendered":"<p>Das aktivste der Flavonoide<\/p>\n<p>Hochkonzentrierte Formel: 200 mg Quercetin pro Kapsel;<br \/>\nHigh Quality Process\u00ae;<br \/>\nClean-Label THERASCIENCE;<br \/>\n100 % nat\u00fcrliche Kapseln.<\/p>\n<p>Beschreibung<br \/>\nPHYSIOMANCE QUERCETIN liefert f\u00fcr 1 Kapsel:<\/p>\n<p>200 mg Quercetin aus Sophora japonica;<br \/>\n25 % der AR* in Vitamin C, das zu einer normalen Funktion des Immunsystems, zu einem normalen Energiestoffwechsel und zur Verringerung von M\u00fcdigkeit beitr\u00e4gt.<\/p>\n<p>*AR: Referenzbeitr\u00e4ge<\/p>\n<p>Nutzungstipps<br \/>\n1 Kapsel pro Tag, f\u00fcr 3 Monate. Bei Bedarf zu erneuern.<\/p>\n<p>Vorsichtsma\u00dfnahmen f\u00fcr die Verwendung:<br \/>\nNahrungserg\u00e4nzungsmittel sollten im Rahmen einer gesunden Lebensweise verwendet werden und nicht als Ersatz f\u00fcr eine abwechslungsreiche und ausgewogene Ern\u00e4hrung verwendet werden. \u00dcberschreiten Sie nicht die empfohlene Tagesdosis. Bewahren Sie das Produkt au\u00dferhalb der Reichweite von kleinen Kindern auf.<br \/>\nBei Kombination mehrerer Nahrungserg\u00e4nzungsmittel fragen Sie Ihren Arzt um Rat.<\/p>","protected":false},"excerpt":{"rendered":"<p>Das aktivste der Flavonoide Hochkonzentrierte Formel: 200 mg Quercetin pro Kapsel; High Quality Process\u00ae; Clean-Label THERASCIENCE; 100 % nat\u00fcrliche Kapseln. Beschreibung PHYSIOMANCE QUERCETIN liefert f\u00fcr 1 Kapsel: 200 mg Quercetin aus Sophora japonica; 25 % der AR* in Vitamin C, das zu einer normalen Funktion des Immunsystems, zu einem normalen Energiestoffwechsel und zur Verringerung von [&hellip;]<\/p>\n","protected":false},"featured_media":33049,"template":"","meta":{"_acf_changed":false,"footnotes":""},"product_brand":[],"product_cat":[42,951,953,948,782],"product_tag":[],"class_list":{"0":"post-33048","1":"product","2":"type-product","3":"status-publish","4":"has-post-thumbnail","6":"product_cat-para-pharmacie","7":"product_cat-physiomance","8":"product_cat-complements-alimentaires","9":"product_cat-therascience-physionutrition","10":"product_cat-vegan","12":"first","13":"instock","14":"taxable","15":"shipping-taxable","16":"purchasable","17":"product-type-simple"},"acf":[],"_links":{"self":[{"href":"https:\/\/www.pharmacieonline.lu\/de\/wp-json\/wp\/v2\/product\/33048","targetHints":{"allow":["GET"]}}],"collection":[{"href":"https:\/\/www.pharmacieonline.lu\/de\/wp-json\/wp\/v2\/product"}],"about":[{"href":"https:\/\/www.pharmacieonline.lu\/de\/wp-json\/wp\/v2\/types\/product"}],"version-history":[{"count":0,"href":"https:\/\/www.pharmacieonline.lu\/de\/wp-json\/wp\/v2\/product\/33048\/revisions"}],"wp:featuredmedia":[{"embeddable":true,"href":"https:\/\/www.pharmacieonline.lu\/de\/wp-json\/wp\/v2\/media\/33049"}],"wp:attachment":[{"href":"https:\/\/www.pharmacieonline.lu\/de\/wp-json\/wp\/v2\/media?parent=33048"}],"wp:term":[{"taxonomy":"product_brand","embeddable":true,"href":"https:\/\/www.pharmacieonline.lu\/de\/wp-json\/wp\/v2\/product_brand?post=33048"},{"taxonomy":"product_cat","embeddable":true,"href":"https:\/\/www.pharmacieonline.lu\/de\/wp-json\/wp\/v2\/product_cat?post=33048"},{"taxonomy":"product_tag","embeddable":true,"href":"https:\/\/www.pharmacieonline.lu\/de\/wp-json\/wp\/v2\/product_tag?post=33048"}],"curies":[{"name":"wp","href":"https:\/\/api.w.org\/{rel}","templated":true}]}}