{"id":33060,"date":"2023-02-17T11:42:44","date_gmt":"2023-02-17T10:42:44","guid":{"rendered":"https:\/\/www.pharmacieonline.lu\/?post_type=product&#038;p=33060"},"modified":"2026-04-11T14:25:25","modified_gmt":"2026-04-11T12:25:25","slug":"physiomance-taurine-90-caps","status":"publish","type":"product","link":"https:\/\/www.pharmacieonline.lu\/de\/produit\/physiomance-taurine-90-caps\/","title":{"rendered":"PHYSIOMANCE TAURINE 90 CAPS"},"content":{"rendered":"<p>Um von den Eigenschaften von Taurin zu profitieren<\/p>\n<p>500 mg L-Taurin pro Kapsel;<br \/>\nL-Taurin nicht tierischen Ursprungs;<br \/>\nClean-Label THERASCIENCE;<br \/>\n100 % pflanzliche Kapseln.<\/p>\n<p>Beschreibung<br \/>\nPHYSIOMANCE TAURINE liefert f\u00fcr 3 Kapseln: 1,5 g L-Taurin, eine optimale Zufuhr.<\/p>\n<p>Nutzungstipps<br \/>\n1 Kapsel 3 mal t\u00e4glich vor den Mahlzeiten, f\u00fcr mindestens 1 Monat. Bei Bedarf zu erneuern.<\/p>\n<p>Vorsichtsma\u00dfnahmen f\u00fcr die Verwendung:<br \/>\nNahrungserg\u00e4nzungsmittel sollten im Rahmen einer gesunden Lebensweise verwendet werden und nicht als Ersatz f\u00fcr eine abwechslungsreiche und ausgewogene Ern\u00e4hrung verwendet werden. \u00dcberschreiten Sie nicht die empfohlene Tagesdosis. Bewahren Sie das Produkt au\u00dferhalb der Reichweite von kleinen Kindern auf. Bei Kombination mehrerer Nahrungserg\u00e4nzungsmittel fragen Sie Ihren Arzt um Rat.<\/p>","protected":false},"excerpt":{"rendered":"<p>Um von den Eigenschaften von Taurin zu profitieren 500 mg L-Taurin pro Kapsel; L-Taurin nicht tierischen Ursprungs; Clean-Label THERASCIENCE; 100 % pflanzliche Kapseln. Beschreibung PHYSIOMANCE TAURINE liefert f\u00fcr 3 Kapseln: 1,5 g L-Taurin, eine optimale Zufuhr. Nutzungstipps 1 Kapsel 3 mal t\u00e4glich vor den Mahlzeiten, f\u00fcr mindestens 1 Monat. Bei Bedarf zu erneuern. Vorsichtsma\u00dfnahmen f\u00fcr [&hellip;]<\/p>\n","protected":false},"featured_media":33061,"template":"","meta":{"_acf_changed":false,"footnotes":""},"product_brand":[],"product_cat":[42,951,948],"product_tag":[],"class_list":{"0":"post-33060","1":"product","2":"type-product","3":"status-publish","4":"has-post-thumbnail","6":"product_cat-para-pharmacie","7":"product_cat-physiomance","8":"product_cat-therascience-physionutrition","10":"first","11":"instock","12":"taxable","13":"shipping-taxable","14":"purchasable","15":"product-type-simple"},"acf":[],"_links":{"self":[{"href":"https:\/\/www.pharmacieonline.lu\/de\/wp-json\/wp\/v2\/product\/33060","targetHints":{"allow":["GET"]}}],"collection":[{"href":"https:\/\/www.pharmacieonline.lu\/de\/wp-json\/wp\/v2\/product"}],"about":[{"href":"https:\/\/www.pharmacieonline.lu\/de\/wp-json\/wp\/v2\/types\/product"}],"version-history":[{"count":0,"href":"https:\/\/www.pharmacieonline.lu\/de\/wp-json\/wp\/v2\/product\/33060\/revisions"}],"wp:featuredmedia":[{"embeddable":true,"href":"https:\/\/www.pharmacieonline.lu\/de\/wp-json\/wp\/v2\/media\/33061"}],"wp:attachment":[{"href":"https:\/\/www.pharmacieonline.lu\/de\/wp-json\/wp\/v2\/media?parent=33060"}],"wp:term":[{"taxonomy":"product_brand","embeddable":true,"href":"https:\/\/www.pharmacieonline.lu\/de\/wp-json\/wp\/v2\/product_brand?post=33060"},{"taxonomy":"product_cat","embeddable":true,"href":"https:\/\/www.pharmacieonline.lu\/de\/wp-json\/wp\/v2\/product_cat?post=33060"},{"taxonomy":"product_tag","embeddable":true,"href":"https:\/\/www.pharmacieonline.lu\/de\/wp-json\/wp\/v2\/product_tag?post=33060"}],"curies":[{"name":"wp","href":"https:\/\/api.w.org\/{rel}","templated":true}]}}