{"id":33128,"date":"2023-02-20T14:57:18","date_gmt":"2023-02-20T13:57:18","guid":{"rendered":"https:\/\/www.pharmacieonline.lu\/?post_type=product&#038;p=33128"},"modified":"2026-04-08T15:55:20","modified_gmt":"2026-04-08T13:55:20","slug":"aponorm-bmg-mobil-basis","status":"publish","type":"product","link":"https:\/\/www.pharmacieonline.lu\/de\/produit\/aponorm-bmg-mobil-basis\/","title":{"rendered":"APONORM BMG MOBIL BASIS"},"content":{"rendered":"<p>Ihr aponorm\u00ae by microlife Blutdruckmessger\u00e4t ist ein zuverl\u00e4ssiges medizinisches Ger\u00e4t zur Blutdruckmessung am Handgelenk. Es ist sehr einfach zu bedienen und eignet sich ideal f\u00fcr die genaue \u00dcberwachung der Hausspannung. Dieses Ger\u00e4t wurde mit \u00c4rzten entwickelt und seine hohe Messgenauigkeit klinisch getestet.<\/p>","protected":false},"excerpt":{"rendered":"<p>Ihr aponorm\u00ae by microlife Blutdruckmessger\u00e4t ist ein zuverl\u00e4ssiges medizinisches Ger\u00e4t zur Blutdruckmessung am Handgelenk. Es ist sehr einfach zu bedienen und eignet sich ideal f\u00fcr die genaue \u00dcberwachung der Hausspannung. Dieses Ger\u00e4t wurde mit \u00c4rzten entwickelt und seine hohe Messgenauigkeit klinisch getestet.<\/p>\n","protected":false},"featured_media":33130,"template":"","meta":{"_acf_changed":false,"footnotes":""},"product_brand":[],"product_cat":[45],"product_tag":[],"class_list":{"0":"post-33128","1":"product","2":"type-product","3":"status-publish","4":"has-post-thumbnail","6":"product_cat-materiel-medical","8":"first","9":"instock","10":"taxable","11":"shipping-taxable","12":"purchasable","13":"product-type-simple"},"acf":[],"_links":{"self":[{"href":"https:\/\/www.pharmacieonline.lu\/de\/wp-json\/wp\/v2\/product\/33128","targetHints":{"allow":["GET"]}}],"collection":[{"href":"https:\/\/www.pharmacieonline.lu\/de\/wp-json\/wp\/v2\/product"}],"about":[{"href":"https:\/\/www.pharmacieonline.lu\/de\/wp-json\/wp\/v2\/types\/product"}],"version-history":[{"count":0,"href":"https:\/\/www.pharmacieonline.lu\/de\/wp-json\/wp\/v2\/product\/33128\/revisions"}],"wp:featuredmedia":[{"embeddable":true,"href":"https:\/\/www.pharmacieonline.lu\/de\/wp-json\/wp\/v2\/media\/33130"}],"wp:attachment":[{"href":"https:\/\/www.pharmacieonline.lu\/de\/wp-json\/wp\/v2\/media?parent=33128"}],"wp:term":[{"taxonomy":"product_brand","embeddable":true,"href":"https:\/\/www.pharmacieonline.lu\/de\/wp-json\/wp\/v2\/product_brand?post=33128"},{"taxonomy":"product_cat","embeddable":true,"href":"https:\/\/www.pharmacieonline.lu\/de\/wp-json\/wp\/v2\/product_cat?post=33128"},{"taxonomy":"product_tag","embeddable":true,"href":"https:\/\/www.pharmacieonline.lu\/de\/wp-json\/wp\/v2\/product_tag?post=33128"}],"curies":[{"name":"wp","href":"https:\/\/api.w.org\/{rel}","templated":true}]}}