{"id":33133,"date":"2023-02-20T15:06:11","date_gmt":"2023-02-20T14:06:11","guid":{"rendered":"https:\/\/www.pharmacieonline.lu\/?post_type=product&#038;p=33133"},"modified":"2026-04-08T17:55:27","modified_gmt":"2026-04-08T15:55:27","slug":"aponorm-basis-control","status":"publish","type":"product","link":"https:\/\/www.pharmacieonline.lu\/de\/produit\/aponorm-basis-control\/","title":{"rendered":"APONORM BASIS CONTROL"},"content":{"rendered":"<p>Das aponorm Blutdruckmessger\u00e4t Basis Control ist der Bestseller der deutschen Apotheken\u00ae1, weil es alles bietet, was Sie f\u00fcr eine schnelle und zuverl\u00e4ssige Blutdruckmessung ben\u00f6tigen \u2013 und das zu einem g\u00fcnstigen Preis.<\/p>\n<p>klinisch validiert anhand der weltweit umfassendsten Testprotokolle f\u00fcr Blutdruckmessger\u00e4te (BIHS + Deutsche Hochdruckliga) mit Schl\u00e4fenmanschette in Universalgr\u00f6\u00dfe M-L (22-42 cm, latexfrei)<\/p>\n<p>Extralange 5-Jahres-Garantie2<br \/>\nerkennt Pulsanomalien (IHB-Technologie) geeignet f\u00fcr Risikogruppen (z. B. Diabetiker, Patienten mit Nierenerkrankungen etc.) sowie Schwangere und Kinder ab 12 Jahren Aufzeichnung von bis zu 30 Messwerten Blutdruckmessger\u00e4t mit Datum und Uhrzeit Kontrast-Blutdruckskala und Abschaltautomatik exklusiv kostenloser Zugang zur SaniQ App zur digitalen Dokumentation von Gesundheitsdaten3 optionaler Netzbetrieb m\u00f6glich separates Netzteil erforderlich)<\/p>","protected":false},"excerpt":{"rendered":"<p>Das aponorm Blutdruckmessger\u00e4t Basis Control ist der Bestseller der deutschen Apotheken\u00ae1, weil es alles bietet, was Sie f\u00fcr eine schnelle und zuverl\u00e4ssige Blutdruckmessung ben\u00f6tigen \u2013 und das zu einem g\u00fcnstigen Preis. klinisch validiert anhand der weltweit umfassendsten Testprotokolle f\u00fcr Blutdruckmessger\u00e4te (BIHS + Deutsche Hochdruckliga) mit Schl\u00e4fenmanschette in Universalgr\u00f6\u00dfe M-L (22-42 cm, latexfrei) Extralange 5-Jahres-Garantie2 erkennt [&hellip;]<\/p>\n","protected":false},"featured_media":33134,"template":"","meta":{"_acf_changed":false,"footnotes":""},"product_brand":[],"product_cat":[145,45],"product_tag":[],"class_list":{"0":"post-33133","1":"product","2":"type-product","3":"status-publish","4":"has-post-thumbnail","6":"product_cat-tensiometres","7":"product_cat-materiel-medical","9":"first","10":"instock","11":"taxable","12":"shipping-taxable","13":"purchasable","14":"product-type-simple"},"acf":[],"_links":{"self":[{"href":"https:\/\/www.pharmacieonline.lu\/de\/wp-json\/wp\/v2\/product\/33133","targetHints":{"allow":["GET"]}}],"collection":[{"href":"https:\/\/www.pharmacieonline.lu\/de\/wp-json\/wp\/v2\/product"}],"about":[{"href":"https:\/\/www.pharmacieonline.lu\/de\/wp-json\/wp\/v2\/types\/product"}],"version-history":[{"count":0,"href":"https:\/\/www.pharmacieonline.lu\/de\/wp-json\/wp\/v2\/product\/33133\/revisions"}],"wp:featuredmedia":[{"embeddable":true,"href":"https:\/\/www.pharmacieonline.lu\/de\/wp-json\/wp\/v2\/media\/33134"}],"wp:attachment":[{"href":"https:\/\/www.pharmacieonline.lu\/de\/wp-json\/wp\/v2\/media?parent=33133"}],"wp:term":[{"taxonomy":"product_brand","embeddable":true,"href":"https:\/\/www.pharmacieonline.lu\/de\/wp-json\/wp\/v2\/product_brand?post=33133"},{"taxonomy":"product_cat","embeddable":true,"href":"https:\/\/www.pharmacieonline.lu\/de\/wp-json\/wp\/v2\/product_cat?post=33133"},{"taxonomy":"product_tag","embeddable":true,"href":"https:\/\/www.pharmacieonline.lu\/de\/wp-json\/wp\/v2\/product_tag?post=33133"}],"curies":[{"name":"wp","href":"https:\/\/api.w.org\/{rel}","templated":true}]}}