{"id":33136,"date":"2023-02-20T15:20:35","date_gmt":"2023-02-20T14:20:35","guid":{"rendered":"https:\/\/www.pharmacieonline.lu\/?post_type=product&#038;p=33136"},"modified":"2026-04-16T20:25:27","modified_gmt":"2026-04-16T18:25:27","slug":"aponorm-oberarm-basis-control-plus-4g","status":"publish","type":"product","link":"https:\/\/www.pharmacieonline.lu\/de\/produit\/aponorm-oberarm-basis-control-plus-4g\/","title":{"rendered":"APONORM OBERARM BASIS CONTROL PLUS 4G"},"content":{"rendered":"<p>Das aponorm Basis Control PLUS ist der Spezialist f\u00fcr Dreifachmessung unter den Oberarm-Blutdruckmessger\u00e4ten: Auf Knopfdruck f\u00fchrt das Modell eine automatische Dreifachmessung durch (Einzelmessung optional m\u00f6glich), empfohlen von \u00c4rzten und Berufsgenossenschaften. Aus den Messwerten wird dann ein Mittelwert errechnet, der noch genauer ist als ein Blutdruckwert, der nach einmaliger Messung ermittelt wird.\u00ae1<\/p>\n<p>automatische Dreifachmessung mit Mittelwert (3MAM-Technologie)<br \/>\nklinisch validiert anhand der weltweit umfassendsten Testprotokolle f\u00fcr Blutdruckmessger\u00e4te (BIHS + Deutsche Hochdruckliga) mit Schl\u00e4fenmanschette in Universalgr\u00f6\u00dfe M-L (22-42 cm, latexfrei)<\/p>\n<p>Extralange 5-Jahres-Garantie2<br \/>\nerkennt Pulsanomalien (IHB-Technologie)<br \/>\ngeeignet f\u00fcr Risikogruppen (z. B. Diabetiker, Nierenkranke etc.) sowie Schwangere und Kinder ab 12 Jahren<br \/>\nspeichert bis zu 99 Blutdruckmesswerte f\u00fcr bis zu 2 Personen mit Datum und Uhrzeit<br \/>\nexklusiver und kostenloser Zugang zur SaniQ App zur digitalen Dokumentation von Gesundheitsdaten3<br \/>\nFarbiges Licht f\u00fcr Blutdruck und automatische Abschaltung<br \/>\ngro\u00dfer LCD-Bildschirm<br \/>\nOptionaler Netzteilbetrieb m\u00f6glich (separates Netzteil erforderlich)<\/p>","protected":false},"excerpt":{"rendered":"<p>Das aponorm Basis Control PLUS ist der Spezialist f\u00fcr Dreifachmessung unter den Oberarm-Blutdruckmessger\u00e4ten: Auf Knopfdruck f\u00fchrt das Modell eine automatische Dreifachmessung durch (Einzelmessung optional m\u00f6glich), empfohlen von \u00c4rzten und Berufsgenossenschaften. Aus den Messwerten wird dann ein Mittelwert errechnet, der noch genauer ist als ein Blutdruckwert, der nach einmaliger Messung ermittelt wird.\u00ae1 automatische Dreifachmessung mit Mittelwert [&hellip;]<\/p>\n","protected":false},"featured_media":33138,"template":"","meta":{"_acf_changed":false,"footnotes":""},"product_brand":[],"product_cat":[145,45],"product_tag":[],"class_list":{"0":"post-33136","1":"product","2":"type-product","3":"status-publish","4":"has-post-thumbnail","6":"product_cat-tensiometres","7":"product_cat-materiel-medical","9":"first","10":"instock","11":"taxable","12":"shipping-taxable","13":"purchasable","14":"product-type-simple"},"acf":[],"_links":{"self":[{"href":"https:\/\/www.pharmacieonline.lu\/de\/wp-json\/wp\/v2\/product\/33136","targetHints":{"allow":["GET"]}}],"collection":[{"href":"https:\/\/www.pharmacieonline.lu\/de\/wp-json\/wp\/v2\/product"}],"about":[{"href":"https:\/\/www.pharmacieonline.lu\/de\/wp-json\/wp\/v2\/types\/product"}],"version-history":[{"count":0,"href":"https:\/\/www.pharmacieonline.lu\/de\/wp-json\/wp\/v2\/product\/33136\/revisions"}],"wp:featuredmedia":[{"embeddable":true,"href":"https:\/\/www.pharmacieonline.lu\/de\/wp-json\/wp\/v2\/media\/33138"}],"wp:attachment":[{"href":"https:\/\/www.pharmacieonline.lu\/de\/wp-json\/wp\/v2\/media?parent=33136"}],"wp:term":[{"taxonomy":"product_brand","embeddable":true,"href":"https:\/\/www.pharmacieonline.lu\/de\/wp-json\/wp\/v2\/product_brand?post=33136"},{"taxonomy":"product_cat","embeddable":true,"href":"https:\/\/www.pharmacieonline.lu\/de\/wp-json\/wp\/v2\/product_cat?post=33136"},{"taxonomy":"product_tag","embeddable":true,"href":"https:\/\/www.pharmacieonline.lu\/de\/wp-json\/wp\/v2\/product_tag?post=33136"}],"curies":[{"name":"wp","href":"https:\/\/api.w.org\/{rel}","templated":true}]}}