{"id":33519,"date":"2023-03-08T11:59:26","date_gmt":"2023-03-08T10:59:26","guid":{"rendered":"https:\/\/www.pharmacieonline.lu\/?post_type=product&#038;p=33519"},"modified":"2026-04-21T07:55:47","modified_gmt":"2026-04-21T05:55:47","slug":"curcudyn-forte-90-caps","status":"publish","type":"product","link":"https:\/\/www.pharmacieonline.lu\/de\/produit\/curcudyn-forte-90-caps\/","title":{"rendered":"CURCUDYN FORTE 90 CAPS"},"content":{"rendered":"<p>CurcuDyn\u00ae Forte enth\u00e4lt Extrakte aus Boswellia und Ingwer, die zur Erhaltung geschmeidiger Gelenke beitragen. CurcuDyn\u00ae Forte enth\u00e4lt au\u00dferdem Vitamin D, das zu einer normalen Muskelfunktion beitr\u00e4gt, und Vitamin C, das zu einer normalen Knorpelfunktion beitr\u00e4gt.<\/p>\n<p>Konsultieren Sie Ihren Arzt bei gleichzeitiger Anwendung von Antikoagulanzien oder Begleitmedikation. Dieses Nahrungserg\u00e4nzungsmittel wird f\u00fcr Kinder bis einschlie\u00dflich 12 Jahre w\u00e4hrend der Schwangerschaft und Stillzeit nicht empfohlen. Wichtige Vorsichtsma\u00dfnahmen: Bei Leber- oder Gallenfunktionsst\u00f6rungen oder Steinen in den Galleng\u00e4ngen wird die Anwendung dieses Produkts nicht empfohlen. Nehmen Sie dieses Produkt nicht ohne \u00e4rztlichen Rat langfristig ein.<\/p>\n<p>1 Kapsel pro Tag<\/p>","protected":false},"excerpt":{"rendered":"<p>CurcuDyn\u00ae Forte enth\u00e4lt Extrakte aus Boswellia und Ingwer, die zur Erhaltung geschmeidiger Gelenke beitragen. CurcuDyn\u00ae Forte enth\u00e4lt au\u00dferdem Vitamin D, das zu einer normalen Muskelfunktion beitr\u00e4gt, und Vitamin C, das zu einer normalen Knorpelfunktion beitr\u00e4gt. Konsultieren Sie Ihren Arzt bei gleichzeitiger Anwendung von Antikoagulanzien oder Begleitmedikation. Dieses Nahrungserg\u00e4nzungsmittel wird f\u00fcr Kinder bis einschlie\u00dflich 12 Jahre [&hellip;]<\/p>\n","protected":false},"featured_media":33520,"template":"","meta":{"_acf_changed":false,"footnotes":""},"product_brand":[],"product_cat":[96,766,953,92],"product_tag":[],"class_list":{"0":"post-33519","1":"product","2":"type-product","3":"status-publish","4":"has-post-thumbnail","6":"product_cat-usage-interne","7":"product_cat-vitamines","8":"product_cat-complements-alimentaires","9":"product_cat-douleurs-musculaires","11":"first","12":"instock","13":"taxable","14":"shipping-taxable","15":"purchasable","16":"product-type-simple"},"acf":[],"_links":{"self":[{"href":"https:\/\/www.pharmacieonline.lu\/de\/wp-json\/wp\/v2\/product\/33519","targetHints":{"allow":["GET"]}}],"collection":[{"href":"https:\/\/www.pharmacieonline.lu\/de\/wp-json\/wp\/v2\/product"}],"about":[{"href":"https:\/\/www.pharmacieonline.lu\/de\/wp-json\/wp\/v2\/types\/product"}],"version-history":[{"count":0,"href":"https:\/\/www.pharmacieonline.lu\/de\/wp-json\/wp\/v2\/product\/33519\/revisions"}],"wp:featuredmedia":[{"embeddable":true,"href":"https:\/\/www.pharmacieonline.lu\/de\/wp-json\/wp\/v2\/media\/33520"}],"wp:attachment":[{"href":"https:\/\/www.pharmacieonline.lu\/de\/wp-json\/wp\/v2\/media?parent=33519"}],"wp:term":[{"taxonomy":"product_brand","embeddable":true,"href":"https:\/\/www.pharmacieonline.lu\/de\/wp-json\/wp\/v2\/product_brand?post=33519"},{"taxonomy":"product_cat","embeddable":true,"href":"https:\/\/www.pharmacieonline.lu\/de\/wp-json\/wp\/v2\/product_cat?post=33519"},{"taxonomy":"product_tag","embeddable":true,"href":"https:\/\/www.pharmacieonline.lu\/de\/wp-json\/wp\/v2\/product_tag?post=33519"}],"curies":[{"name":"wp","href":"https:\/\/api.w.org\/{rel}","templated":true}]}}