{"id":33693,"date":"2023-03-16T11:43:22","date_gmt":"2023-03-16T10:43:22","guid":{"rendered":"https:\/\/www.pharmacieonline.lu\/?post_type=product&#038;p=33693"},"modified":"2026-04-16T01:55:16","modified_gmt":"2026-04-15T23:55:16","slug":"vichy-capital-sol-uv-clear-spf50","status":"publish","type":"product","link":"https:\/\/www.pharmacieonline.lu\/de\/produit\/vichy-capital-sol-uv-clear-spf50\/","title":{"rendered":"VICHY CAPITAL SOL UV CLEAR SPF50+"},"content":{"rendered":"<p>T\u00e4gliche UV-Strahlen k\u00f6nnen fettige Haut, Hautausschl\u00e4ge und Pickel verschlimmern.<br \/>\nUV-CLEAR wird von der patentierten NETLOCK-Technologie getragen und bietet fortschrittlichen SPF 50+ UVA- und UVB-Schutz.<br \/>\nSeine ultraleichte Formel ist mit Salicyls\u00e4ure und Niacinamid angereichert, um Unebenheiten zu beseitigen:<br \/>\n-66 % Hautausschl\u00e4ge<br \/>\n-31 % Glanz<br \/>\n-32 % Flecken<br \/>\nBeispiellose Sensorik:<br \/>\nUltraleichte Formel<br \/>\nNicht \u00f6lig, nicht fettend und nicht klebrig<br \/>\nKeine wei\u00dfen Flecken bei 100 % der Frauen<br \/>\nGeeignet f\u00fcr Menschen mit Mischhaut bis fettiger Haut<\/p>","protected":false},"excerpt":{"rendered":"<p>T\u00e4gliche UV-Strahlen k\u00f6nnen fettige Haut, Hautausschl\u00e4ge und Pickel verschlimmern. UV-CLEAR wird von der patentierten NETLOCK-Technologie getragen und bietet fortschrittlichen SPF 50+ UVA- und UVB-Schutz. Seine ultraleichte Formel ist mit Salicyls\u00e4ure und Niacinamid angereichert, um Unebenheiten zu beseitigen: -66 % Hautausschl\u00e4ge -31 % Glanz -32 % Flecken Beispiellose Sensorik: Ultraleichte Formel Nicht \u00f6lig, nicht fettend und [&hellip;]<\/p>\n","protected":false},"featured_media":33694,"template":"","meta":{"_acf_changed":false,"footnotes":""},"product_brand":[],"product_cat":[67,42,52],"product_tag":[],"class_list":{"0":"post-33693","1":"product","2":"type-product","3":"status-publish","4":"has-post-thumbnail","6":"product_cat-cremes-solaire","7":"product_cat-para-pharmacie","8":"product_cat-produits-solaires","10":"first","11":"instock","12":"sale","13":"taxable","14":"shipping-taxable","15":"purchasable","16":"product-type-simple"},"acf":[],"_links":{"self":[{"href":"https:\/\/www.pharmacieonline.lu\/de\/wp-json\/wp\/v2\/product\/33693","targetHints":{"allow":["GET"]}}],"collection":[{"href":"https:\/\/www.pharmacieonline.lu\/de\/wp-json\/wp\/v2\/product"}],"about":[{"href":"https:\/\/www.pharmacieonline.lu\/de\/wp-json\/wp\/v2\/types\/product"}],"version-history":[{"count":0,"href":"https:\/\/www.pharmacieonline.lu\/de\/wp-json\/wp\/v2\/product\/33693\/revisions"}],"wp:featuredmedia":[{"embeddable":true,"href":"https:\/\/www.pharmacieonline.lu\/de\/wp-json\/wp\/v2\/media\/33694"}],"wp:attachment":[{"href":"https:\/\/www.pharmacieonline.lu\/de\/wp-json\/wp\/v2\/media?parent=33693"}],"wp:term":[{"taxonomy":"product_brand","embeddable":true,"href":"https:\/\/www.pharmacieonline.lu\/de\/wp-json\/wp\/v2\/product_brand?post=33693"},{"taxonomy":"product_cat","embeddable":true,"href":"https:\/\/www.pharmacieonline.lu\/de\/wp-json\/wp\/v2\/product_cat?post=33693"},{"taxonomy":"product_tag","embeddable":true,"href":"https:\/\/www.pharmacieonline.lu\/de\/wp-json\/wp\/v2\/product_tag?post=33693"}],"curies":[{"name":"wp","href":"https:\/\/api.w.org\/{rel}","templated":true}]}}