{"id":33775,"date":"2023-03-22T13:52:23","date_gmt":"2023-03-22T12:52:23","guid":{"rendered":"https:\/\/www.pharmacieonline.lu\/?post_type=product&#038;p=33775"},"modified":"2026-04-05T23:55:18","modified_gmt":"2026-04-05T21:55:18","slug":"pharma-pet-brain-235g","status":"publish","type":"product","link":"https:\/\/www.pharmacieonline.lu\/de\/produit\/pharma-pet-brain-235g\/","title":{"rendered":"PHARMA PET BRAIN &#8211; 235G"},"content":{"rendered":"<p>Genau wie Menschen altern auch Vierbeiner. Das \u00e4u\u00dfert sich nicht nur in allerlei kleinen k\u00f6rperlichen Beschwerden, auch ihr Gehirn kann Alterserscheinungen zeigen. Diese Symptome \u00e4hneln denen von Menschen mit Demenz: Verhaltens\u00e4nderungen wie verminderte Orientierungsf\u00e4higkeit, Hyperaktivit\u00e4t, ver\u00e4nderte Schlafmuster, Ausscheidungsst\u00f6rungen, ver\u00e4nderte soziale Interaktionen und Aktivit\u00e4ten oder Angst vor dem Verlassenwerden.<\/p>\n<p>Nutzungstipps<\/p>\n<p>3-15 kg:<br \/>\n2 morgens, 2 abends<\/p>\n<p>15-25 kg:<br \/>\n3 morgens, 3 abends<\/p>\n<p>25-60 kg:<br \/>\n4 morgens, 4 abends<\/p>","protected":false},"excerpt":{"rendered":"<p>Genau wie Menschen altern auch Vierbeiner. Das \u00e4u\u00dfert sich nicht nur in allerlei kleinen k\u00f6rperlichen Beschwerden, auch ihr Gehirn kann Alterserscheinungen zeigen. Diese Symptome \u00e4hneln denen von Menschen mit Demenz: Verhaltens\u00e4nderungen wie verminderte Orientierungsf\u00e4higkeit, Hyperaktivit\u00e4t, ver\u00e4nderte Schlafmuster, Ausscheidungsst\u00f6rungen, ver\u00e4nderte soziale Interaktionen und Aktivit\u00e4ten oder Angst vor dem Verlassenwerden. Nutzungstipps 3-15 kg: 2 morgens, 2 abends [&hellip;]<\/p>\n","protected":false},"featured_media":33776,"template":"","meta":{"_acf_changed":false,"footnotes":""},"product_brand":[],"product_cat":[151,159,46],"product_tag":[],"class_list":{"0":"post-33775","1":"product","2":"type-product","3":"status-publish","4":"has-post-thumbnail","6":"product_cat-chiens","7":"product_cat-digestion-chiens","8":"product_cat-veterinaire","10":"first","11":"outofstock","12":"taxable","13":"shipping-taxable","14":"purchasable","15":"product-type-simple"},"acf":[],"_links":{"self":[{"href":"https:\/\/www.pharmacieonline.lu\/de\/wp-json\/wp\/v2\/product\/33775","targetHints":{"allow":["GET"]}}],"collection":[{"href":"https:\/\/www.pharmacieonline.lu\/de\/wp-json\/wp\/v2\/product"}],"about":[{"href":"https:\/\/www.pharmacieonline.lu\/de\/wp-json\/wp\/v2\/types\/product"}],"version-history":[{"count":0,"href":"https:\/\/www.pharmacieonline.lu\/de\/wp-json\/wp\/v2\/product\/33775\/revisions"}],"wp:featuredmedia":[{"embeddable":true,"href":"https:\/\/www.pharmacieonline.lu\/de\/wp-json\/wp\/v2\/media\/33776"}],"wp:attachment":[{"href":"https:\/\/www.pharmacieonline.lu\/de\/wp-json\/wp\/v2\/media?parent=33775"}],"wp:term":[{"taxonomy":"product_brand","embeddable":true,"href":"https:\/\/www.pharmacieonline.lu\/de\/wp-json\/wp\/v2\/product_brand?post=33775"},{"taxonomy":"product_cat","embeddable":true,"href":"https:\/\/www.pharmacieonline.lu\/de\/wp-json\/wp\/v2\/product_cat?post=33775"},{"taxonomy":"product_tag","embeddable":true,"href":"https:\/\/www.pharmacieonline.lu\/de\/wp-json\/wp\/v2\/product_tag?post=33775"}],"curies":[{"name":"wp","href":"https:\/\/api.w.org\/{rel}","templated":true}]}}