{"id":33787,"date":"2023-03-22T14:33:57","date_gmt":"2023-03-22T13:33:57","guid":{"rendered":"https:\/\/www.pharmacieonline.lu\/?post_type=product&#038;p=33787"},"modified":"2026-04-14T05:55:22","modified_gmt":"2026-04-14T03:55:22","slug":"eucerin-sun-creme-gel-dry-touch-f30","status":"publish","type":"product","link":"https:\/\/www.pharmacieonline.lu\/de\/produit\/eucerin-sun-creme-gel-dry-touch-f30\/","title":{"rendered":"EUCERIN SUN CREME GEL DRY TOUCH F30"},"content":{"rendered":"<p>Ultraleichte Textur, best\u00e4ndig gegen Wasser und Schwei\u00df<br \/>\nHinterl\u00e4sst ein trockenes Gef\u00fchl auf der Haut<br \/>\nAnti-Sand: klebt nicht auf der Haut<\/p>","protected":false},"excerpt":{"rendered":"<p>Ultraleichte Textur, best\u00e4ndig gegen Wasser und Schwei\u00df Hinterl\u00e4sst ein trockenes Gef\u00fchl auf der Haut Anti-Sand: klebt nicht auf der Haut<\/p>\n","protected":false},"featured_media":33788,"template":"","meta":{"_acf_changed":false,"footnotes":""},"product_brand":[],"product_cat":[68,52],"product_tag":[],"class_list":{"0":"post-33787","1":"product","2":"type-product","3":"status-publish","4":"has-post-thumbnail","6":"product_cat-solaires-pour-le-corps","7":"product_cat-produits-solaires","9":"first","10":"instock","11":"sale","12":"taxable","13":"shipping-taxable","14":"purchasable","15":"product-type-simple"},"acf":[],"_links":{"self":[{"href":"https:\/\/www.pharmacieonline.lu\/de\/wp-json\/wp\/v2\/product\/33787","targetHints":{"allow":["GET"]}}],"collection":[{"href":"https:\/\/www.pharmacieonline.lu\/de\/wp-json\/wp\/v2\/product"}],"about":[{"href":"https:\/\/www.pharmacieonline.lu\/de\/wp-json\/wp\/v2\/types\/product"}],"version-history":[{"count":0,"href":"https:\/\/www.pharmacieonline.lu\/de\/wp-json\/wp\/v2\/product\/33787\/revisions"}],"wp:featuredmedia":[{"embeddable":true,"href":"https:\/\/www.pharmacieonline.lu\/de\/wp-json\/wp\/v2\/media\/33788"}],"wp:attachment":[{"href":"https:\/\/www.pharmacieonline.lu\/de\/wp-json\/wp\/v2\/media?parent=33787"}],"wp:term":[{"taxonomy":"product_brand","embeddable":true,"href":"https:\/\/www.pharmacieonline.lu\/de\/wp-json\/wp\/v2\/product_brand?post=33787"},{"taxonomy":"product_cat","embeddable":true,"href":"https:\/\/www.pharmacieonline.lu\/de\/wp-json\/wp\/v2\/product_cat?post=33787"},{"taxonomy":"product_tag","embeddable":true,"href":"https:\/\/www.pharmacieonline.lu\/de\/wp-json\/wp\/v2\/product_tag?post=33787"}],"curies":[{"name":"wp","href":"https:\/\/api.w.org\/{rel}","templated":true}]}}