{"id":33884,"date":"2023-03-24T09:33:09","date_gmt":"2023-03-24T08:33:09","guid":{"rendered":"https:\/\/www.pharmacieonline.lu\/?post_type=product&#038;p=33884"},"modified":"2026-04-04T00:25:15","modified_gmt":"2026-04-03T22:25:15","slug":"filorga-mousse-demaquillante-150-ml","status":"publish","type":"product","link":"https:\/\/www.pharmacieonline.lu\/de\/produit\/filorga-mousse-demaquillante-150-ml\/","title":{"rendered":"FILORGA MOUSSE DEMAQUILLANTE 150 ML"},"content":{"rendered":"<p>Gesichtsreiniger auf Wasserbasis<\/p>\n<p>Reinigungsschaum, Gesichtsreiniger, mit Hyalurons\u00e4ure f\u00fcr einen Lifting-Effekt.<\/p>\n<p>Dieser Schaum reinigt sanft und entfernt perfekt Make-up, um die Haut auf die t\u00e4gliche Pflege vorzubereiten.<\/p>\n<p>&nbsp;<\/p>\n<p>Enth\u00e4lt Hyalurons\u00e4ure f\u00fcr j\u00fcnger aussehende Haut.<\/p>\n<p>Luftige und umh\u00fcllende Textur \u2013 150-ml-Flasche<\/p>","protected":false},"excerpt":{"rendered":"<p>Gesichtsreiniger auf Wasserbasis Reinigungsschaum, Gesichtsreiniger, mit Hyalurons\u00e4ure f\u00fcr einen Lifting-Effekt. Dieser Schaum reinigt sanft und entfernt perfekt Make-up, um die Haut auf die t\u00e4gliche Pflege vorzubereiten. &nbsp; Enth\u00e4lt Hyalurons\u00e4ure f\u00fcr j\u00fcnger aussehende Haut. Luftige und umh\u00fcllende Textur \u2013 150-ml-Flasche<\/p>\n","protected":false},"featured_media":49756,"template":"","meta":{"_acf_changed":false,"footnotes":""},"product_brand":[],"product_cat":[47,42,761],"product_tag":[],"class_list":{"0":"post-33884","1":"product","2":"type-product","3":"status-publish","4":"has-post-thumbnail","6":"product_cat-dermocosmetique","7":"product_cat-para-pharmacie","8":"product_cat-demaquillant-eau-micellaire-tonique","10":"first","11":"instock","12":"taxable","13":"shipping-taxable","14":"purchasable","15":"product-type-simple"},"acf":[],"_links":{"self":[{"href":"https:\/\/www.pharmacieonline.lu\/de\/wp-json\/wp\/v2\/product\/33884","targetHints":{"allow":["GET"]}}],"collection":[{"href":"https:\/\/www.pharmacieonline.lu\/de\/wp-json\/wp\/v2\/product"}],"about":[{"href":"https:\/\/www.pharmacieonline.lu\/de\/wp-json\/wp\/v2\/types\/product"}],"version-history":[{"count":0,"href":"https:\/\/www.pharmacieonline.lu\/de\/wp-json\/wp\/v2\/product\/33884\/revisions"}],"wp:featuredmedia":[{"embeddable":true,"href":"https:\/\/www.pharmacieonline.lu\/de\/wp-json\/wp\/v2\/media\/49756"}],"wp:attachment":[{"href":"https:\/\/www.pharmacieonline.lu\/de\/wp-json\/wp\/v2\/media?parent=33884"}],"wp:term":[{"taxonomy":"product_brand","embeddable":true,"href":"https:\/\/www.pharmacieonline.lu\/de\/wp-json\/wp\/v2\/product_brand?post=33884"},{"taxonomy":"product_cat","embeddable":true,"href":"https:\/\/www.pharmacieonline.lu\/de\/wp-json\/wp\/v2\/product_cat?post=33884"},{"taxonomy":"product_tag","embeddable":true,"href":"https:\/\/www.pharmacieonline.lu\/de\/wp-json\/wp\/v2\/product_tag?post=33884"}],"curies":[{"name":"wp","href":"https:\/\/api.w.org\/{rel}","templated":true}]}}