{"id":33902,"date":"2023-03-24T09:46:26","date_gmt":"2023-03-24T08:46:26","guid":{"rendered":"https:\/\/www.pharmacieonline.lu\/?post_type=product&#038;p=33902"},"modified":"2026-04-14T17:55:21","modified_gmt":"2026-04-14T15:55:21","slug":"filorga-time-filler-5-xp-cream-50ml","status":"publish","type":"product","link":"https:\/\/www.pharmacieonline.lu\/de\/produit\/filorga-time-filler-5-xp-cream-50ml\/","title":{"rendered":"FILORGA TIME FILLER 5 XP CREAM 50ML"},"content":{"rendered":"<p>TIME-FILLER 5XP, FILORGA erfindet seine meistverkaufte Anti-Falten-Creme neu, die dank des Kerns der 5XP-Formel, die von 5 Techniken der \u00e4sthetischen Medizin inspiriert ist, gleichzeitig auf 5 Arten von Falten wirkt.<\/p>\n<p>TIME-FILLER 5XP ist in 2 Texturen erh\u00e4ltlich, in Cremeform [normale bis trockene Haut] oder Gel-Cremeform [Mischhaut bis fettige Haut] und ist von 5 Fachkenntnissen der \u00e4sthetischen Medizin inspiriert, um die 5 Arten von Falten zu gl\u00e4tten.<\/p>\n<p>\/Ausdruckslinien<\/p>\n<p>Die TIME-FILLER 5XP-Formel enth\u00e4lt ein von Botulinumtoxin-Injektionen inspiriertes Tripeptid, das die Gesichtsz\u00fcge auflockert, ohne den Ausdruck einzufrieren.<\/p>\n<p>\/ Tiefe Falten<\/p>\n<p>TIME-FILLER 5XP enth\u00e4lt einen Collagen-Booster-Komplex in Kombination mit eingekapselter Hyalurons\u00e4ure, inspiriert von Filler-Injektionen, die die Hautmatratze verdichten und Falten auff\u00fcllen.<\/p>\n<p>\/Oberfl\u00e4chenfalten<\/p>\n<p>TIME-FILLER 5XP profitiert von den hauterneuernden Eigenschaften des Meerfenchels, inspiriert von Peelings, f\u00fcr eine gl\u00e4ttende Wirkung auf oberfl\u00e4chliche Falten, ohne die Haut zu reizen.<\/p>\n<p>\/ Trockenheitsf\u00e4ltchen<\/p>\n<p>NCEF, der legend\u00e4re FILORGA-Komplex, ist mit einem kraftvollen Pflanzenextrakt verbunden, der von revitalisierenden Injektionen inspiriert wurde. Diese Pflanze bindet Wasser und polstert die Haut intensiv auf.<\/p>\n<p>\/ Nackenfalten<\/p>\n<p>Ein restrukturierender Pflanzenextrakt, inspiriert von Spannf\u00e4den, um die Haut wieder in Spannung zu versetzen.<\/p>\n<p>Erh\u00e4ltlich in den Formaten 50 ml Gel-Creme und 50 ml Creme.<\/p>","protected":false},"excerpt":{"rendered":"<p>TIME-FILLER 5XP, FILORGA erfindet seine meistverkaufte Anti-Falten-Creme neu, die dank des Kerns der 5XP-Formel, die von 5 Techniken der \u00e4sthetischen Medizin inspiriert ist, gleichzeitig auf 5 Arten von Falten wirkt. TIME-FILLER 5XP ist in 2 Texturen erh\u00e4ltlich, in Cremeform [normale bis trockene Haut] oder Gel-Cremeform [Mischhaut bis fettige Haut] und ist von 5 Fachkenntnissen der [&hellip;]<\/p>\n","protected":false},"featured_media":33907,"template":"","meta":{"_acf_changed":false,"footnotes":""},"product_brand":[],"product_cat":[47,42,54],"product_tag":[],"class_list":{"0":"post-33902","1":"product","2":"type-product","3":"status-publish","4":"has-post-thumbnail","6":"product_cat-dermocosmetique","7":"product_cat-para-pharmacie","8":"product_cat-soins-du-visage","10":"first","11":"instock","12":"taxable","13":"shipping-taxable","14":"purchasable","15":"product-type-simple"},"acf":[],"_links":{"self":[{"href":"https:\/\/www.pharmacieonline.lu\/de\/wp-json\/wp\/v2\/product\/33902","targetHints":{"allow":["GET"]}}],"collection":[{"href":"https:\/\/www.pharmacieonline.lu\/de\/wp-json\/wp\/v2\/product"}],"about":[{"href":"https:\/\/www.pharmacieonline.lu\/de\/wp-json\/wp\/v2\/types\/product"}],"version-history":[{"count":0,"href":"https:\/\/www.pharmacieonline.lu\/de\/wp-json\/wp\/v2\/product\/33902\/revisions"}],"wp:featuredmedia":[{"embeddable":true,"href":"https:\/\/www.pharmacieonline.lu\/de\/wp-json\/wp\/v2\/media\/33907"}],"wp:attachment":[{"href":"https:\/\/www.pharmacieonline.lu\/de\/wp-json\/wp\/v2\/media?parent=33902"}],"wp:term":[{"taxonomy":"product_brand","embeddable":true,"href":"https:\/\/www.pharmacieonline.lu\/de\/wp-json\/wp\/v2\/product_brand?post=33902"},{"taxonomy":"product_cat","embeddable":true,"href":"https:\/\/www.pharmacieonline.lu\/de\/wp-json\/wp\/v2\/product_cat?post=33902"},{"taxonomy":"product_tag","embeddable":true,"href":"https:\/\/www.pharmacieonline.lu\/de\/wp-json\/wp\/v2\/product_tag?post=33902"}],"curies":[{"name":"wp","href":"https:\/\/api.w.org\/{rel}","templated":true}]}}