{"id":33909,"date":"2023-03-24T09:53:32","date_gmt":"2023-03-24T08:53:32","guid":{"rendered":"https:\/\/www.pharmacieonline.lu\/?post_type=product&#038;p=33909"},"modified":"2026-04-09T05:55:25","modified_gmt":"2026-04-09T03:55:25","slug":"filorga-global-repair-balm-50-ml","status":"publish","type":"product","link":"https:\/\/www.pharmacieonline.lu\/de\/produit\/filorga-global-repair-balm-50-ml\/","title":{"rendered":"FILORGA GLOBAL-REPAIR BALM 50 ML"},"content":{"rendered":"<p>GLOBAL-REPAIR BAUME, der Anti-Aging-Balsam mit globaler Wirkung gegen die wichtigsten Zeichen der Hautalterung und intensiver Ern\u00e4hrung.<\/p>\n<p>Von Techniken der \u00e4sthetischen Medizin inspirierte Formel [Hyalurons\u00e4ure + Redensifying Peptide + NCEF, einzigartiger Zellbooster] f\u00fcr kosmetische Wirksamkeit bei Falten, Hautdichte, Gesichtsvolumen und ebenm\u00e4\u00dfigem Teint.<\/p>\n<p>\/ Vitalisierende Ern\u00e4hrung<\/p>\n<p>3 Supern\u00e4hrstoffe [Ceramide + Omegas 3-6-9 + Vitamine] wirken synergetisch, um unterern\u00e4hrte Haut zu revitalisieren und zu pflegen.<\/p>\n<p>Angereichert mit einem nahrhaften Pflanzenkomplex umh\u00fcllt seine balsamische Textur die Haut mit absolutem Komfort.<\/p>\n<p>Absolutes Samt-Finish \u2013 50-ml-Tiegel<\/p>","protected":false},"excerpt":{"rendered":"<p>GLOBAL-REPAIR BAUME, der Anti-Aging-Balsam mit globaler Wirkung gegen die wichtigsten Zeichen der Hautalterung und intensiver Ern\u00e4hrung. Von Techniken der \u00e4sthetischen Medizin inspirierte Formel [Hyalurons\u00e4ure + Redensifying Peptide + NCEF, einzigartiger Zellbooster] f\u00fcr kosmetische Wirksamkeit bei Falten, Hautdichte, Gesichtsvolumen und ebenm\u00e4\u00dfigem Teint. \/ Vitalisierende Ern\u00e4hrung 3 Supern\u00e4hrstoffe [Ceramide + Omegas 3-6-9 + Vitamine] wirken synergetisch, um [&hellip;]<\/p>\n","protected":false},"featured_media":34077,"template":"","meta":{"_acf_changed":false,"footnotes":""},"product_brand":[],"product_cat":[47,42,54],"product_tag":[],"class_list":{"0":"post-33909","1":"product","2":"type-product","3":"status-publish","4":"has-post-thumbnail","6":"product_cat-dermocosmetique","7":"product_cat-para-pharmacie","8":"product_cat-soins-du-visage","10":"first","11":"outofstock","12":"taxable","13":"shipping-taxable","14":"purchasable","15":"product-type-simple"},"acf":[],"_links":{"self":[{"href":"https:\/\/www.pharmacieonline.lu\/de\/wp-json\/wp\/v2\/product\/33909","targetHints":{"allow":["GET"]}}],"collection":[{"href":"https:\/\/www.pharmacieonline.lu\/de\/wp-json\/wp\/v2\/product"}],"about":[{"href":"https:\/\/www.pharmacieonline.lu\/de\/wp-json\/wp\/v2\/types\/product"}],"version-history":[{"count":0,"href":"https:\/\/www.pharmacieonline.lu\/de\/wp-json\/wp\/v2\/product\/33909\/revisions"}],"wp:featuredmedia":[{"embeddable":true,"href":"https:\/\/www.pharmacieonline.lu\/de\/wp-json\/wp\/v2\/media\/34077"}],"wp:attachment":[{"href":"https:\/\/www.pharmacieonline.lu\/de\/wp-json\/wp\/v2\/media?parent=33909"}],"wp:term":[{"taxonomy":"product_brand","embeddable":true,"href":"https:\/\/www.pharmacieonline.lu\/de\/wp-json\/wp\/v2\/product_brand?post=33909"},{"taxonomy":"product_cat","embeddable":true,"href":"https:\/\/www.pharmacieonline.lu\/de\/wp-json\/wp\/v2\/product_cat?post=33909"},{"taxonomy":"product_tag","embeddable":true,"href":"https:\/\/www.pharmacieonline.lu\/de\/wp-json\/wp\/v2\/product_tag?post=33909"}],"curies":[{"name":"wp","href":"https:\/\/api.w.org\/{rel}","templated":true}]}}