{"id":33912,"date":"2023-03-24T09:52:26","date_gmt":"2023-03-24T08:52:26","guid":{"rendered":"https:\/\/www.pharmacieonline.lu\/?post_type=product&#038;p=33912"},"modified":"2026-04-14T17:55:21","modified_gmt":"2026-04-14T15:55:21","slug":"filorga-time-filler-intensive-goutt-30ml","status":"publish","type":"product","link":"https:\/\/www.pharmacieonline.lu\/de\/produit\/filorga-time-filler-intensive-goutt-30ml\/","title":{"rendered":"FILORGA TIME-FILLER INTENSIVE GOUTT 30ML"},"content":{"rendered":"<p>Entdecken Sie das Anti-Falten-Gesichtsserum auf Basis von Hyalurons\u00e4ure, um alle Arten von Falten sichtbar zu korrigieren und die Zeichen der Zeit wirksam zu bek\u00e4mpfen.<\/p>\n<p>Allein oder zus\u00e4tzlich zu anderen Produkten der TIME-FILLER Anti-Falten-Reihe anzuwenden, bietet dieses Anti-Aging-Gesichtsserum, das von Techniken der \u00e4sthetischen Medizin inspiriert ist, eine intensive Korrektur aller Arten von Falten.<\/p>\n<p>\/ Mimikfalten<\/p>\n<p>Ein Hexapeptid zum Auflockern der Z\u00fcge.<\/p>\n<p>\/ Tiefe Falten<\/p>\n<p>Leistungsstarke Peptide zum Auff\u00fcllen ausgepr\u00e4gter Gesichtsfalten, kombiniert mit verkapselter Hyalurons\u00e4ure, um die Haut tief mit Feuchtigkeit zu versorgen.<\/p>\n<p>\/ Oberfl\u00e4chenfalten<\/p>\n<p>Ein Peeling-Wirkstoff, der Mikrorisse in der Haut gl\u00e4ttet und das Hautbild verbessert.<\/p>\n<p>\/ Trockenheitsf\u00e4ltchen<\/p>\n<p>Ein wasserbindender Pflanzenextrakt zur Reduzierung von Dehydrationsf\u00e4ltchen.<\/p>\n<p>\/ Nackenfalten<\/p>\n<p>Ein restrukturierender Wirkstoff, der Halsfalten gl\u00e4ttet.<\/p>\n<p>Das +: Eine mit Tensor-Polysacchariden verst\u00e4rkte Formel f\u00fcr eine schnelle Gl\u00e4ttung der Haut.<\/p>\n<p>Ultraleichte gl\u00e4ttende Textur. Pipettenflasche 30 ml<\/p>\n<p>*Selbsteinsch\u00e4tzung \u2013 \u200b\u200b30 Freiwillige \u2013 Ergebnisse nach 28 Tagen zweimal t\u00e4glicher Anwendung. Klinisch nachgewiesene Wirksamkeit unter dermatologischer Kontrolle.<\/p>","protected":false},"excerpt":{"rendered":"<p>Entdecken Sie das Anti-Falten-Gesichtsserum auf Basis von Hyalurons\u00e4ure, um alle Arten von Falten sichtbar zu korrigieren und die Zeichen der Zeit wirksam zu bek\u00e4mpfen. Allein oder zus\u00e4tzlich zu anderen Produkten der TIME-FILLER Anti-Falten-Reihe anzuwenden, bietet dieses Anti-Aging-Gesichtsserum, das von Techniken der \u00e4sthetischen Medizin inspiriert ist, eine intensive Korrektur aller Arten von Falten. \/ Mimikfalten Ein [&hellip;]<\/p>\n","protected":false},"featured_media":33914,"template":"","meta":{"_acf_changed":false,"footnotes":""},"product_brand":[],"product_cat":[47,42,54],"product_tag":[],"class_list":{"0":"post-33912","1":"product","2":"type-product","3":"status-publish","4":"has-post-thumbnail","6":"product_cat-dermocosmetique","7":"product_cat-para-pharmacie","8":"product_cat-soins-du-visage","10":"first","11":"instock","12":"taxable","13":"shipping-taxable","14":"purchasable","15":"product-type-simple"},"acf":[],"_links":{"self":[{"href":"https:\/\/www.pharmacieonline.lu\/de\/wp-json\/wp\/v2\/product\/33912","targetHints":{"allow":["GET"]}}],"collection":[{"href":"https:\/\/www.pharmacieonline.lu\/de\/wp-json\/wp\/v2\/product"}],"about":[{"href":"https:\/\/www.pharmacieonline.lu\/de\/wp-json\/wp\/v2\/types\/product"}],"version-history":[{"count":0,"href":"https:\/\/www.pharmacieonline.lu\/de\/wp-json\/wp\/v2\/product\/33912\/revisions"}],"wp:featuredmedia":[{"embeddable":true,"href":"https:\/\/www.pharmacieonline.lu\/de\/wp-json\/wp\/v2\/media\/33914"}],"wp:attachment":[{"href":"https:\/\/www.pharmacieonline.lu\/de\/wp-json\/wp\/v2\/media?parent=33912"}],"wp:term":[{"taxonomy":"product_brand","embeddable":true,"href":"https:\/\/www.pharmacieonline.lu\/de\/wp-json\/wp\/v2\/product_brand?post=33912"},{"taxonomy":"product_cat","embeddable":true,"href":"https:\/\/www.pharmacieonline.lu\/de\/wp-json\/wp\/v2\/product_cat?post=33912"},{"taxonomy":"product_tag","embeddable":true,"href":"https:\/\/www.pharmacieonline.lu\/de\/wp-json\/wp\/v2\/product_tag?post=33912"}],"curies":[{"name":"wp","href":"https:\/\/api.w.org\/{rel}","templated":true}]}}