{"id":33917,"date":"2023-03-24T09:55:01","date_gmt":"2023-03-24T08:55:01","guid":{"rendered":"https:\/\/www.pharmacieonline.lu\/?post_type=product&#038;p=33917"},"modified":"2026-04-17T12:55:24","modified_gmt":"2026-04-17T10:55:24","slug":"filorga-time-filler-eyes-5xp-15-ml","status":"publish","type":"product","link":"https:\/\/www.pharmacieonline.lu\/de\/produit\/filorga-time-filler-eyes-5xp-15-ml\/","title":{"rendered":"FILORGA TIME-FILLER EYES 5XP 15 ML"},"content":{"rendered":"<p>F\u00dcLLENDE AUGEN 5XP<br \/>\nAnti-Falten-Augencreme gegen Augenringe<\/p>\n<p>TIME-FILLER EYES 5XP, eine Anti-Aging-Augenkonturbehandlung mit mehreren Korrekturen, die gleichzeitig auf 5 Bereiche der Augen abzielt: Kr\u00e4henf\u00fc\u00dfe, Falten unter den Augen, Zornesfalten, Augenlidfalten und Augenringe .<\/p>\n<p>Inspiriert von Techniken der \u00e4sthetischen Medizin korrigiert die TIME-FILLER EYES 5XP Augenkonturbehandlung alle Arten von Falten in der Augenpartie sowie Augenringe. Gleichzeitig entfaltet TIME-FILLER EYES 5XP eine straffende Wirkung auf das obere Augenlid und eine Wirkung gegen Augenringe.<\/p>\n<p>\/ Falten<\/p>\n<p>Dank seines Cocktails aus hochpr\u00e4zisen Wirkstoffen [entspannende Peptide + pflanzliche Stammzellen + NCEF] entspannt es die Gesichtsz\u00fcge, reduziert Zornesfalten, ohne die Mimik einzufrieren, \u00fcbt eine gl\u00e4ttende Wirkung auf die Falten der G\u00e4nsepfoten aus, ohne sie zu irritieren die Haut, fangen Wasser auf und polstern die Haut intensiv auf, um Falten unter den Augen zu gl\u00e4tten.<\/p>\n<p>\/ Augenlider<\/p>\n<p>TIME-FILLER EYES 5XP entfaltet eine straffende Wirkung auf das obere Augenlid dank Orchideen-Stammzellen, die durch Injektionen von Wachstumsfaktoren inspiriert wurden. Ziel ist es, die Kollagen- und Elastinproduktion anzuregen, um das Oberlid zu straffen und die durch das Erschlaffen entstandene Falte zu gl\u00e4tten.<\/p>\n<p>\/ Dunkle Ringe<\/p>\n<p>Behandlung mit einem Seidenbaumextrakt, inspiriert von der Carboxytherapie, einer Technik zur Verbesserung der Mikrozirkulation, um dunkle Ringe um die Augen zu reduzieren.<\/p>\n<p>F\u00fcr Anti-Falten-Gesichts- und Augenwirksamkeit ab 7 Tagen tragen Sie unser Gl\u00e4ttungsexperten-Duo TIME-FILLER EYES 5XP + TIME-FILLER 5XP CREME* t\u00e4glich auf.<\/p>\n<p>Formuliert mit 94,7 % Inhaltsstoffen nat\u00fcrlichen Ursprungs. Dermatologisch getestet. Klinisch nachgewiesene Wirksamkeit.<\/p>\n<p>Dehnbare, gl\u00e4ttende Textur \u2013 15-ml-Gel<\/p>\n<p>*TIME-FILLER 5XP: Klinische Studie \u2013 30 Freiwillige \u2013 Ergebnisse nach 7 Tagen zweimal t\u00e4glicher Anwendung.<\/p>","protected":false},"excerpt":{"rendered":"<p>F\u00dcLLENDE AUGEN 5XP Anti-Falten-Augencreme gegen Augenringe TIME-FILLER EYES 5XP, eine Anti-Aging-Augenkonturbehandlung mit mehreren Korrekturen, die gleichzeitig auf 5 Bereiche der Augen abzielt: Kr\u00e4henf\u00fc\u00dfe, Falten unter den Augen, Zornesfalten, Augenlidfalten und Augenringe . Inspiriert von Techniken der \u00e4sthetischen Medizin korrigiert die TIME-FILLER EYES 5XP Augenkonturbehandlung alle Arten von Falten in der Augenpartie sowie Augenringe. Gleichzeitig entfaltet [&hellip;]<\/p>\n","protected":false},"featured_media":33921,"template":"","meta":{"_acf_changed":false,"footnotes":""},"product_brand":[],"product_cat":[47,42,54],"product_tag":[],"class_list":{"0":"post-33917","1":"product","2":"type-product","3":"status-publish","4":"has-post-thumbnail","6":"product_cat-dermocosmetique","7":"product_cat-para-pharmacie","8":"product_cat-soins-du-visage","10":"first","11":"instock","12":"taxable","13":"shipping-taxable","14":"purchasable","15":"product-type-simple"},"acf":[],"_links":{"self":[{"href":"https:\/\/www.pharmacieonline.lu\/de\/wp-json\/wp\/v2\/product\/33917","targetHints":{"allow":["GET"]}}],"collection":[{"href":"https:\/\/www.pharmacieonline.lu\/de\/wp-json\/wp\/v2\/product"}],"about":[{"href":"https:\/\/www.pharmacieonline.lu\/de\/wp-json\/wp\/v2\/types\/product"}],"version-history":[{"count":0,"href":"https:\/\/www.pharmacieonline.lu\/de\/wp-json\/wp\/v2\/product\/33917\/revisions"}],"wp:featuredmedia":[{"embeddable":true,"href":"https:\/\/www.pharmacieonline.lu\/de\/wp-json\/wp\/v2\/media\/33921"}],"wp:attachment":[{"href":"https:\/\/www.pharmacieonline.lu\/de\/wp-json\/wp\/v2\/media?parent=33917"}],"wp:term":[{"taxonomy":"product_brand","embeddable":true,"href":"https:\/\/www.pharmacieonline.lu\/de\/wp-json\/wp\/v2\/product_brand?post=33917"},{"taxonomy":"product_cat","embeddable":true,"href":"https:\/\/www.pharmacieonline.lu\/de\/wp-json\/wp\/v2\/product_cat?post=33917"},{"taxonomy":"product_tag","embeddable":true,"href":"https:\/\/www.pharmacieonline.lu\/de\/wp-json\/wp\/v2\/product_tag?post=33917"}],"curies":[{"name":"wp","href":"https:\/\/api.w.org\/{rel}","templated":true}]}}