{"id":33919,"date":"2023-03-24T09:55:23","date_gmt":"2023-03-24T08:55:23","guid":{"rendered":"https:\/\/www.pharmacieonline.lu\/?post_type=product&#038;p=33919"},"modified":"2026-04-04T00:25:17","modified_gmt":"2026-04-03T22:25:17","slug":"filorga-ncef-night-mask-50-ml","status":"publish","type":"product","link":"https:\/\/www.pharmacieonline.lu\/de\/produit\/filorga-ncef-night-mask-50-ml\/","title":{"rendered":"FILORGA NCEF NIGHT MASK 50 ML"},"content":{"rendered":"<p>Supreme Multi-Korrektur-Nachtmaske<br \/>\n[Falten \u2013 Festigkeit \u2013 Ausstrahlung]<\/p>\n<p>Die Anti-Aging- und Anti-Falten-Gesichtsnachtmaske f\u00fcr sichtbare Faltenminderung und straffe, strahlende Haut.<\/p>\n<p>Diese Nachtmaske mit NCEF-Konzentrat wurde speziell f\u00fcr kurze N\u00e4chte und m\u00fcde, gestresste Haut entwickelt.<\/p>\n<p>\/ Intensive Erneuerung der Hautqualit\u00e4t [Regeneration aktiviert]<\/p>\n<p>Eine Formel mit NCEF, einem einzigartigen polyrevitalisierenden Komplex, der von FILORGA Laboratories entwickelt wurde und in dem zum ersten Mal 50 Inhaltsstoffe in Konzentrationen integriert sind, die mit denen vergleichbar sind, die bei der Meso-Injektion verwendet werden*.<\/p>\n<p>\/ Hauterholung \u00fcber Nacht [Falten + Festigkeit + Ausstrahlung]<\/p>\n<p>Melatonin\u2019CX\u00ae, ein kraftvoller Haut-Revitalisator, wirkt \u00fcber Nacht f\u00fcr ausgeruhte Gesichtsz\u00fcge, w\u00e4hrend Peptide die Haut aufpolstern.<br \/>\nParallel dazu ein nat\u00fcrlicher Entgifter f\u00fcr einen strahlenden Teint beim Aufwachen.<\/p>\n<p>\/ Nutzungstipps<\/p>\n<p>Abends d\u00fcnn auf das perfekt gereinigte Gesicht, die Augenpartie und den Hals auftragen.<br \/>\nDas Produkt zieht in wenigen Minuten ein.<br \/>\n\u00dcber Nacht einwirken lassen, um alle Vorteile zu nutzen.<br \/>\nJe nach Hautbed\u00fcrfnis abwechselnd, jeden zweiten Tag oder kontinuierlich anwenden.<\/p>\n<p>Schnell einziehende Maske, die als Nachtcreme verwendet werden kann \u2013 50-ml-Tiegel<\/p>","protected":false},"excerpt":{"rendered":"<p>Supreme Multi-Korrektur-Nachtmaske [Falten \u2013 Festigkeit \u2013 Ausstrahlung] Die Anti-Aging- und Anti-Falten-Gesichtsnachtmaske f\u00fcr sichtbare Faltenminderung und straffe, strahlende Haut. Diese Nachtmaske mit NCEF-Konzentrat wurde speziell f\u00fcr kurze N\u00e4chte und m\u00fcde, gestresste Haut entwickelt. \/ Intensive Erneuerung der Hautqualit\u00e4t [Regeneration aktiviert] Eine Formel mit NCEF, einem einzigartigen polyrevitalisierenden Komplex, der von FILORGA Laboratories entwickelt wurde und in [&hellip;]<\/p>\n","protected":false},"featured_media":34094,"template":"","meta":{"_acf_changed":false,"footnotes":""},"product_brand":[],"product_cat":[47,42,54],"product_tag":[],"class_list":{"0":"post-33919","1":"product","2":"type-product","3":"status-publish","4":"has-post-thumbnail","6":"product_cat-dermocosmetique","7":"product_cat-para-pharmacie","8":"product_cat-soins-du-visage","10":"first","11":"outofstock","12":"taxable","13":"shipping-taxable","14":"purchasable","15":"product-type-simple"},"acf":[],"_links":{"self":[{"href":"https:\/\/www.pharmacieonline.lu\/de\/wp-json\/wp\/v2\/product\/33919","targetHints":{"allow":["GET"]}}],"collection":[{"href":"https:\/\/www.pharmacieonline.lu\/de\/wp-json\/wp\/v2\/product"}],"about":[{"href":"https:\/\/www.pharmacieonline.lu\/de\/wp-json\/wp\/v2\/types\/product"}],"version-history":[{"count":0,"href":"https:\/\/www.pharmacieonline.lu\/de\/wp-json\/wp\/v2\/product\/33919\/revisions"}],"wp:featuredmedia":[{"embeddable":true,"href":"https:\/\/www.pharmacieonline.lu\/de\/wp-json\/wp\/v2\/media\/34094"}],"wp:attachment":[{"href":"https:\/\/www.pharmacieonline.lu\/de\/wp-json\/wp\/v2\/media?parent=33919"}],"wp:term":[{"taxonomy":"product_brand","embeddable":true,"href":"https:\/\/www.pharmacieonline.lu\/de\/wp-json\/wp\/v2\/product_brand?post=33919"},{"taxonomy":"product_cat","embeddable":true,"href":"https:\/\/www.pharmacieonline.lu\/de\/wp-json\/wp\/v2\/product_cat?post=33919"},{"taxonomy":"product_tag","embeddable":true,"href":"https:\/\/www.pharmacieonline.lu\/de\/wp-json\/wp\/v2\/product_tag?post=33919"}],"curies":[{"name":"wp","href":"https:\/\/api.w.org\/{rel}","templated":true}]}}