{"id":33929,"date":"2023-03-24T09:58:31","date_gmt":"2023-03-24T08:58:31","guid":{"rendered":"https:\/\/www.pharmacieonline.lu\/?post_type=product&#038;p=33929"},"modified":"2026-04-09T05:55:24","modified_gmt":"2026-04-09T03:55:24","slug":"filorga-hydra-filler-mask-masque-tissu-x1","status":"publish","type":"product","link":"https:\/\/www.pharmacieonline.lu\/de\/produit\/filorga-hydra-filler-mask-masque-tissu-x1\/","title":{"rendered":"FILORGA HYDRA FILLER MASK MASQUE TISSU x1"},"content":{"rendered":"<p>SUPER FEUCHTIGKEITSMASKE \u2013 PLUPPING FORMULA MIT HYALURONS\u00c4URE<\/p>\n<p>DIE KRAFT EINES SERUMS KONZENTRIERT IN EINER ZWEITEN HAUT-EFFEKT-MASKE F\u00dcR FEUCHTE UND FELLIGE HAUT IN 15 MINUTEN.<\/p>\n<p>Verwenden<\/p>\n<p>\/ Doppelte Hydratation [Flash + Power]: Eine mit Hyalurons\u00e4ure impr\u00e4gnierte Formel in Verbindung mit NMF, nat\u00fcrlichen Feuchtigkeitsfaktoren, f\u00fcllt die Haut mit Wasser f\u00fcr einen intensiven Hydratisierungseffekt.<\/p>\n<p>\/ Sofort sch\u00f6ner Hauteffekt: Aloe Vera, eine Superpflanze reich an Vitaminen, Mineralstoffen und Spurenelementen, revitalisiert die Haut und gibt dem Teint Strahlkraft und Frische zur\u00fcck.<\/p>","protected":false},"excerpt":{"rendered":"<p>SUPER FEUCHTIGKEITSMASKE \u2013 PLUPPING FORMULA MIT HYALURONS\u00c4URE DIE KRAFT EINES SERUMS KONZENTRIERT IN EINER ZWEITEN HAUT-EFFEKT-MASKE F\u00dcR FEUCHTE UND FELLIGE HAUT IN 15 MINUTEN. Verwenden \/ Doppelte Hydratation [Flash + Power]: Eine mit Hyalurons\u00e4ure impr\u00e4gnierte Formel in Verbindung mit NMF, nat\u00fcrlichen Feuchtigkeitsfaktoren, f\u00fcllt die Haut mit Wasser f\u00fcr einen intensiven Hydratisierungseffekt. \/ Sofort sch\u00f6ner Hauteffekt: [&hellip;]<\/p>\n","protected":false},"featured_media":33938,"template":"","meta":{"_acf_changed":false,"footnotes":""},"product_brand":[],"product_cat":[47,42,54],"product_tag":[],"class_list":{"0":"post-33929","1":"product","2":"type-product","3":"status-publish","4":"has-post-thumbnail","6":"product_cat-dermocosmetique","7":"product_cat-para-pharmacie","8":"product_cat-soins-du-visage","10":"first","11":"instock","12":"taxable","13":"shipping-taxable","14":"purchasable","15":"product-type-simple"},"acf":[],"_links":{"self":[{"href":"https:\/\/www.pharmacieonline.lu\/de\/wp-json\/wp\/v2\/product\/33929","targetHints":{"allow":["GET"]}}],"collection":[{"href":"https:\/\/www.pharmacieonline.lu\/de\/wp-json\/wp\/v2\/product"}],"about":[{"href":"https:\/\/www.pharmacieonline.lu\/de\/wp-json\/wp\/v2\/types\/product"}],"version-history":[{"count":0,"href":"https:\/\/www.pharmacieonline.lu\/de\/wp-json\/wp\/v2\/product\/33929\/revisions"}],"wp:featuredmedia":[{"embeddable":true,"href":"https:\/\/www.pharmacieonline.lu\/de\/wp-json\/wp\/v2\/media\/33938"}],"wp:attachment":[{"href":"https:\/\/www.pharmacieonline.lu\/de\/wp-json\/wp\/v2\/media?parent=33929"}],"wp:term":[{"taxonomy":"product_brand","embeddable":true,"href":"https:\/\/www.pharmacieonline.lu\/de\/wp-json\/wp\/v2\/product_brand?post=33929"},{"taxonomy":"product_cat","embeddable":true,"href":"https:\/\/www.pharmacieonline.lu\/de\/wp-json\/wp\/v2\/product_cat?post=33929"},{"taxonomy":"product_tag","embeddable":true,"href":"https:\/\/www.pharmacieonline.lu\/de\/wp-json\/wp\/v2\/product_tag?post=33929"}],"curies":[{"name":"wp","href":"https:\/\/api.w.org\/{rel}","templated":true}]}}