{"id":33935,"date":"2023-03-24T10:00:00","date_gmt":"2023-03-24T09:00:00","guid":{"rendered":"https:\/\/www.pharmacieonline.lu\/?post_type=product&#038;p=33935"},"modified":"2026-04-04T00:25:14","modified_gmt":"2026-04-03T22:25:14","slug":"filorga-lift-structure-radiance-50-ml","status":"publish","type":"product","link":"https:\/\/www.pharmacieonline.lu\/de\/produit\/filorga-lift-structure-radiance-50-ml\/","title":{"rendered":"FILORGA LIFT STRUCTURE RADIANCE 50 ML"},"content":{"rendered":"<p>LIFT-STRUKTUR AUSSTRAHLUNG<br \/>\nUltra-lifting Radiance Pink Fluid f\u00fcr einen jugendlichen Teint in Perfektion<br \/>\nLIFT-STRUCTURE RADIANCE, ein ultra-lifting strahlendes rosa Fluid, das bei mangelnder Festigkeit, Volumenverlust, m\u00fcden Gesichtsz\u00fcgen, mangelnder Ebenm\u00e4\u00dfigkeit und fahlem Teint wirkt.<\/p>\n<p>Eine Ultra-Lifting-Behandlung, die eine nat\u00fcrliche Ausstrahlung zum Vorschein bringt, inspiriert von Techniken der \u00e4sthetischen Medizin, f\u00fcr einen radikalen Anti-Aging-Effekt.<\/p>\n<p>\/ Sichtbare Lifting-Effektivit\u00e4t [gegl\u00e4ttete Merkmale + neu definierte Volumina]<\/p>\n<p>Plasmatic Lifting Factors kombiniert [zellul\u00e4re Faktoren + Kollagen + Hyalurons\u00e4ure], um die Gesichtsz\u00fcge sichtbar zu straffen, die Haut aufzupolstern und das Volumen neu zu formen.<\/p>\n<p>\/ Perfektionierende 3-Stufen-Aktion [einheitliche + revitalisierte + strahlende Haut]<\/p>\n<p>Die CHROMA-YOUTH 3T-Technologie wirkt in 3 Schritten: 1. Korrigieren Sie Unregelm\u00e4\u00dfigkeiten des Teints dank des Color-Control-Komplexes(1). 2. Aktivieren Sie den nat\u00fcrlichen rosigen Glanz der Haut mit einem Duo [Goji-Beeren + Mineralien]. 3. Verbessern Sie es sofort mit leuchtenden Perlen.<\/p>\n<p>Universelle, gut aussehende, taufrische Textur. Alle Hauttypen. 50 ml Pumpflasche<\/p>\n<p>(1) Farbregler.<\/p>","protected":false},"excerpt":{"rendered":"<p>LIFT-STRUKTUR AUSSTRAHLUNG Ultra-lifting Radiance Pink Fluid f\u00fcr einen jugendlichen Teint in Perfektion LIFT-STRUCTURE RADIANCE, ein ultra-lifting strahlendes rosa Fluid, das bei mangelnder Festigkeit, Volumenverlust, m\u00fcden Gesichtsz\u00fcgen, mangelnder Ebenm\u00e4\u00dfigkeit und fahlem Teint wirkt. Eine Ultra-Lifting-Behandlung, die eine nat\u00fcrliche Ausstrahlung zum Vorschein bringt, inspiriert von Techniken der \u00e4sthetischen Medizin, f\u00fcr einen radikalen Anti-Aging-Effekt. \/ Sichtbare Lifting-Effektivit\u00e4t [gegl\u00e4ttete [&hellip;]<\/p>\n","protected":false},"featured_media":33942,"template":"","meta":{"_acf_changed":false,"footnotes":""},"product_brand":[],"product_cat":[47,42,54],"product_tag":[],"class_list":{"0":"post-33935","1":"product","2":"type-product","3":"status-publish","4":"has-post-thumbnail","6":"product_cat-dermocosmetique","7":"product_cat-para-pharmacie","8":"product_cat-soins-du-visage","10":"first","11":"instock","12":"taxable","13":"shipping-taxable","14":"purchasable","15":"product-type-simple"},"acf":[],"_links":{"self":[{"href":"https:\/\/www.pharmacieonline.lu\/de\/wp-json\/wp\/v2\/product\/33935","targetHints":{"allow":["GET"]}}],"collection":[{"href":"https:\/\/www.pharmacieonline.lu\/de\/wp-json\/wp\/v2\/product"}],"about":[{"href":"https:\/\/www.pharmacieonline.lu\/de\/wp-json\/wp\/v2\/types\/product"}],"version-history":[{"count":0,"href":"https:\/\/www.pharmacieonline.lu\/de\/wp-json\/wp\/v2\/product\/33935\/revisions"}],"wp:featuredmedia":[{"embeddable":true,"href":"https:\/\/www.pharmacieonline.lu\/de\/wp-json\/wp\/v2\/media\/33942"}],"wp:attachment":[{"href":"https:\/\/www.pharmacieonline.lu\/de\/wp-json\/wp\/v2\/media?parent=33935"}],"wp:term":[{"taxonomy":"product_brand","embeddable":true,"href":"https:\/\/www.pharmacieonline.lu\/de\/wp-json\/wp\/v2\/product_brand?post=33935"},{"taxonomy":"product_cat","embeddable":true,"href":"https:\/\/www.pharmacieonline.lu\/de\/wp-json\/wp\/v2\/product_cat?post=33935"},{"taxonomy":"product_tag","embeddable":true,"href":"https:\/\/www.pharmacieonline.lu\/de\/wp-json\/wp\/v2\/product_tag?post=33935"}],"curies":[{"name":"wp","href":"https:\/\/api.w.org\/{rel}","templated":true}]}}