{"id":33948,"date":"2023-03-24T10:04:04","date_gmt":"2023-03-24T09:04:04","guid":{"rendered":"https:\/\/www.pharmacieonline.lu\/?post_type=product&#038;p=33948"},"modified":"2026-04-09T03:55:34","modified_gmt":"2026-04-09T01:55:34","slug":"filorga-sleep-lift-50-ml","status":"publish","type":"product","link":"https:\/\/www.pharmacieonline.lu\/de\/produit\/filorga-sleep-lift-50-ml\/","title":{"rendered":"FILORGA SLEEP &amp; LIFT 50 ML"},"content":{"rendered":"<p>Ultra-Lifting Night Cream Sichtbare Verdichtung<\/p>\n<p>SLEEP &amp; LIFT, eine Ultra-Lifting-Nachtcreme mit Wirkstoffen aus \u00e4sthetischen Eingriffen f\u00fcr einen radikalen Anti-Aging-Effekt.<\/p>\n<p>Dieser ultraumh\u00fcllende sensorische Balsam verleiht dem Gesicht Nacht f\u00fcr Nacht N\u00e4hrstoffe und Komfort f\u00fcr eine straffere und regenerierte Haut.<\/p>\n<p>\/ \u00dcberraschende Lifting-Effektivit\u00e4t [gegl\u00e4ttete Merkmale + neu definierte Volumen]<\/p>\n<p>Zum ersten Mal in eine Nachtcreme integriert, kombiniert Plasmatic Lifting Factors\u00ae [Zellfaktoren + Kollagen + Hyalurons\u00e4ure], um Gesichtsz\u00fcge sichtbar zu straffen, die Haut aufzuf\u00fcllen und Volumen zu formen.<\/p>\n<p>\/ Nachtaktion<\/p>\n<p>Als Ergebnis der Forschung zur Hauterholung wirkt ein Duo von Aminos\u00e4uren auf die biomechanischen Eigenschaften der Haut, um Elastizit\u00e4t und Spannkraft w\u00e4hrend der Nacht wiederherzustellen.<\/p>\n<p>Ultra-Kokon-Balsam-Textur, die die Haut umh\u00fcllt und ihr schnell N\u00e4hrstoffe und Komfort spendet \u2013 50-ml-Tiegel<\/p>","protected":false},"excerpt":{"rendered":"<p>Ultra-Lifting Night Cream Sichtbare Verdichtung SLEEP &amp; LIFT, eine Ultra-Lifting-Nachtcreme mit Wirkstoffen aus \u00e4sthetischen Eingriffen f\u00fcr einen radikalen Anti-Aging-Effekt. Dieser ultraumh\u00fcllende sensorische Balsam verleiht dem Gesicht Nacht f\u00fcr Nacht N\u00e4hrstoffe und Komfort f\u00fcr eine straffere und regenerierte Haut. \/ \u00dcberraschende Lifting-Effektivit\u00e4t [gegl\u00e4ttete Merkmale + neu definierte Volumen] Zum ersten Mal in eine Nachtcreme integriert, kombiniert [&hellip;]<\/p>\n","protected":false},"featured_media":34159,"template":"","meta":{"_acf_changed":false,"footnotes":""},"product_brand":[],"product_cat":[47,42,54],"product_tag":[],"class_list":{"0":"post-33948","1":"product","2":"type-product","3":"status-publish","4":"has-post-thumbnail","6":"product_cat-dermocosmetique","7":"product_cat-para-pharmacie","8":"product_cat-soins-du-visage","10":"first","11":"outofstock","12":"taxable","13":"shipping-taxable","14":"purchasable","15":"product-type-simple"},"acf":[],"_links":{"self":[{"href":"https:\/\/www.pharmacieonline.lu\/de\/wp-json\/wp\/v2\/product\/33948","targetHints":{"allow":["GET"]}}],"collection":[{"href":"https:\/\/www.pharmacieonline.lu\/de\/wp-json\/wp\/v2\/product"}],"about":[{"href":"https:\/\/www.pharmacieonline.lu\/de\/wp-json\/wp\/v2\/types\/product"}],"version-history":[{"count":0,"href":"https:\/\/www.pharmacieonline.lu\/de\/wp-json\/wp\/v2\/product\/33948\/revisions"}],"wp:featuredmedia":[{"embeddable":true,"href":"https:\/\/www.pharmacieonline.lu\/de\/wp-json\/wp\/v2\/media\/34159"}],"wp:attachment":[{"href":"https:\/\/www.pharmacieonline.lu\/de\/wp-json\/wp\/v2\/media?parent=33948"}],"wp:term":[{"taxonomy":"product_brand","embeddable":true,"href":"https:\/\/www.pharmacieonline.lu\/de\/wp-json\/wp\/v2\/product_brand?post=33948"},{"taxonomy":"product_cat","embeddable":true,"href":"https:\/\/www.pharmacieonline.lu\/de\/wp-json\/wp\/v2\/product_cat?post=33948"},{"taxonomy":"product_tag","embeddable":true,"href":"https:\/\/www.pharmacieonline.lu\/de\/wp-json\/wp\/v2\/product_tag?post=33948"}],"curies":[{"name":"wp","href":"https:\/\/api.w.org\/{rel}","templated":true}]}}