{"id":33958,"date":"2023-03-24T10:05:56","date_gmt":"2023-03-24T09:05:56","guid":{"rendered":"https:\/\/www.pharmacieonline.lu\/?post_type=product&#038;p=33958"},"modified":"2026-04-09T03:55:34","modified_gmt":"2026-04-09T01:55:34","slug":"filorga-optim-eyes-15-ml","status":"publish","type":"product","link":"https:\/\/www.pharmacieonline.lu\/de\/produit\/filorga-optim-eyes-15-ml\/","title":{"rendered":"FILORGA OPTIM EYES 15 ML"},"content":{"rendered":"<p>AUGENKONTUR3 [DUNKLE RINGE &#8211; SCHWOLLEN &#8211; FALTEN]<\/p>\n<p>Augenringe, Schwellungen, Falten: Dieser integrale Korrektor bietet gleichzeitig eine dauerhafte Reaktion und einen sofortigen Erfrischungseffekt f\u00fcr alle Augenprobleme. 3 Ma\u00dfnahmen f\u00fcr eine vollst\u00e4ndige Anti-M\u00fcdigkeits- und Anti-Aging-Strategie:<\/p>\n<p>\/Concealer: Ein einzigartiger Komplex reduziert Augenringe, indem er die Entfernung pigmentierter R\u00fcckst\u00e4nde f\u00f6rdert.<br \/>\n\/Anti-Schwellungen: Leistungsstarke Wirkstoffe f\u00f6rdern die ven\u00f6se und lymphatische Zirkulation, um das untere Augenlid zu entleeren.<br \/>\n\/Anti-Aging: Hyalurons\u00e4ure + NCTF\u00ae straffen das Gewebe. Ein Trio aus entw\u00e4ssernden Wirkstoffen gl\u00e4ttet die Augenkontur f\u00fcr ein glatteres Aussehen.<\/p>","protected":false},"excerpt":{"rendered":"<p>AUGENKONTUR3 [DUNKLE RINGE &#8211; SCHWOLLEN &#8211; FALTEN] Augenringe, Schwellungen, Falten: Dieser integrale Korrektor bietet gleichzeitig eine dauerhafte Reaktion und einen sofortigen Erfrischungseffekt f\u00fcr alle Augenprobleme. 3 Ma\u00dfnahmen f\u00fcr eine vollst\u00e4ndige Anti-M\u00fcdigkeits- und Anti-Aging-Strategie: \/Concealer: Ein einzigartiger Komplex reduziert Augenringe, indem er die Entfernung pigmentierter R\u00fcckst\u00e4nde f\u00f6rdert. \/Anti-Schwellungen: Leistungsstarke Wirkstoffe f\u00f6rdern die ven\u00f6se und lymphatische Zirkulation, [&hellip;]<\/p>\n","protected":false},"featured_media":33961,"template":"","meta":{"_acf_changed":false,"footnotes":""},"product_brand":[],"product_cat":[47,42,54],"product_tag":[],"class_list":{"0":"post-33958","1":"product","2":"type-product","3":"status-publish","4":"has-post-thumbnail","6":"product_cat-dermocosmetique","7":"product_cat-para-pharmacie","8":"product_cat-soins-du-visage","10":"first","11":"instock","12":"taxable","13":"shipping-taxable","14":"purchasable","15":"product-type-simple"},"acf":[],"_links":{"self":[{"href":"https:\/\/www.pharmacieonline.lu\/de\/wp-json\/wp\/v2\/product\/33958","targetHints":{"allow":["GET"]}}],"collection":[{"href":"https:\/\/www.pharmacieonline.lu\/de\/wp-json\/wp\/v2\/product"}],"about":[{"href":"https:\/\/www.pharmacieonline.lu\/de\/wp-json\/wp\/v2\/types\/product"}],"version-history":[{"count":0,"href":"https:\/\/www.pharmacieonline.lu\/de\/wp-json\/wp\/v2\/product\/33958\/revisions"}],"wp:featuredmedia":[{"embeddable":true,"href":"https:\/\/www.pharmacieonline.lu\/de\/wp-json\/wp\/v2\/media\/33961"}],"wp:attachment":[{"href":"https:\/\/www.pharmacieonline.lu\/de\/wp-json\/wp\/v2\/media?parent=33958"}],"wp:term":[{"taxonomy":"product_brand","embeddable":true,"href":"https:\/\/www.pharmacieonline.lu\/de\/wp-json\/wp\/v2\/product_brand?post=33958"},{"taxonomy":"product_cat","embeddable":true,"href":"https:\/\/www.pharmacieonline.lu\/de\/wp-json\/wp\/v2\/product_cat?post=33958"},{"taxonomy":"product_tag","embeddable":true,"href":"https:\/\/www.pharmacieonline.lu\/de\/wp-json\/wp\/v2\/product_tag?post=33958"}],"curies":[{"name":"wp","href":"https:\/\/api.w.org\/{rel}","templated":true}]}}