{"id":33963,"date":"2023-03-24T10:07:37","date_gmt":"2023-03-24T09:07:37","guid":{"rendered":"https:\/\/www.pharmacieonline.lu\/?post_type=product&#038;p=33963"},"modified":"2026-04-15T21:55:22","modified_gmt":"2026-04-15T19:55:22","slug":"filorga-lift-mask1-masque-tissu-x1","status":"publish","type":"product","link":"https:\/\/www.pharmacieonline.lu\/de\/produit\/filorga-lift-mask1-masque-tissu-x1\/","title":{"rendered":"FILORGA LIFT MASK1 MASQUE TISSU x1"},"content":{"rendered":"<p>Super-Lifting-Gesichtsmaske<\/p>\n<p>Entdecken Sie die Anti-Aging-Gesichtsmaske mit Hyalurons\u00e4ure f\u00fcr einen Lifting-Effekt.<\/p>\n<p>\/Doppelter Straffungseffekt [angehobene Gesichtsz\u00fcge + aufgepolsterte Haut]<\/p>\n<p>Zum ersten Mal in den FILORGA Laboratories in eine Maske integriert, kombiniert Plasmatic Lifting Factors [zellul\u00e4re Faktoren + Kollagen + Hyalurons\u00e4ure], um die Gesichtsz\u00fcge sichtbar zu straffen und die Haut aufzuf\u00fcllen.<\/p>\n<p>\/Intensive Anti-Aging-Wirkung [Antioxidative Polyphenole]<\/p>\n<p>Ein starkes Antioxidans f\u00fcr einen sichtbaren jugendlichen Effekt und Polyphenole aus Sophora japonica, einer in der chinesischen Medizin verwendeten Blume, bek\u00e4mpfen die Hautalterung.<\/p>\n<p>\/Hautdiffusionsbeschleuniger [Skin-Lifting-Technologie]<\/p>\n<p>Erstmals hat FILORGA eine Maske mit Biozellulose-Textur mit Zweite-Haut-Effekt f\u00fcr eine perfekte Haftung an den Gesichtsrundungen und eine optimierte Impr\u00e4gnierung von Wirkstoffen entwickelt.<\/p>\n<p>Skin-Lifting-Technologie(1): eine beispiellose Biozellulose-Textur mit ultra-erfrischendem Zweite-Haut-Effekt und hoher Verteilung von Wirkstoffen.<\/p>\n<p>(1) Facelift-Technologie.<\/p>","protected":false},"excerpt":{"rendered":"<p>Super-Lifting-Gesichtsmaske Entdecken Sie die Anti-Aging-Gesichtsmaske mit Hyalurons\u00e4ure f\u00fcr einen Lifting-Effekt. \/Doppelter Straffungseffekt [angehobene Gesichtsz\u00fcge + aufgepolsterte Haut] Zum ersten Mal in den FILORGA Laboratories in eine Maske integriert, kombiniert Plasmatic Lifting Factors [zellul\u00e4re Faktoren + Kollagen + Hyalurons\u00e4ure], um die Gesichtsz\u00fcge sichtbar zu straffen und die Haut aufzuf\u00fcllen. \/Intensive Anti-Aging-Wirkung [Antioxidative Polyphenole] Ein starkes Antioxidans [&hellip;]<\/p>\n","protected":false},"featured_media":34164,"template":"","meta":{"_acf_changed":false,"footnotes":""},"product_brand":[],"product_cat":[47,42,54],"product_tag":[],"class_list":{"0":"post-33963","1":"product","2":"type-product","3":"status-publish","4":"has-post-thumbnail","6":"product_cat-dermocosmetique","7":"product_cat-para-pharmacie","8":"product_cat-soins-du-visage","10":"first","11":"instock","12":"taxable","13":"shipping-taxable","14":"purchasable","15":"product-type-simple"},"acf":[],"_links":{"self":[{"href":"https:\/\/www.pharmacieonline.lu\/de\/wp-json\/wp\/v2\/product\/33963","targetHints":{"allow":["GET"]}}],"collection":[{"href":"https:\/\/www.pharmacieonline.lu\/de\/wp-json\/wp\/v2\/product"}],"about":[{"href":"https:\/\/www.pharmacieonline.lu\/de\/wp-json\/wp\/v2\/types\/product"}],"version-history":[{"count":0,"href":"https:\/\/www.pharmacieonline.lu\/de\/wp-json\/wp\/v2\/product\/33963\/revisions"}],"wp:featuredmedia":[{"embeddable":true,"href":"https:\/\/www.pharmacieonline.lu\/de\/wp-json\/wp\/v2\/media\/34164"}],"wp:attachment":[{"href":"https:\/\/www.pharmacieonline.lu\/de\/wp-json\/wp\/v2\/media?parent=33963"}],"wp:term":[{"taxonomy":"product_brand","embeddable":true,"href":"https:\/\/www.pharmacieonline.lu\/de\/wp-json\/wp\/v2\/product_brand?post=33963"},{"taxonomy":"product_cat","embeddable":true,"href":"https:\/\/www.pharmacieonline.lu\/de\/wp-json\/wp\/v2\/product_cat?post=33963"},{"taxonomy":"product_tag","embeddable":true,"href":"https:\/\/www.pharmacieonline.lu\/de\/wp-json\/wp\/v2\/product_tag?post=33963"}],"curies":[{"name":"wp","href":"https:\/\/api.w.org\/{rel}","templated":true}]}}