{"id":33992,"date":"2023-03-24T10:22:56","date_gmt":"2023-03-24T09:22:56","guid":{"rendered":"https:\/\/www.pharmacieonline.lu\/?post_type=product&#038;p=33992"},"modified":"2026-04-09T05:55:23","modified_gmt":"2026-04-09T03:55:23","slug":"filorga-time-filler-mask-masque-tissu","status":"publish","type":"product","link":"https:\/\/www.pharmacieonline.lu\/de\/produit\/filorga-time-filler-mask-masque-tissu\/","title":{"rendered":"FILORGA TIME FILLER MASK MASQUE TISSU"},"content":{"rendered":"<p>Super-Gl\u00e4ttungsmaske Regenerierende Formel mit Kollagen<\/p>\n<p>TIME-FILLER MASK, die ganze Kraft eines Serums konzentriert in einer feuchtigkeitsspendenden Gesichtsmaske mit Zweite-Haut-Effekt f\u00fcr glattere, sichtbar j\u00fcnger aussehende Haut in 15 Minuten.<\/p>\n<p>TIME-FILLER MASK vereint alle Vorteile von TIME-FILLER, der absolut meistverkauften Creme von FILORGA, die Falten in 2 Monaten halbiert**.<\/p>\n<p>\/ Doppelter Gl\u00e4ttungseffekt [Tensor + F\u00fcller]<\/p>\n<p>Eine mit straffenden Wirkstoffen impr\u00e4gnierte Formel mit Hebekraft in Verbindung mit Kollagen nat\u00fcrlichen Ursprungs gl\u00e4ttet Falten sichtbar.<\/p>\n<p>\/ Intensive regenerierende Wirkung<\/p>\n<p>Ein zellul\u00e4rer Booster stimuliert die Hautregeneration f\u00fcr eine verbesserte Anti-Aging-Wirkung.<\/p>\n<p>Gel-Textur. Einwegmaske 24g<\/p>\n<p>**Klinische Studie \u2013 Mittlere instrumentelle Messung durch 3D-Bildgebung \u2013 40 Frauen \u2013 Anwendung morgens und\/oder abends.<\/p>","protected":false},"excerpt":{"rendered":"<p>Super-Gl\u00e4ttungsmaske Regenerierende Formel mit Kollagen TIME-FILLER MASK, die ganze Kraft eines Serums konzentriert in einer feuchtigkeitsspendenden Gesichtsmaske mit Zweite-Haut-Effekt f\u00fcr glattere, sichtbar j\u00fcnger aussehende Haut in 15 Minuten. TIME-FILLER MASK vereint alle Vorteile von TIME-FILLER, der absolut meistverkauften Creme von FILORGA, die Falten in 2 Monaten halbiert**. \/ Doppelter Gl\u00e4ttungseffekt [Tensor + F\u00fcller] Eine mit [&hellip;]<\/p>\n","protected":false},"featured_media":34175,"template":"","meta":{"_acf_changed":false,"footnotes":""},"product_brand":[],"product_cat":[47,42,54],"product_tag":[],"class_list":{"0":"post-33992","1":"product","2":"type-product","3":"status-publish","4":"has-post-thumbnail","6":"product_cat-dermocosmetique","7":"product_cat-para-pharmacie","8":"product_cat-soins-du-visage","10":"first","11":"instock","12":"taxable","13":"shipping-taxable","14":"purchasable","15":"product-type-simple"},"acf":[],"_links":{"self":[{"href":"https:\/\/www.pharmacieonline.lu\/de\/wp-json\/wp\/v2\/product\/33992","targetHints":{"allow":["GET"]}}],"collection":[{"href":"https:\/\/www.pharmacieonline.lu\/de\/wp-json\/wp\/v2\/product"}],"about":[{"href":"https:\/\/www.pharmacieonline.lu\/de\/wp-json\/wp\/v2\/types\/product"}],"version-history":[{"count":0,"href":"https:\/\/www.pharmacieonline.lu\/de\/wp-json\/wp\/v2\/product\/33992\/revisions"}],"wp:featuredmedia":[{"embeddable":true,"href":"https:\/\/www.pharmacieonline.lu\/de\/wp-json\/wp\/v2\/media\/34175"}],"wp:attachment":[{"href":"https:\/\/www.pharmacieonline.lu\/de\/wp-json\/wp\/v2\/media?parent=33992"}],"wp:term":[{"taxonomy":"product_brand","embeddable":true,"href":"https:\/\/www.pharmacieonline.lu\/de\/wp-json\/wp\/v2\/product_brand?post=33992"},{"taxonomy":"product_cat","embeddable":true,"href":"https:\/\/www.pharmacieonline.lu\/de\/wp-json\/wp\/v2\/product_cat?post=33992"},{"taxonomy":"product_tag","embeddable":true,"href":"https:\/\/www.pharmacieonline.lu\/de\/wp-json\/wp\/v2\/product_tag?post=33992"}],"curies":[{"name":"wp","href":"https:\/\/api.w.org\/{rel}","templated":true}]}}