{"id":33999,"date":"2023-03-24T10:31:11","date_gmt":"2023-03-24T09:31:11","guid":{"rendered":"https:\/\/www.pharmacieonline.lu\/?post_type=product&#038;p=33999"},"modified":"2026-04-09T07:55:17","modified_gmt":"2026-04-09T05:55:17","slug":"filorga-skin-unify-intensive-serum-30ml","status":"publish","type":"product","link":"https:\/\/www.pharmacieonline.lu\/de\/produit\/filorga-skin-unify-intensive-serum-30ml\/","title":{"rendered":"FILORGA SKIN UNIFY INTENSIVE SERUM 30ML"},"content":{"rendered":"<p>HAUTVEREINIGUNG INTENSIV<br \/>\nLeuchtendes Vereinigungsserum<br \/>\nDieses Anti-Flecken-Gesichtsserum ist von 3 Techniken der \u00e4sthetischen Medizin inspiriert, es gleicht die Haut aus und erhellt sie f\u00fcr einen sublimierten Teint*.<\/p>\n<p>Dieses vereinheitlichende und aufhellende Gesichtsserum enth\u00e4lt eine kosmetische Kernformel, die von Laser, Peeling und medizinischem Strobing inspiriert ist: die neue, strahlende \u00e4sthetische Technik. Seine hochmodernen Wirkstoffe reduzieren dunkle Flecken, gleichen den Teint aus und f\u00fcllen die Haut auf, um die hellen Bereiche nachzubilden. Sein +: ein antioxidativer Wirkstoff f\u00fcr eine sch\u00fctzende und umweltfreundliche Wirkung.<\/p>\n<p>\/ Wirkung gegen Pigmentflecken [Laserinspiration]: Die Gesichtspflege SKIN-UNIFY INTENSIVE gegen Pigmentflecken ist mit einer Kombination aus 3 vereinheitlichenden Wirkstoffen [Vitamin C + Glabridin + Algenextrakt] formuliert, um Pigmentflecken effektiv zu reduzieren.<\/p>\n<p>\/ Vereinheitlichende Wirkung [Peeling Inspiration]: Ein regenerierender Wirkstoff pflanzlichen Ursprungs, der aus der Schafgarbe gewonnen wird, um einen sichtbar ebenm\u00e4\u00dfigeren Teint wiederherzustellen.<\/p>\n<p>\/ Aufhellende Wirkung [medizinische Blitzinspiration]: Eine hochmolekulare Hyalurons\u00e4ure, eingekapselt in Mikrok\u00fcgelchen, polstert die Haut auf, damit sie das Licht besser reflektieren kann.<\/p>\n<p>Das +: Ein Peptid mit antioxidativer und umweltfreundlicher Wirkung, um den Auswirkungen von Unreinheiten entgegenzuwirken, die f\u00fcr das Auftreten von dunklen Flecken und einem fahlen Teint verantwortlich sind.<\/p>\n<p>30 ml Pumpflasche<\/p>\n<p>*Kosmetische Wirksamkeit<\/p>","protected":false},"excerpt":{"rendered":"<p>HAUTVEREINIGUNG INTENSIV Leuchtendes Vereinigungsserum Dieses Anti-Flecken-Gesichtsserum ist von 3 Techniken der \u00e4sthetischen Medizin inspiriert, es gleicht die Haut aus und erhellt sie f\u00fcr einen sublimierten Teint*. Dieses vereinheitlichende und aufhellende Gesichtsserum enth\u00e4lt eine kosmetische Kernformel, die von Laser, Peeling und medizinischem Strobing inspiriert ist: die neue, strahlende \u00e4sthetische Technik. Seine hochmodernen Wirkstoffe reduzieren dunkle Flecken, [&hellip;]<\/p>\n","protected":false},"featured_media":34000,"template":"","meta":{"_acf_changed":false,"footnotes":""},"product_brand":[],"product_cat":[47,42,54],"product_tag":[],"class_list":{"0":"post-33999","1":"product","2":"type-product","3":"status-publish","4":"has-post-thumbnail","6":"product_cat-dermocosmetique","7":"product_cat-para-pharmacie","8":"product_cat-soins-du-visage","10":"first","11":"instock","12":"taxable","13":"shipping-taxable","14":"purchasable","15":"product-type-simple"},"acf":[],"_links":{"self":[{"href":"https:\/\/www.pharmacieonline.lu\/de\/wp-json\/wp\/v2\/product\/33999","targetHints":{"allow":["GET"]}}],"collection":[{"href":"https:\/\/www.pharmacieonline.lu\/de\/wp-json\/wp\/v2\/product"}],"about":[{"href":"https:\/\/www.pharmacieonline.lu\/de\/wp-json\/wp\/v2\/types\/product"}],"version-history":[{"count":0,"href":"https:\/\/www.pharmacieonline.lu\/de\/wp-json\/wp\/v2\/product\/33999\/revisions"}],"wp:featuredmedia":[{"embeddable":true,"href":"https:\/\/www.pharmacieonline.lu\/de\/wp-json\/wp\/v2\/media\/34000"}],"wp:attachment":[{"href":"https:\/\/www.pharmacieonline.lu\/de\/wp-json\/wp\/v2\/media?parent=33999"}],"wp:term":[{"taxonomy":"product_brand","embeddable":true,"href":"https:\/\/www.pharmacieonline.lu\/de\/wp-json\/wp\/v2\/product_brand?post=33999"},{"taxonomy":"product_cat","embeddable":true,"href":"https:\/\/www.pharmacieonline.lu\/de\/wp-json\/wp\/v2\/product_cat?post=33999"},{"taxonomy":"product_tag","embeddable":true,"href":"https:\/\/www.pharmacieonline.lu\/de\/wp-json\/wp\/v2\/product_tag?post=33999"}],"curies":[{"name":"wp","href":"https:\/\/api.w.org\/{rel}","templated":true}]}}