{"id":34004,"date":"2023-03-24T10:33:17","date_gmt":"2023-03-24T09:33:17","guid":{"rendered":"https:\/\/www.pharmacieonline.lu\/?post_type=product&#038;p=34004"},"modified":"2026-04-17T19:55:16","modified_gmt":"2026-04-17T17:55:16","slug":"filorga-hydra-hyal-creme-gel-pot-de-50ml","status":"publish","type":"product","link":"https:\/\/www.pharmacieonline.lu\/de\/produit\/filorga-hydra-hyal-creme-gel-pot-de-50ml\/","title":{"rendered":"FILORGA HYDRA HYAL CREME GEL POT DE 50ML"},"content":{"rendered":"<p>HYDRA-HYAL-GEL-CREME<br \/>\nMattierende Anti-Aging-Tagescreme<\/p>\n<p>Entdecken Sie HYDRA-HYAL Gel-Creme, die feuchtigkeitsspendende Gesichtspflege mit Hyalurons\u00e4ure, f\u00fcr hydratisierte, gegl\u00e4ttete und pralle Haut.<\/p>\n<p>Mit der HYDRA-HYAL-Reihe l\u00e4sst sich FILORGA von der \u00e4sthetischen Medizin inspirieren und st\u00fctzt sich auf fast 40 Jahre* Expertise in Injektionsmitteln.<\/p>\n<p>Die Marke enth\u00e4lt in HYDRA-HYAL CR\u00c8ME-GEL einen Komplex, der ein Duo von Hyalurons\u00e4uren [vernetzt + mit niedrigem Molekulargewicht] an das Herz der Haut liefert, um den idealen Feuchtigkeitsgehalt der Haut wiederherzustellen und sie aufzuf\u00fcllen und gleichzeitig der Hautalterung vorzubeugen . Angereichert mit einem adstringierenden Pflanzenwirkstoff soll die Formel dar\u00fcber hinaus die Poren verfeinern und dauerhaft mattieren, f\u00fcr einen makellosen Teint.<\/p>\n<p>Eine beispiellose Synergie von Hyalurons\u00e4uren, die der Haut die ultimative Anti-Aging-Hydratation bietet! Unabh\u00e4ngig vom Alter oder Hauttyp passt die HYDRA-HYAL-Reihe in alle Hautpflegeroutinen f\u00fcr durstige Haut. Mit der Tagespflege HYDRA-HYAL r\u00fcckt FILORGA die Feuchtigkeit wieder ins Zentrum des Kampfes gegen die Hautalterung und bietet Frauen ein neues Anti-Aging-Kosmetik-Nugget.<\/p>\n<p>Es wird zus\u00e4tzlich zum HYDRA-HYAL-Serum verwendet, um die super-feuchtigkeitsspendende und stark aufpolsternde Wirkung des HYAL-DIFFUSING-FACTORS-Komplexes zu verst\u00e4rken.<\/p>\n<p>50 ml Glas<\/p>","protected":false},"excerpt":{"rendered":"<p>HYDRA-HYAL-GEL-CREME Mattierende Anti-Aging-Tagescreme Entdecken Sie HYDRA-HYAL Gel-Creme, die feuchtigkeitsspendende Gesichtspflege mit Hyalurons\u00e4ure, f\u00fcr hydratisierte, gegl\u00e4ttete und pralle Haut. Mit der HYDRA-HYAL-Reihe l\u00e4sst sich FILORGA von der \u00e4sthetischen Medizin inspirieren und st\u00fctzt sich auf fast 40 Jahre* Expertise in Injektionsmitteln. Die Marke enth\u00e4lt in HYDRA-HYAL CR\u00c8ME-GEL einen Komplex, der ein Duo von Hyalurons\u00e4uren [vernetzt + mit [&hellip;]<\/p>\n","protected":false},"featured_media":34006,"template":"","meta":{"_acf_changed":false,"footnotes":""},"product_brand":[],"product_cat":[47,42,54],"product_tag":[],"class_list":{"0":"post-34004","1":"product","2":"type-product","3":"status-publish","4":"has-post-thumbnail","6":"product_cat-dermocosmetique","7":"product_cat-para-pharmacie","8":"product_cat-soins-du-visage","10":"first","11":"instock","12":"taxable","13":"shipping-taxable","14":"purchasable","15":"product-type-simple"},"acf":[],"_links":{"self":[{"href":"https:\/\/www.pharmacieonline.lu\/de\/wp-json\/wp\/v2\/product\/34004","targetHints":{"allow":["GET"]}}],"collection":[{"href":"https:\/\/www.pharmacieonline.lu\/de\/wp-json\/wp\/v2\/product"}],"about":[{"href":"https:\/\/www.pharmacieonline.lu\/de\/wp-json\/wp\/v2\/types\/product"}],"version-history":[{"count":0,"href":"https:\/\/www.pharmacieonline.lu\/de\/wp-json\/wp\/v2\/product\/34004\/revisions"}],"wp:featuredmedia":[{"embeddable":true,"href":"https:\/\/www.pharmacieonline.lu\/de\/wp-json\/wp\/v2\/media\/34006"}],"wp:attachment":[{"href":"https:\/\/www.pharmacieonline.lu\/de\/wp-json\/wp\/v2\/media?parent=34004"}],"wp:term":[{"taxonomy":"product_brand","embeddable":true,"href":"https:\/\/www.pharmacieonline.lu\/de\/wp-json\/wp\/v2\/product_brand?post=34004"},{"taxonomy":"product_cat","embeddable":true,"href":"https:\/\/www.pharmacieonline.lu\/de\/wp-json\/wp\/v2\/product_cat?post=34004"},{"taxonomy":"product_tag","embeddable":true,"href":"https:\/\/www.pharmacieonline.lu\/de\/wp-json\/wp\/v2\/product_tag?post=34004"}],"curies":[{"name":"wp","href":"https:\/\/api.w.org\/{rel}","templated":true}]}}