{"id":34026,"date":"2023-03-24T10:50:10","date_gmt":"2023-03-24T09:50:10","guid":{"rendered":"https:\/\/www.pharmacieonline.lu\/?post_type=product&#038;p=34026"},"modified":"2026-04-09T07:55:17","modified_gmt":"2026-04-09T05:55:17","slug":"filorga-oxygen-glow-cc-cream-40ml","status":"publish","type":"product","link":"https:\/\/www.pharmacieonline.lu\/de\/produit\/filorga-oxygen-glow-cc-cream-40ml\/","title":{"rendered":"FILORGA OXYGEN-GLOW CC CREAM 40ML"},"content":{"rendered":"<p>GLOBAL-REPARATUR INTENSIV<br \/>\nNutri-Youth Multi-Revitalisierungsserum<br \/>\nGLOBAL-REPAIR INTENSIVE, die Anti-Aging Gesichtspflege mit Retinol f\u00fcr straffere Haut und einen strahlenden Teint.<\/p>\n<p>Entdecken Sie dieses globale Anti-Aging- und Ern\u00e4hrungsserum f\u00fcr devitalisierte Haut. GLOBAL-REPAIR INTENSIVE kann als Tagesserum oder gemischt mit der GLOBAL-REPAIR-Creme als Nachtmaske verwendet werden.<\/p>\n<p>Inspiriert von anerkannten Techniken der \u00e4sthetischen Medizin bietet seine konzentrierte Formel sichtbare Wirksamkeit bei allen Zeichen der Hautalterung wie Dehydration, ausgepr\u00e4gte Falten, mangelnde Straffheit, schlaffe Ovale, mangelnde Ebenm\u00e4\u00dfigkeit und Erm\u00fcdung des Teints.<\/p>\n<p>\/ Vitalisierende Ern\u00e4hrung<\/p>\n<p>3 Supern\u00e4hrstoffe [ Ceramide + Omega + Vitamine ] wirken synergetisch, um der Haut Geschmeidigkeit und Vitalit\u00e4t zur\u00fcckzugeben.<\/p>\n<p>\/ Globale Anti-Aging-Wirkung<\/p>\n<p>50 Meso-Inhaltsstoffe + 4 Zell-Booster, inspiriert von Techniken der \u00e4sthetischen Medizin, wirken zusammen gegen alle Zeichen der Hautalterung.<\/p>\n<p>\/ Chrono-unterst\u00fctzte Aktion<\/p>\n<p>Dieses Serum kann in der Tagespflege, aber auch in der Nachtpflege verwendet werden, wenn es mit GLOBAL-REPAIR-Creme gemischt wird.<\/p>\n<p>Absolutes Samt-Finish \u2013 30 ml Pumpflasche<\/p>","protected":false},"excerpt":{"rendered":"<p>GLOBAL-REPARATUR INTENSIV Nutri-Youth Multi-Revitalisierungsserum GLOBAL-REPAIR INTENSIVE, die Anti-Aging Gesichtspflege mit Retinol f\u00fcr straffere Haut und einen strahlenden Teint. Entdecken Sie dieses globale Anti-Aging- und Ern\u00e4hrungsserum f\u00fcr devitalisierte Haut. GLOBAL-REPAIR INTENSIVE kann als Tagesserum oder gemischt mit der GLOBAL-REPAIR-Creme als Nachtmaske verwendet werden. Inspiriert von anerkannten Techniken der \u00e4sthetischen Medizin bietet seine konzentrierte Formel sichtbare Wirksamkeit [&hellip;]<\/p>\n","protected":false},"featured_media":34031,"template":"","meta":{"_acf_changed":false,"footnotes":""},"product_brand":[],"product_cat":[47,42,54],"product_tag":[],"class_list":{"0":"post-34026","1":"product","2":"type-product","3":"status-publish","4":"has-post-thumbnail","6":"product_cat-dermocosmetique","7":"product_cat-para-pharmacie","8":"product_cat-soins-du-visage","10":"first","11":"instock","12":"taxable","13":"shipping-taxable","14":"purchasable","15":"product-type-simple"},"acf":[],"_links":{"self":[{"href":"https:\/\/www.pharmacieonline.lu\/de\/wp-json\/wp\/v2\/product\/34026","targetHints":{"allow":["GET"]}}],"collection":[{"href":"https:\/\/www.pharmacieonline.lu\/de\/wp-json\/wp\/v2\/product"}],"about":[{"href":"https:\/\/www.pharmacieonline.lu\/de\/wp-json\/wp\/v2\/types\/product"}],"version-history":[{"count":0,"href":"https:\/\/www.pharmacieonline.lu\/de\/wp-json\/wp\/v2\/product\/34026\/revisions"}],"wp:featuredmedia":[{"embeddable":true,"href":"https:\/\/www.pharmacieonline.lu\/de\/wp-json\/wp\/v2\/media\/34031"}],"wp:attachment":[{"href":"https:\/\/www.pharmacieonline.lu\/de\/wp-json\/wp\/v2\/media?parent=34026"}],"wp:term":[{"taxonomy":"product_brand","embeddable":true,"href":"https:\/\/www.pharmacieonline.lu\/de\/wp-json\/wp\/v2\/product_brand?post=34026"},{"taxonomy":"product_cat","embeddable":true,"href":"https:\/\/www.pharmacieonline.lu\/de\/wp-json\/wp\/v2\/product_cat?post=34026"},{"taxonomy":"product_tag","embeddable":true,"href":"https:\/\/www.pharmacieonline.lu\/de\/wp-json\/wp\/v2\/product_tag?post=34026"}],"curies":[{"name":"wp","href":"https:\/\/api.w.org\/{rel}","templated":true}]}}