{"id":34033,"date":"2023-03-24T10:53:17","date_gmt":"2023-03-24T09:53:17","guid":{"rendered":"https:\/\/www.pharmacieonline.lu\/?post_type=product&#038;p=34033"},"modified":"2026-04-11T21:55:17","modified_gmt":"2026-04-11T19:55:17","slug":"filorga-oxygen-glow-creme-50-ml","status":"publish","type":"product","link":"https:\/\/www.pharmacieonline.lu\/de\/produit\/filorga-oxygen-glow-creme-50-ml\/","title":{"rendered":"FILORGA OXYGEN GLOW CREME 50 ML"},"content":{"rendered":"<p>SAUERSTOFF-GL\u00dcHEN<br \/>\nRadiance Superperfektionierende Creme<br \/>\nOXYGEN-GLOW, eine super-perfektionierende Tagescreme, die die Haut in Echtzeit korrigiert und die Ausstrahlung sofort und nachhaltig f\u00fcr eine nat\u00fcrlich sch\u00f6ne Haut steigert.<\/p>\n<p>\/ Null-Fehler-Hautziel<\/p>\n<p>Der von FILORGA entwickelte Super-Skin Boosting Factors-Komplex kombiniert einen energetisierenden Oxygenierungsbooster, aufpolsternde und gl\u00e4ttende Hyalurons\u00e4ure und entgiftendes L-Enzym*, um Tag f\u00fcr Tag makellose Haut zum Vorschein zu bringen.<\/p>\n<p>Das +: Verst\u00e4rkte vereinheitlichende Wirkung dank eines farbkontrollierenden Peptids**.<\/p>\n<p>\/ Sofortige Ausstrahlung mit blo\u00dfem Auge sichtbar<\/p>\n<p>Eine hydratisierende Textur mit integrierter Photoperfector HD-Technologie f\u00fcr einen sofortigen sublimierten Hauteffekt.<\/p>\n<p>Nicht komedogene Cremetextur \u2013 Tube (30 ml) oder Tiegel (50 ml)<\/p>\n<p>* In-vitro-Test auf aktiv. **Farbregulierendes Peptid.<\/p>","protected":false},"excerpt":{"rendered":"<p>SAUERSTOFF-GL\u00dcHEN Radiance Superperfektionierende Creme OXYGEN-GLOW, eine super-perfektionierende Tagescreme, die die Haut in Echtzeit korrigiert und die Ausstrahlung sofort und nachhaltig f\u00fcr eine nat\u00fcrlich sch\u00f6ne Haut steigert. \/ Null-Fehler-Hautziel Der von FILORGA entwickelte Super-Skin Boosting Factors-Komplex kombiniert einen energetisierenden Oxygenierungsbooster, aufpolsternde und gl\u00e4ttende Hyalurons\u00e4ure und entgiftendes L-Enzym*, um Tag f\u00fcr Tag makellose Haut zum Vorschein zu [&hellip;]<\/p>\n","protected":false},"featured_media":34034,"template":"","meta":{"_acf_changed":false,"footnotes":""},"product_brand":[],"product_cat":[47,42,54],"product_tag":[],"class_list":{"0":"post-34033","1":"product","2":"type-product","3":"status-publish","4":"has-post-thumbnail","6":"product_cat-dermocosmetique","7":"product_cat-para-pharmacie","8":"product_cat-soins-du-visage","10":"first","11":"instock","12":"taxable","13":"shipping-taxable","14":"purchasable","15":"product-type-simple"},"acf":[],"_links":{"self":[{"href":"https:\/\/www.pharmacieonline.lu\/de\/wp-json\/wp\/v2\/product\/34033","targetHints":{"allow":["GET"]}}],"collection":[{"href":"https:\/\/www.pharmacieonline.lu\/de\/wp-json\/wp\/v2\/product"}],"about":[{"href":"https:\/\/www.pharmacieonline.lu\/de\/wp-json\/wp\/v2\/types\/product"}],"version-history":[{"count":0,"href":"https:\/\/www.pharmacieonline.lu\/de\/wp-json\/wp\/v2\/product\/34033\/revisions"}],"wp:featuredmedia":[{"embeddable":true,"href":"https:\/\/www.pharmacieonline.lu\/de\/wp-json\/wp\/v2\/media\/34034"}],"wp:attachment":[{"href":"https:\/\/www.pharmacieonline.lu\/de\/wp-json\/wp\/v2\/media?parent=34033"}],"wp:term":[{"taxonomy":"product_brand","embeddable":true,"href":"https:\/\/www.pharmacieonline.lu\/de\/wp-json\/wp\/v2\/product_brand?post=34033"},{"taxonomy":"product_cat","embeddable":true,"href":"https:\/\/www.pharmacieonline.lu\/de\/wp-json\/wp\/v2\/product_cat?post=34033"},{"taxonomy":"product_tag","embeddable":true,"href":"https:\/\/www.pharmacieonline.lu\/de\/wp-json\/wp\/v2\/product_tag?post=34033"}],"curies":[{"name":"wp","href":"https:\/\/api.w.org\/{rel}","templated":true}]}}