{"id":34036,"date":"2023-03-24T10:55:28","date_gmt":"2023-03-24T09:55:28","guid":{"rendered":"https:\/\/www.pharmacieonline.lu\/?post_type=product&#038;p=34036"},"modified":"2026-04-11T21:55:17","modified_gmt":"2026-04-11T19:55:17","slug":"filorga-oxygen-glow-eyes-15-ml","status":"publish","type":"product","link":"https:\/\/www.pharmacieonline.lu\/de\/produit\/filorga-oxygen-glow-eyes-15-ml\/","title":{"rendered":"FILORGA OXYGEN GLOW EYES 15 ML"},"content":{"rendered":"<p>SAUERSTOFF-GL\u00dcHEN [AUGEN]<br \/>\nRadiance Supergl\u00e4ttende Augenpflege<br \/>\nOXYGEN-GLOW [EYES], eine supergl\u00e4ttende Augenpflege, die M\u00fcdigkeit erfrischt und die Ausstrahlung f\u00fcr ein nat\u00fcrlich verbessertes Aussehen f\u00f6rdert: erfrischt \u2013 spendet Feuchtigkeit \u2013 entgiftet*<\/p>\n<p>\/ Null-Fehler-Augenlinse<\/p>\n<p>Der von FILORGA entwickelte Super-Skin Boosting Factors-Komplex kombiniert einen Sauerstoff-Booster, Hyalurons\u00e4ure und entgiftendes L-Enzym**, um Tag f\u00fcr Tag makellose Augen zum Vorschein zu bringen.<\/p>\n<p>\/ Das +: Verst\u00e4rkte Concealer-Wirkung.<\/p>\n<p>\/ Sofortiges Strahlen<\/p>\n<p>Eine hydratisierende Textur mit integrierter Photoperfector HD-Technologie f\u00fcr einen sofortigen verbesserten Look-Effekt.<\/p>\n<p>Augen\u00e4rztlich getestet &#8211; f\u00fcr empfindliche Augen geeignet. Tube \u2013 15ml<\/p>","protected":false},"excerpt":{"rendered":"<p>SAUERSTOFF-GL\u00dcHEN [AUGEN] Radiance Supergl\u00e4ttende Augenpflege OXYGEN-GLOW [EYES], eine supergl\u00e4ttende Augenpflege, die M\u00fcdigkeit erfrischt und die Ausstrahlung f\u00fcr ein nat\u00fcrlich verbessertes Aussehen f\u00f6rdert: erfrischt \u2013 spendet Feuchtigkeit \u2013 entgiftet* \/ Null-Fehler-Augenlinse Der von FILORGA entwickelte Super-Skin Boosting Factors-Komplex kombiniert einen Sauerstoff-Booster, Hyalurons\u00e4ure und entgiftendes L-Enzym**, um Tag f\u00fcr Tag makellose Augen zum Vorschein zu bringen. \/ [&hellip;]<\/p>\n","protected":false},"featured_media":34041,"template":"","meta":{"_acf_changed":false,"footnotes":""},"product_brand":[],"product_cat":[47,42,54],"product_tag":[],"class_list":{"0":"post-34036","1":"product","2":"type-product","3":"status-publish","4":"has-post-thumbnail","6":"product_cat-dermocosmetique","7":"product_cat-para-pharmacie","8":"product_cat-soins-du-visage","10":"first","11":"outofstock","12":"taxable","13":"shipping-taxable","14":"purchasable","15":"product-type-simple"},"acf":[],"_links":{"self":[{"href":"https:\/\/www.pharmacieonline.lu\/de\/wp-json\/wp\/v2\/product\/34036","targetHints":{"allow":["GET"]}}],"collection":[{"href":"https:\/\/www.pharmacieonline.lu\/de\/wp-json\/wp\/v2\/product"}],"about":[{"href":"https:\/\/www.pharmacieonline.lu\/de\/wp-json\/wp\/v2\/types\/product"}],"version-history":[{"count":0,"href":"https:\/\/www.pharmacieonline.lu\/de\/wp-json\/wp\/v2\/product\/34036\/revisions"}],"wp:featuredmedia":[{"embeddable":true,"href":"https:\/\/www.pharmacieonline.lu\/de\/wp-json\/wp\/v2\/media\/34041"}],"wp:attachment":[{"href":"https:\/\/www.pharmacieonline.lu\/de\/wp-json\/wp\/v2\/media?parent=34036"}],"wp:term":[{"taxonomy":"product_brand","embeddable":true,"href":"https:\/\/www.pharmacieonline.lu\/de\/wp-json\/wp\/v2\/product_brand?post=34036"},{"taxonomy":"product_cat","embeddable":true,"href":"https:\/\/www.pharmacieonline.lu\/de\/wp-json\/wp\/v2\/product_cat?post=34036"},{"taxonomy":"product_tag","embeddable":true,"href":"https:\/\/www.pharmacieonline.lu\/de\/wp-json\/wp\/v2\/product_tag?post=34036"}],"curies":[{"name":"wp","href":"https:\/\/api.w.org\/{rel}","templated":true}]}}