{"id":34040,"date":"2023-03-24T10:56:29","date_gmt":"2023-03-24T09:56:29","guid":{"rendered":"https:\/\/www.pharmacieonline.lu\/?post_type=product&#038;p=34040"},"modified":"2026-04-17T17:55:22","modified_gmt":"2026-04-17T15:55:22","slug":"filorga-ncef-shot-flacon-15ml","status":"publish","type":"product","link":"https:\/\/www.pharmacieonline.lu\/de\/produit\/filorga-ncef-shot-flacon-15ml\/","title":{"rendered":"FILORGA NCEF SHOT FLACON 15ML"},"content":{"rendered":"<p>Ultimatives poly-revitalisierendes Konzentrat<\/p>\n<p>Entdecken Sie NCEF-SHOT, die konzentrierte Anti-Aging- und Anti-Falten-Gesichtspflege, die Falten sichtbar reduziert f\u00fcr eine straffe und strahlende Haut. Eine t\u00e4gliche Wirkstoffdosis, die 1 Meso-Injektion (1) entspricht, konzentriert in einer intensiven Regenerationsbehandlung, um die Hautqualit\u00e4t zu verbessern und die Korrektur von Zeichen der Hautalterung in 10 Tagen zu f\u00f6rdern.<\/p>\n<p>Das Geheimnis dieser Anti-Falten-Gesichtsbehandlung? Eine ultrakonzentrierte Formel in NCEF, einem einzigartigen polyrevitalisierenden Komplex, der von FILORGA Laboratories entwickelt wurde und in dem erstmals 50 Inhaltsstoffe in einer Dosis integriert sind, die der einer Meso-Injektion pro Tag entspricht(1).<\/p>\n<p>\/ Zellaktivierung [Faltenkorrektur + Festigkeit + Ausstrahlung]<\/p>\n<p>Ein leistungsstarker biotechnologischer Komplex aktiviert neue Zellen f\u00fcr eine verst\u00e4rkte Korrektur der Zeichen der Hautalterung. Ideal bei Jahreszeitenwechseln, Stress- oder Erm\u00fcdungsphasen.<\/p>\n<p>Ultraleichte Textur, hohe Penetration. 15 ml Tropfflasche.<\/p>\n<p>(1) Wirksamkeit einer kosmetischen Behandlung, deren Formel aus 50 Inhaltsstoffen besteht, die in einer t\u00e4glichen Menge integriert sind, die der einer Meso-Injektion entspricht. Meso-Injektion urspr\u00fcnglich von FILORGA entwickelt.<\/p>","protected":false},"excerpt":{"rendered":"<p>Ultimatives poly-revitalisierendes Konzentrat Entdecken Sie NCEF-SHOT, die konzentrierte Anti-Aging- und Anti-Falten-Gesichtspflege, die Falten sichtbar reduziert f\u00fcr eine straffe und strahlende Haut. Eine t\u00e4gliche Wirkstoffdosis, die 1 Meso-Injektion (1) entspricht, konzentriert in einer intensiven Regenerationsbehandlung, um die Hautqualit\u00e4t zu verbessern und die Korrektur von Zeichen der Hautalterung in 10 Tagen zu f\u00f6rdern. Das Geheimnis dieser Anti-Falten-Gesichtsbehandlung? [&hellip;]<\/p>\n","protected":false},"featured_media":34111,"template":"","meta":{"_acf_changed":false,"footnotes":""},"product_brand":[],"product_cat":[47,42,54],"product_tag":[],"class_list":{"0":"post-34040","1":"product","2":"type-product","3":"status-publish","4":"has-post-thumbnail","6":"product_cat-dermocosmetique","7":"product_cat-para-pharmacie","8":"product_cat-soins-du-visage","10":"first","11":"instock","12":"taxable","13":"shipping-taxable","14":"purchasable","15":"product-type-simple"},"acf":[],"_links":{"self":[{"href":"https:\/\/www.pharmacieonline.lu\/de\/wp-json\/wp\/v2\/product\/34040","targetHints":{"allow":["GET"]}}],"collection":[{"href":"https:\/\/www.pharmacieonline.lu\/de\/wp-json\/wp\/v2\/product"}],"about":[{"href":"https:\/\/www.pharmacieonline.lu\/de\/wp-json\/wp\/v2\/types\/product"}],"version-history":[{"count":0,"href":"https:\/\/www.pharmacieonline.lu\/de\/wp-json\/wp\/v2\/product\/34040\/revisions"}],"wp:featuredmedia":[{"embeddable":true,"href":"https:\/\/www.pharmacieonline.lu\/de\/wp-json\/wp\/v2\/media\/34111"}],"wp:attachment":[{"href":"https:\/\/www.pharmacieonline.lu\/de\/wp-json\/wp\/v2\/media?parent=34040"}],"wp:term":[{"taxonomy":"product_brand","embeddable":true,"href":"https:\/\/www.pharmacieonline.lu\/de\/wp-json\/wp\/v2\/product_brand?post=34040"},{"taxonomy":"product_cat","embeddable":true,"href":"https:\/\/www.pharmacieonline.lu\/de\/wp-json\/wp\/v2\/product_cat?post=34040"},{"taxonomy":"product_tag","embeddable":true,"href":"https:\/\/www.pharmacieonline.lu\/de\/wp-json\/wp\/v2\/product_tag?post=34040"}],"curies":[{"name":"wp","href":"https:\/\/api.w.org\/{rel}","templated":true}]}}