{"id":34046,"date":"2023-03-24T11:00:07","date_gmt":"2023-03-24T10:00:07","guid":{"rendered":"https:\/\/www.pharmacieonline.lu\/?post_type=product&#038;p=34046"},"modified":"2026-04-09T07:55:16","modified_gmt":"2026-04-09T05:55:16","slug":"filorga-ncef-revers-mat-50-ml","status":"publish","type":"product","link":"https:\/\/www.pharmacieonline.lu\/de\/produit\/filorga-ncef-revers-mat-50-ml\/","title":{"rendered":"FILORGA NCEF REVERS MAT 50 ML"},"content":{"rendered":"<p>Supreme Multi-Korrekturfl\u00fcssigkeit<br \/>\nFalten \u2013 Festigkeit \u2013 Ausstrahlung<\/p>\n<p>NCEF-REVERSE MAT, ein multikorrigierendes und mattierendes Anti-Aging-Gesichts-Tagesfluid mit konzentriertem NCEF f\u00fcr eine verst\u00e4rkte Pro-Jugend-Wirkung und eine erneuerte Hautqualit\u00e4t.<\/p>\n<p>Mattierende Anti-Aging-Gesichtsbehandlung f\u00fcr Mischhaut, inspiriert von Meso-Injektionen.<\/p>\n<p>\/ Intensive Erneuerung der Hautqualit\u00e4t [Regeneration Activated]<\/p>\n<p>Eine Formel mit NCEF, einem einzigartigen polyrevitalisierenden Komplex, der von FILORGA Laboratories entwickelt wurde und in dem erstmals 50 Inhaltsstoffe in Konzentrationen integriert sind, die mit denen vergleichbar sind, die bei der Meso-Injektion* verwendet werden.<\/p>\n<p>\/ Korrektur \u00fcberaktiviert [Falten \u2013 Festigkeit \u2013 Ausstrahlung]<\/p>\n<p>Renommierte Wirkstoffe im Kampf gegen das Altern [Hyalurons\u00e4ure+Kollagen+Vitamine A, H und E] in Verbindung mit Effizienzboostern wirken gleichzeitig auf die Gl\u00e4ttung von F\u00e4ltchen, erschlaffter Haut und die Homogenit\u00e4t des Teints.<\/p>\n<p>Leichte Textur mit perfektionierendem Komplex [Mattigkeit + Poren]. Mattes Finish \u2013 50 ml Tiegel<\/p>","protected":false},"excerpt":{"rendered":"<p>Supreme Multi-Korrekturfl\u00fcssigkeit Falten \u2013 Festigkeit \u2013 Ausstrahlung NCEF-REVERSE MAT, ein multikorrigierendes und mattierendes Anti-Aging-Gesichts-Tagesfluid mit konzentriertem NCEF f\u00fcr eine verst\u00e4rkte Pro-Jugend-Wirkung und eine erneuerte Hautqualit\u00e4t. Mattierende Anti-Aging-Gesichtsbehandlung f\u00fcr Mischhaut, inspiriert von Meso-Injektionen. \/ Intensive Erneuerung der Hautqualit\u00e4t [Regeneration Activated] Eine Formel mit NCEF, einem einzigartigen polyrevitalisierenden Komplex, der von FILORGA Laboratories entwickelt wurde und in [&hellip;]<\/p>\n","protected":false},"featured_media":34053,"template":"","meta":{"_acf_changed":false,"footnotes":""},"product_brand":[],"product_cat":[47,42,54],"product_tag":[],"class_list":{"0":"post-34046","1":"product","2":"type-product","3":"status-publish","4":"has-post-thumbnail","6":"product_cat-dermocosmetique","7":"product_cat-para-pharmacie","8":"product_cat-soins-du-visage","10":"first","11":"instock","12":"taxable","13":"shipping-taxable","14":"purchasable","15":"product-type-simple"},"acf":[],"_links":{"self":[{"href":"https:\/\/www.pharmacieonline.lu\/de\/wp-json\/wp\/v2\/product\/34046","targetHints":{"allow":["GET"]}}],"collection":[{"href":"https:\/\/www.pharmacieonline.lu\/de\/wp-json\/wp\/v2\/product"}],"about":[{"href":"https:\/\/www.pharmacieonline.lu\/de\/wp-json\/wp\/v2\/types\/product"}],"version-history":[{"count":0,"href":"https:\/\/www.pharmacieonline.lu\/de\/wp-json\/wp\/v2\/product\/34046\/revisions"}],"wp:featuredmedia":[{"embeddable":true,"href":"https:\/\/www.pharmacieonline.lu\/de\/wp-json\/wp\/v2\/media\/34053"}],"wp:attachment":[{"href":"https:\/\/www.pharmacieonline.lu\/de\/wp-json\/wp\/v2\/media?parent=34046"}],"wp:term":[{"taxonomy":"product_brand","embeddable":true,"href":"https:\/\/www.pharmacieonline.lu\/de\/wp-json\/wp\/v2\/product_brand?post=34046"},{"taxonomy":"product_cat","embeddable":true,"href":"https:\/\/www.pharmacieonline.lu\/de\/wp-json\/wp\/v2\/product_cat?post=34046"},{"taxonomy":"product_tag","embeddable":true,"href":"https:\/\/www.pharmacieonline.lu\/de\/wp-json\/wp\/v2\/product_tag?post=34046"}],"curies":[{"name":"wp","href":"https:\/\/api.w.org\/{rel}","templated":true}]}}