{"id":34220,"date":"2023-03-28T10:55:23","date_gmt":"2023-03-28T08:55:23","guid":{"rendered":"https:\/\/www.pharmacieonline.lu\/?post_type=product&#038;p=34220"},"modified":"2026-04-08T07:55:18","modified_gmt":"2026-04-08T05:55:18","slug":"nuxe-huile-lactee-capilaire-protection-hydratante-100ml","status":"publish","type":"product","link":"https:\/\/www.pharmacieonline.lu\/de\/produit\/nuxe-huile-lactee-capilaire-protection-hydratante-100ml\/","title":{"rendered":"NUXE HUILE LACTEE CAPILAIRE PROTECTION HYDRATANTE 100ML"},"content":{"rendered":"<p>Feuchtigkeitsspendendes, sch\u00fctzendes, milchiges Haar\u00f6l<\/p>\n<p>Dieses zweiphasige milchige \u00d6l sch\u00fctzt Ihr Haar vor UV-Strahlen und spendet gleichzeitig Feuchtigkeit und Glanz. Es wird vor und w\u00e4hrend des Schwimmens verwendet, um sie vor den Auswirkungen von Salz und Chlor zu sch\u00fctzen und gleichzeitig Ihre Farbe zu sch\u00fctzen. Sein Fluchtduft mit Noten von s\u00fc\u00dfer Orange, Tiare-Blume und Vanille ist eine unwiderstehliche Einladung, den Sommer zu genie\u00dfen.<\/p>\n<p>Seine Diffusion im Nebel hinterl\u00e4sst auf Ihren L\u00e4ngen eine ultraleichte und nicht fettende Textur, die sublimiert, ohne zu beschweren. Das Haar ist hydratisiert, unendlich weich und f\u00fchlt sich seidig an.<\/p>\n<p>100 % der Frauen finden, dass ihr Haar gen\u00e4hrt ist. (1)<\/p>\n<p>95 % von ihnen finden ihr Haar gl\u00e4nzender. (1)<\/p>\n<p>Schutzwirkung gegen 99,5 % der Sch\u00e4den durch Salz, Chlor und Sand (2)<\/p>\n<p>Unsere Aktionen f\u00fcr den Planeten:<\/p>\n<p>&#8211; Saubere Formel*, ungiftig f\u00fcr das Meeres\u00f6kosystem (getestet an Algen, Korallen und Bakterien, die f\u00fcr Meereslebewesen repr\u00e4sentativ sind).<\/p>\n<p>&#8211; Das + Paket: 100 % recycelte Plastikflasche.<\/p>\n<p>Pflege formuliert und hergestellt in Frankreich.<\/p>\n<p>(1) Anwendungstest \u2013 22 Probanden \u2013 % Zufriedenheit nach der 1. Anwendung<\/p>\n<p>(2) Instrumenteller Test an Dochten<\/p>\n<p>*Saubere Formel gem\u00e4\u00df NUXE f\u00fcr Nuxe-Sonnenschutz: ein kontinuierlicher Verbesserungsprozess, der zu der besten Balance zwischen Nat\u00fcrlichkeit, Wirksamkeit, Sensorik und \u00f6kologischem Fu\u00dfabdruck f\u00fchrt, ohne Kompromisse bei der Sicherheit einzugehen.<\/p>\n<p>NUTZUNGSTIPPS:<\/p>\n<p>Vor Gebrauch sch\u00fctteln und dann aus ca. 20 cm Entfernung auf das nasse oder trockene Haar spr\u00fchen.<\/p>\n<p>Vorsichtsma\u00dfnahmen: Nicht als Sonnenschutz f\u00fcr Gesicht und K\u00f6rper verwenden.<\/p>\n<p>ZUTATEN :<\/p>\n<p>AQUA\/WASSER, DICAPRYLYLCARBONAT, ALKOHOL, DIBUTYLADIPAT, DICAPRYLYLETHER, BRASSICA CAMPESTRIS (RAPS) SEED OIL, COCO-CAPRYLATE\/CAPRATE, ETHYLHEXYL TRIAZONE, DIETHYLAMINO HYDROXYBENZOYL HEXYL BENZOATE, PARFUM\/DUFT, SIMMONDSIA CHINENSIS (JOJOBA) SEED O CHLORID, COCOS NUCIFERA (KOKOSNUSS)\u00d6L, PANTHENOL, FRUCTOOLIGOSACCHARIDE, TOCOPHEROL, INULIN, ZITRONENS\u00c4URE, PANTOLACTON, LIMONENE, LINALOOL, CITRONELLOL, GERANIOL. [N4803\/A].<\/p>","protected":false},"excerpt":{"rendered":"<p>Feuchtigkeitsspendendes, sch\u00fctzendes, milchiges Haar\u00f6l Dieses zweiphasige milchige \u00d6l sch\u00fctzt Ihr Haar vor UV-Strahlen und spendet gleichzeitig Feuchtigkeit und Glanz. Es wird vor und w\u00e4hrend des Schwimmens verwendet, um sie vor den Auswirkungen von Salz und Chlor zu sch\u00fctzen und gleichzeitig Ihre Farbe zu sch\u00fctzen. Sein Fluchtduft mit Noten von s\u00fc\u00dfer Orange, Tiare-Blume und Vanille ist [&hellip;]<\/p>\n","protected":false},"featured_media":34221,"template":"","meta":{"_acf_changed":false,"footnotes":""},"product_brand":[],"product_cat":[47,42,52],"product_tag":[],"class_list":{"0":"post-34220","1":"product","2":"type-product","3":"status-publish","4":"has-post-thumbnail","6":"product_cat-dermocosmetique","7":"product_cat-para-pharmacie","8":"product_cat-produits-solaires","10":"first","11":"outofstock","12":"taxable","13":"shipping-taxable","14":"purchasable","15":"product-type-simple"},"acf":[],"_links":{"self":[{"href":"https:\/\/www.pharmacieonline.lu\/de\/wp-json\/wp\/v2\/product\/34220","targetHints":{"allow":["GET"]}}],"collection":[{"href":"https:\/\/www.pharmacieonline.lu\/de\/wp-json\/wp\/v2\/product"}],"about":[{"href":"https:\/\/www.pharmacieonline.lu\/de\/wp-json\/wp\/v2\/types\/product"}],"version-history":[{"count":0,"href":"https:\/\/www.pharmacieonline.lu\/de\/wp-json\/wp\/v2\/product\/34220\/revisions"}],"wp:featuredmedia":[{"embeddable":true,"href":"https:\/\/www.pharmacieonline.lu\/de\/wp-json\/wp\/v2\/media\/34221"}],"wp:attachment":[{"href":"https:\/\/www.pharmacieonline.lu\/de\/wp-json\/wp\/v2\/media?parent=34220"}],"wp:term":[{"taxonomy":"product_brand","embeddable":true,"href":"https:\/\/www.pharmacieonline.lu\/de\/wp-json\/wp\/v2\/product_brand?post=34220"},{"taxonomy":"product_cat","embeddable":true,"href":"https:\/\/www.pharmacieonline.lu\/de\/wp-json\/wp\/v2\/product_cat?post=34220"},{"taxonomy":"product_tag","embeddable":true,"href":"https:\/\/www.pharmacieonline.lu\/de\/wp-json\/wp\/v2\/product_tag?post=34220"}],"curies":[{"name":"wp","href":"https:\/\/api.w.org\/{rel}","templated":true}]}}