{"id":34232,"date":"2023-03-28T11:00:34","date_gmt":"2023-03-28T09:00:34","guid":{"rendered":"https:\/\/www.pharmacieonline.lu\/?post_type=product&#038;p=34232"},"modified":"2026-04-13T19:55:17","modified_gmt":"2026-04-13T17:55:17","slug":"nuxe-sun-lait-fraich-ap-soleil-200-ml","status":"publish","type":"product","link":"https:\/\/www.pharmacieonline.lu\/de\/produit\/nuxe-sun-lait-fraich-ap-soleil-200-ml\/","title":{"rendered":"NUXE SUN LAIT FRAICH AP SOLEIL 200 ML"},"content":{"rendered":"<p>Erfrischende After-Sun-Milch f\u00fcr Gesicht und K\u00f6rper, NUXE Sun 200 ml<br \/>\nVerl\u00e4ngert die Br\u00e4une um 2 Wochen, Reparaturen, 24-Stunden-Hydratation*.<br \/>\nAlle Hauttypen.<\/p>\n<p>Portr\u00e4t<br \/>\nDiese After-Sun-Milch f\u00fcr Gesicht und K\u00f6rper ist das Geheimnis f\u00fcr \u00fcberhitzte Haut nach einem Tag der Sonnenexposition. Unter der Wirkung seiner unglaublichen Frische wird die Haut beruhigt und repariert, ihre Hydratation f\u00fcr 24 Stunden* gesteigert. Seine schmelzende, nicht klebrige Textur verst\u00e4rkt die Br\u00e4une und verl\u00e4ngert sie um 2 Wochen**. Die Haut wird in einen Duft der Flucht mit Noten von S\u00fc\u00dforange, Tiare-Blume und Vanille geh\u00fcllt. Eine unwiderstehliche Einladung, den Sommer zu genie\u00dfen.<\/p>\n<p>Das + Paket: 25 % weniger Plastik*** in unseren Tuben!<\/p>\n<p>Pflege formuliert und hergestellt in Frankreich. Nicht komedogen.<\/p>\n<p>&#8211; Ein Extrakt aus Johannisbrotkernmehl: verl\u00e4ngert und verst\u00e4rkt die Br\u00e4une auf nat\u00fcrliche Weise.<\/p>\n<p>&#8211; Aloe Vera<\/p>","protected":false},"excerpt":{"rendered":"<p>Erfrischende After-Sun-Milch f\u00fcr Gesicht und K\u00f6rper, NUXE Sun 200 ml Verl\u00e4ngert die Br\u00e4une um 2 Wochen, Reparaturen, 24-Stunden-Hydratation*. Alle Hauttypen. Portr\u00e4t Diese After-Sun-Milch f\u00fcr Gesicht und K\u00f6rper ist das Geheimnis f\u00fcr \u00fcberhitzte Haut nach einem Tag der Sonnenexposition. Unter der Wirkung seiner unglaublichen Frische wird die Haut beruhigt und repariert, ihre Hydratation f\u00fcr 24 Stunden* [&hellip;]<\/p>\n","protected":false},"featured_media":34233,"template":"","meta":{"_acf_changed":false,"footnotes":""},"product_brand":[],"product_cat":[67,42,68,52],"product_tag":[],"class_list":{"0":"post-34232","1":"product","2":"type-product","3":"status-publish","4":"has-post-thumbnail","6":"product_cat-cremes-solaire","7":"product_cat-para-pharmacie","8":"product_cat-solaires-pour-le-corps","9":"product_cat-produits-solaires","11":"first","12":"instock","13":"sale","14":"taxable","15":"shipping-taxable","16":"purchasable","17":"product-type-simple"},"acf":[],"_links":{"self":[{"href":"https:\/\/www.pharmacieonline.lu\/de\/wp-json\/wp\/v2\/product\/34232","targetHints":{"allow":["GET"]}}],"collection":[{"href":"https:\/\/www.pharmacieonline.lu\/de\/wp-json\/wp\/v2\/product"}],"about":[{"href":"https:\/\/www.pharmacieonline.lu\/de\/wp-json\/wp\/v2\/types\/product"}],"version-history":[{"count":0,"href":"https:\/\/www.pharmacieonline.lu\/de\/wp-json\/wp\/v2\/product\/34232\/revisions"}],"wp:featuredmedia":[{"embeddable":true,"href":"https:\/\/www.pharmacieonline.lu\/de\/wp-json\/wp\/v2\/media\/34233"}],"wp:attachment":[{"href":"https:\/\/www.pharmacieonline.lu\/de\/wp-json\/wp\/v2\/media?parent=34232"}],"wp:term":[{"taxonomy":"product_brand","embeddable":true,"href":"https:\/\/www.pharmacieonline.lu\/de\/wp-json\/wp\/v2\/product_brand?post=34232"},{"taxonomy":"product_cat","embeddable":true,"href":"https:\/\/www.pharmacieonline.lu\/de\/wp-json\/wp\/v2\/product_cat?post=34232"},{"taxonomy":"product_tag","embeddable":true,"href":"https:\/\/www.pharmacieonline.lu\/de\/wp-json\/wp\/v2\/product_tag?post=34232"}],"curies":[{"name":"wp","href":"https:\/\/api.w.org\/{rel}","templated":true}]}}