{"id":34285,"date":"2023-03-29T09:36:13","date_gmt":"2023-03-29T07:36:13","guid":{"rendered":"https:\/\/www.pharmacieonline.lu\/?post_type=product&#038;p=34285"},"modified":"2026-04-09T22:25:23","modified_gmt":"2026-04-09T20:25:23","slug":"roche-posay-anthel-uvmune-dry-spf50-50ml","status":"publish","type":"product","link":"https:\/\/www.pharmacieonline.lu\/de\/produit\/roche-posay-anthel-uvmune-dry-spf50-50ml\/","title":{"rendered":"ROCHE POSAY ANTHEL UVMUNE DRY SPF50 50ML"},"content":{"rendered":"<p>ANTHELIOS UVMUNE 400 GESICHTS-SONNENCREME IN GEL-CREME MIT DUFT<\/p>\n<p>Sehr hoher Schutz LSF 50+ Anti-Glanz Mattierende Wirkung.<\/p>\n<p>MEXORYL400, unser neuer UV-Filter, wirksam gegen die heimt\u00fcckischsten UV-Strahlen: ULTRALANGES UVA*<\/p>\n<p>VORTEILE<br \/>\nSonnenschutz f\u00fcr empfindliche Haut mit dem Duft Anthelios UVMUNE 400 mit Thermalwasser aus La Roche-Posay ist eine Gesichtsbehandlung mit Lichtschutzfaktor 50+<br \/>\nSehr hoher UVA-, UVB- und ultralanger UVA-Schutz.<br \/>\nSehr wasserabweisend.<br \/>\nNicht komedogen.<br \/>\nPumpflaschenformat.<br \/>\nMit Parf\u00fcm.<\/p>\n<p>INDIKATION<br \/>\nDermatologisch getestet.<br \/>\nF\u00fcr Mischhaut bis fettige, empfindliche, reaktive und sonnenintolerante Haut<\/p>\n<p>Ohne wei\u00dfe Flecken<br \/>\nWasserdicht<br \/>\nNicht fettend<br \/>\nDry-Touch-Finish<br \/>\nAnti Glanz<br \/>\nVorsichtsma\u00dfnahmen: Sonnenmissbrauch ist gef\u00e4hrlich. Ein Sonnenschutzprodukt sch\u00fctzt nie vollst\u00e4ndig. Tragen Sie das Produkt kurz vor der Belichtung auf. H\u00e4ufig und gro\u00dfz\u00fcgig erneut auftragen, um den Schutz aufrechtzuerhalten, insbesondere nach dem Schwimmen, Schwitzen oder Abtrocknen.<br \/>\nWenn das Produkt nicht mehr austritt, sch\u00fctteln Sie die Tube und dr\u00fccken Sie sie, indem Sie die Pumpe mit dem Kopf nach oben aktivieren.<\/p>","protected":false},"excerpt":{"rendered":"<p>ANTHELIOS UVMUNE 400 GESICHTS-SONNENCREME IN GEL-CREME MIT DUFT Sehr hoher Schutz LSF 50+ Anti-Glanz Mattierende Wirkung. MEXORYL400, unser neuer UV-Filter, wirksam gegen die heimt\u00fcckischsten UV-Strahlen: ULTRALANGES UVA* VORTEILE Sonnenschutz f\u00fcr empfindliche Haut mit dem Duft Anthelios UVMUNE 400 mit Thermalwasser aus La Roche-Posay ist eine Gesichtsbehandlung mit Lichtschutzfaktor 50+ Sehr hoher UVA-, UVB- und ultralanger [&hellip;]<\/p>\n","protected":false},"featured_media":34287,"template":"","meta":{"_acf_changed":false,"footnotes":""},"product_brand":[],"product_cat":[67,42,52],"product_tag":[],"class_list":{"0":"post-34285","1":"product","2":"type-product","3":"status-publish","4":"has-post-thumbnail","6":"product_cat-cremes-solaire","7":"product_cat-para-pharmacie","8":"product_cat-produits-solaires","10":"first","11":"instock","12":"sale","13":"taxable","14":"shipping-taxable","15":"purchasable","16":"product-type-simple"},"acf":[],"_links":{"self":[{"href":"https:\/\/www.pharmacieonline.lu\/de\/wp-json\/wp\/v2\/product\/34285","targetHints":{"allow":["GET"]}}],"collection":[{"href":"https:\/\/www.pharmacieonline.lu\/de\/wp-json\/wp\/v2\/product"}],"about":[{"href":"https:\/\/www.pharmacieonline.lu\/de\/wp-json\/wp\/v2\/types\/product"}],"version-history":[{"count":0,"href":"https:\/\/www.pharmacieonline.lu\/de\/wp-json\/wp\/v2\/product\/34285\/revisions"}],"wp:featuredmedia":[{"embeddable":true,"href":"https:\/\/www.pharmacieonline.lu\/de\/wp-json\/wp\/v2\/media\/34287"}],"wp:attachment":[{"href":"https:\/\/www.pharmacieonline.lu\/de\/wp-json\/wp\/v2\/media?parent=34285"}],"wp:term":[{"taxonomy":"product_brand","embeddable":true,"href":"https:\/\/www.pharmacieonline.lu\/de\/wp-json\/wp\/v2\/product_brand?post=34285"},{"taxonomy":"product_cat","embeddable":true,"href":"https:\/\/www.pharmacieonline.lu\/de\/wp-json\/wp\/v2\/product_cat?post=34285"},{"taxonomy":"product_tag","embeddable":true,"href":"https:\/\/www.pharmacieonline.lu\/de\/wp-json\/wp\/v2\/product_tag?post=34285"}],"curies":[{"name":"wp","href":"https:\/\/api.w.org\/{rel}","templated":true}]}}