{"id":34288,"date":"2023-03-29T09:38:20","date_gmt":"2023-03-29T07:38:20","guid":{"rendered":"https:\/\/www.pharmacieonline.lu\/?post_type=product&#038;p=34288"},"modified":"2026-04-18T16:25:20","modified_gmt":"2026-04-18T14:25:20","slug":"roche-posay-rosaliac-ar-spf30-50ml","status":"publish","type":"product","link":"https:\/\/www.pharmacieonline.lu\/de\/produit\/roche-posay-rosaliac-ar-spf30-50ml\/","title":{"rendered":"ROCHE POSAY ROSALIAC AR SPF30 50ML"},"content":{"rendered":"<p>TOLERIANE ROSALIAC SPF30<br \/>\nVORTEILE<br \/>\nToleriane Rosaliac AR SPF30 ist eine beruhigende t\u00e4gliche Feuchtigkeitspflege mit hohem Schutz f\u00fcr zu Couperose neigende Haut. Dieses Produkt ist ein t\u00e4glicher Schutz, es bietet eine optimale Wirksamkeit gegen R\u00f6tungen und verhindert gleichzeitig die Zunahme von R\u00f6tungen, die durch UV-Strahlen verursacht werden.<\/p>\n<p>INDIKATION<br \/>\nEmpfindliche und geschw\u00e4chte Haut, die zu Rosacea neigt.<\/p>\n<p>TEXTUR<br \/>\nCreme<\/p>\n<p>ANWENDUNG<br \/>\nJeden Morgen auf das ganze Gesicht auftragen. Vermeiden Sie die Augenpartie.<\/p>","protected":false},"excerpt":{"rendered":"<p>TOLERIANE ROSALIAC SPF30 VORTEILE Toleriane Rosaliac AR SPF30 ist eine beruhigende t\u00e4gliche Feuchtigkeitspflege mit hohem Schutz f\u00fcr zu Couperose neigende Haut. Dieses Produkt ist ein t\u00e4glicher Schutz, es bietet eine optimale Wirksamkeit gegen R\u00f6tungen und verhindert gleichzeitig die Zunahme von R\u00f6tungen, die durch UV-Strahlen verursacht werden. INDIKATION Empfindliche und geschw\u00e4chte Haut, die zu Rosacea neigt. [&hellip;]<\/p>\n","protected":false},"featured_media":34290,"template":"","meta":{"_acf_changed":false,"footnotes":""},"product_brand":[],"product_cat":[47,42,54,762,15],"product_tag":[],"class_list":{"0":"post-34288","1":"product","2":"type-product","3":"status-publish","4":"has-post-thumbnail","6":"product_cat-dermocosmetique","7":"product_cat-para-pharmacie","8":"product_cat-soins-du-visage","9":"product_cat-peaux-a-problemes","10":"product_cat-non-classe","12":"first","13":"instock","14":"taxable","15":"shipping-taxable","16":"purchasable","17":"product-type-simple"},"acf":[],"_links":{"self":[{"href":"https:\/\/www.pharmacieonline.lu\/de\/wp-json\/wp\/v2\/product\/34288","targetHints":{"allow":["GET"]}}],"collection":[{"href":"https:\/\/www.pharmacieonline.lu\/de\/wp-json\/wp\/v2\/product"}],"about":[{"href":"https:\/\/www.pharmacieonline.lu\/de\/wp-json\/wp\/v2\/types\/product"}],"version-history":[{"count":0,"href":"https:\/\/www.pharmacieonline.lu\/de\/wp-json\/wp\/v2\/product\/34288\/revisions"}],"wp:featuredmedia":[{"embeddable":true,"href":"https:\/\/www.pharmacieonline.lu\/de\/wp-json\/wp\/v2\/media\/34290"}],"wp:attachment":[{"href":"https:\/\/www.pharmacieonline.lu\/de\/wp-json\/wp\/v2\/media?parent=34288"}],"wp:term":[{"taxonomy":"product_brand","embeddable":true,"href":"https:\/\/www.pharmacieonline.lu\/de\/wp-json\/wp\/v2\/product_brand?post=34288"},{"taxonomy":"product_cat","embeddable":true,"href":"https:\/\/www.pharmacieonline.lu\/de\/wp-json\/wp\/v2\/product_cat?post=34288"},{"taxonomy":"product_tag","embeddable":true,"href":"https:\/\/www.pharmacieonline.lu\/de\/wp-json\/wp\/v2\/product_tag?post=34288"}],"curies":[{"name":"wp","href":"https:\/\/api.w.org\/{rel}","templated":true}]}}