{"id":34322,"date":"2023-03-29T10:36:13","date_gmt":"2023-03-29T08:36:13","guid":{"rendered":"https:\/\/www.pharmacieonline.lu\/?post_type=product&#038;p=34322"},"modified":"2026-04-28T16:25:16","modified_gmt":"2026-04-28T14:25:16","slug":"roche-posay-tol-vernis-silic-02-rose","status":"publish","type":"product","link":"https:\/\/www.pharmacieonline.lu\/de\/produit\/roche-posay-tol-vernis-silic-02-rose\/","title":{"rendered":"ROCHE POSAY TOL VERNIS SILIC 02 ROSE"},"content":{"rendered":"<p>TOLERIANE SILIKONLACK<br \/>\nHypoallergener Schutzlack zur St\u00e4rkung. Ein Nagellack, der als echte Behandlung entwickelt wurde, um die N\u00e4gel Tag f\u00fcr Tag zu sch\u00fctzen und zu st\u00e4rken.<br \/>\nAuf den gesamten Nagel auftragen, von der Basis bis zur Spitze.<\/p>","protected":false},"excerpt":{"rendered":"<p>TOLERIANE SILIKONLACK Hypoallergener Schutzlack zur St\u00e4rkung. Ein Nagellack, der als echte Behandlung entwickelt wurde, um die N\u00e4gel Tag f\u00fcr Tag zu sch\u00fctzen und zu st\u00e4rken. Auf den gesamten Nagel auftragen, von der Basis bis zur Spitze.<\/p>\n","protected":false},"featured_media":34324,"template":"","meta":{"_acf_changed":false,"footnotes":""},"product_brand":[],"product_cat":[47,42,764,765],"product_tag":[],"class_list":{"0":"post-34322","1":"product","2":"type-product","3":"status-publish","4":"has-post-thumbnail","6":"product_cat-dermocosmetique","7":"product_cat-para-pharmacie","8":"product_cat-soins-mains","9":"product_cat-soins-pieds","11":"first","12":"instock","13":"taxable","14":"shipping-taxable","15":"purchasable","16":"product-type-simple"},"acf":[],"_links":{"self":[{"href":"https:\/\/www.pharmacieonline.lu\/de\/wp-json\/wp\/v2\/product\/34322","targetHints":{"allow":["GET"]}}],"collection":[{"href":"https:\/\/www.pharmacieonline.lu\/de\/wp-json\/wp\/v2\/product"}],"about":[{"href":"https:\/\/www.pharmacieonline.lu\/de\/wp-json\/wp\/v2\/types\/product"}],"version-history":[{"count":0,"href":"https:\/\/www.pharmacieonline.lu\/de\/wp-json\/wp\/v2\/product\/34322\/revisions"}],"wp:featuredmedia":[{"embeddable":true,"href":"https:\/\/www.pharmacieonline.lu\/de\/wp-json\/wp\/v2\/media\/34324"}],"wp:attachment":[{"href":"https:\/\/www.pharmacieonline.lu\/de\/wp-json\/wp\/v2\/media?parent=34322"}],"wp:term":[{"taxonomy":"product_brand","embeddable":true,"href":"https:\/\/www.pharmacieonline.lu\/de\/wp-json\/wp\/v2\/product_brand?post=34322"},{"taxonomy":"product_cat","embeddable":true,"href":"https:\/\/www.pharmacieonline.lu\/de\/wp-json\/wp\/v2\/product_cat?post=34322"},{"taxonomy":"product_tag","embeddable":true,"href":"https:\/\/www.pharmacieonline.lu\/de\/wp-json\/wp\/v2\/product_tag?post=34322"}],"curies":[{"name":"wp","href":"https:\/\/api.w.org\/{rel}","templated":true}]}}