{"id":34637,"date":"2023-04-06T13:56:03","date_gmt":"2023-04-06T11:56:03","guid":{"rendered":"https:\/\/www.pharmacieonline.lu\/?post_type=product&#038;p=34637"},"modified":"2026-04-10T21:55:19","modified_gmt":"2026-04-10T19:55:19","slug":"physiomance-alkyl-90-caps","status":"publish","type":"product","link":"https:\/\/www.pharmacieonline.lu\/de\/produit\/physiomance-alkyl-90-caps\/","title":{"rendered":"PHYSIOMANCE ALKYL 90 CAPS"},"content":{"rendered":"<p>Genie\u00dfen Sie die anerkannten Vorteile von Alkylglycerinen<\/p>\n<p>600 mg Alkylglycerine;<br \/>\nX.O\u00ae-zertifiziertes Premium-Fisch\u00f6l;<br \/>\nHochwertiges Haileber\u00f6l mit einem TotOx-Index von weniger als 8, das aus ethischer Fischerei stammt, die Kriterien wie den Schutz gef\u00e4hrdeter Arten und die Praxis der nachhaltigen Fischerei erf\u00fcllt.<br \/>\nSauberes Etikett THERASCIENCE.<br \/>\nBeschreibung<\/p>\n<p>PHYSIOMANCE ALKYL sorgt f\u00fcr 6 Kapseln, 3 g Haifischleber\u00f6l, davon 600 mg Alkylglycerine f\u00fcr eine optimale Dosierung.<\/p>\n<p>Nutzungstipps<\/p>\n<p>2 bis 6 Kapseln pro Tag, abends w\u00e4hrend der Mahlzeit f\u00fcr mindestens 15 Tage. Bei Bedarf zu erneuern.<\/p>\n<p>Vorsichtsma\u00dfnahmen f\u00fcr die Verwendung:<\/p>\n<p>Nahrungserg\u00e4nzungsmittel sollten im Rahmen einer gesunden Lebensweise verwendet werden und nicht als Ersatz f\u00fcr eine abwechslungsreiche und ausgewogene Ern\u00e4hrung verwendet werden. \u00dcberschreiten Sie nicht die empfohlene Tagesdosis. Bewahren Sie das Produkt au\u00dferhalb der Reichweite von kleinen Kindern auf. Bei Kombination mehrerer Nahrungserg\u00e4nzungsmittel fragen Sie Ihren Arzt um Rat.<\/p>","protected":false},"excerpt":{"rendered":"<p>Genie\u00dfen Sie die anerkannten Vorteile von Alkylglycerinen 600 mg Alkylglycerine; X.O\u00ae-zertifiziertes Premium-Fisch\u00f6l; Hochwertiges Haileber\u00f6l mit einem TotOx-Index von weniger als 8, das aus ethischer Fischerei stammt, die Kriterien wie den Schutz gef\u00e4hrdeter Arten und die Praxis der nachhaltigen Fischerei erf\u00fcllt. Sauberes Etikett THERASCIENCE. Beschreibung PHYSIOMANCE ALKYL sorgt f\u00fcr 6 Kapseln, 3 g Haifischleber\u00f6l, davon 600 [&hellip;]<\/p>\n","protected":false},"featured_media":34638,"template":"","meta":{"_acf_changed":false,"footnotes":""},"product_brand":[],"product_cat":[42,951,953,948],"product_tag":[],"class_list":{"0":"post-34637","1":"product","2":"type-product","3":"status-publish","4":"has-post-thumbnail","6":"product_cat-para-pharmacie","7":"product_cat-physiomance","8":"product_cat-complements-alimentaires","9":"product_cat-therascience-physionutrition","11":"first","12":"instock","13":"taxable","14":"shipping-taxable","15":"purchasable","16":"product-type-simple"},"acf":[],"_links":{"self":[{"href":"https:\/\/www.pharmacieonline.lu\/de\/wp-json\/wp\/v2\/product\/34637","targetHints":{"allow":["GET"]}}],"collection":[{"href":"https:\/\/www.pharmacieonline.lu\/de\/wp-json\/wp\/v2\/product"}],"about":[{"href":"https:\/\/www.pharmacieonline.lu\/de\/wp-json\/wp\/v2\/types\/product"}],"version-history":[{"count":0,"href":"https:\/\/www.pharmacieonline.lu\/de\/wp-json\/wp\/v2\/product\/34637\/revisions"}],"wp:featuredmedia":[{"embeddable":true,"href":"https:\/\/www.pharmacieonline.lu\/de\/wp-json\/wp\/v2\/media\/34638"}],"wp:attachment":[{"href":"https:\/\/www.pharmacieonline.lu\/de\/wp-json\/wp\/v2\/media?parent=34637"}],"wp:term":[{"taxonomy":"product_brand","embeddable":true,"href":"https:\/\/www.pharmacieonline.lu\/de\/wp-json\/wp\/v2\/product_brand?post=34637"},{"taxonomy":"product_cat","embeddable":true,"href":"https:\/\/www.pharmacieonline.lu\/de\/wp-json\/wp\/v2\/product_cat?post=34637"},{"taxonomy":"product_tag","embeddable":true,"href":"https:\/\/www.pharmacieonline.lu\/de\/wp-json\/wp\/v2\/product_tag?post=34637"}],"curies":[{"name":"wp","href":"https:\/\/api.w.org\/{rel}","templated":true}]}}