{"id":34647,"date":"2023-04-06T14:07:28","date_gmt":"2023-04-06T12:07:28","guid":{"rendered":"https:\/\/www.pharmacieonline.lu\/?post_type=product&#038;p=34647"},"modified":"2026-04-08T07:55:16","modified_gmt":"2026-04-08T05:55:16","slug":"physiomance-huile-de-krill-60-caps","status":"publish","type":"product","link":"https:\/\/www.pharmacieonline.lu\/de\/produit\/physiomance-huile-de-krill-60-caps\/","title":{"rendered":"PHYSIOMANCE HUILE DE KRILL 60 CAPS"},"content":{"rendered":"<p>Eine nat\u00fcrliche Versorgung mit hoch assimilierbarem EPA* und DHA**<\/p>\n<p>Krill\u00f6l ist von Natur aus reich an EPA*, DHA**, Astaxanthin und Cholin;<br \/>\nEPA* und DHA** tragen zu einer normalen Herzfunktion bei1;<br \/>\nDHA tr\u00e4gt zur normalen Funktion des Gehirns bei2;<br \/>\nCholin tr\u00e4gt zu einem normalen Fettstoffwechsel bei;<br \/>\nHochwertiges Fisch\u00f6l aus nachhaltiger Fischerei, zertifiziert nach FLEXITECH\u2122 und ECO Harvesting\u00ae;<br \/>\nClean-Label THERASCIENCE;<br \/>\nGeschmacklos, geruchlos.<\/p>\n<p>*EPA: Eicosapentaens\u00e4ure<br \/>\n** DHA: Docosahexaens\u00e4ure<\/p>\n<p>1. Positive Wirkung bei einer t\u00e4glichen Aufnahme von 250 mg EPA* und DHA**<br \/>\n2. Positive Wirkung bei einer t\u00e4glichen Einnahme von 250 mg DHA**<\/p>\n<p>Beschreibung<\/p>\n<p>PHYSIOMANCE KRILL OIL liefert f\u00fcr 2 Kapseln 1,2 g Krill\u00f6l nat\u00fcrlich enthaltend:<\/p>\n<p>660 mg Phospholipide, die eine optimale Aufnahme von Omega-3-Fetts\u00e4uren erm\u00f6glichen;<br \/>\n318 mg Omega-3 (einschlie\u00dflich EPA* und DHA**).<br \/>\nEPA* und DHA** tragen zu einer normalen Herzfunktion bei.1 DHA** ist eine essentielle Fetts\u00e4ure, die eine normale Gehirnfunktion f\u00f6rdert und zur Erhaltung einer normalen Sehkraft beitr\u00e4gt2;<br \/>\n82 mg Cholin, der Vorl\u00e4ufer von Acetylcholin, einem wichtigen Neurotransmitter, der an vielen kognitiven Prozessen wie dem Auswendiglernen beteiligt ist;<br \/>\n120 \u03bcg Astaxanthin.<\/p>\n<p>*EPA: Eicosapentaens\u00e4ure<br \/>\n**DHA: Docosahexaens\u00e4ure<\/p>\n<p>1. Vorteilhafte Wirkung bei t\u00e4glichem Verzehr von 250 mg EPA* und DHA**<br \/>\n2. Vorteilhafte Wirkung bei t\u00e4glichem Verzehr von 250 mg DHA**<\/p>\n<p>Nutzungstipps<\/p>\n<p>2 Kapseln pro Tag, abends w\u00e4hrend des Abendessens, f\u00fcr mindestens 1 Monat. Bei Bedarf zu erneuern.<\/p>\n<p>Vorsichtsma\u00dfnahmen f\u00fcr die Verwendung:<\/p>\n<p>Nahrungserg\u00e4nzungsmittel sollten im Rahmen einer gesunden Lebensweise verwendet werden und nicht als Ersatz f\u00fcr eine abwechslungsreiche und ausgewogene Ern\u00e4hrung verwendet werden. \u00dcberschreiten Sie nicht die empfohlene Tagesdosis. Bewahren Sie das Produkt au\u00dferhalb der Reichweite von kleinen Kindern auf. Bei Kombination mehrerer Nahrungserg\u00e4nzungsmittel fragen Sie Ihren Arzt um Rat.<\/p>","protected":false},"excerpt":{"rendered":"<p>Eine nat\u00fcrliche Versorgung mit hoch assimilierbarem EPA* und DHA** Krill\u00f6l ist von Natur aus reich an EPA*, DHA**, Astaxanthin und Cholin; EPA* und DHA** tragen zu einer normalen Herzfunktion bei1; DHA tr\u00e4gt zur normalen Funktion des Gehirns bei2; Cholin tr\u00e4gt zu einem normalen Fettstoffwechsel bei; Hochwertiges Fisch\u00f6l aus nachhaltiger Fischerei, zertifiziert nach FLEXITECH\u2122 und ECO [&hellip;]<\/p>\n","protected":false},"featured_media":34648,"template":"","meta":{"_acf_changed":false,"footnotes":""},"product_brand":[],"product_cat":[42,951,953,948],"product_tag":[],"class_list":{"0":"post-34647","1":"product","2":"type-product","3":"status-publish","4":"has-post-thumbnail","6":"product_cat-para-pharmacie","7":"product_cat-physiomance","8":"product_cat-complements-alimentaires","9":"product_cat-therascience-physionutrition","11":"first","12":"instock","13":"taxable","14":"shipping-taxable","15":"purchasable","16":"product-type-simple"},"acf":[],"_links":{"self":[{"href":"https:\/\/www.pharmacieonline.lu\/de\/wp-json\/wp\/v2\/product\/34647","targetHints":{"allow":["GET"]}}],"collection":[{"href":"https:\/\/www.pharmacieonline.lu\/de\/wp-json\/wp\/v2\/product"}],"about":[{"href":"https:\/\/www.pharmacieonline.lu\/de\/wp-json\/wp\/v2\/types\/product"}],"version-history":[{"count":0,"href":"https:\/\/www.pharmacieonline.lu\/de\/wp-json\/wp\/v2\/product\/34647\/revisions"}],"wp:featuredmedia":[{"embeddable":true,"href":"https:\/\/www.pharmacieonline.lu\/de\/wp-json\/wp\/v2\/media\/34648"}],"wp:attachment":[{"href":"https:\/\/www.pharmacieonline.lu\/de\/wp-json\/wp\/v2\/media?parent=34647"}],"wp:term":[{"taxonomy":"product_brand","embeddable":true,"href":"https:\/\/www.pharmacieonline.lu\/de\/wp-json\/wp\/v2\/product_brand?post=34647"},{"taxonomy":"product_cat","embeddable":true,"href":"https:\/\/www.pharmacieonline.lu\/de\/wp-json\/wp\/v2\/product_cat?post=34647"},{"taxonomy":"product_tag","embeddable":true,"href":"https:\/\/www.pharmacieonline.lu\/de\/wp-json\/wp\/v2\/product_tag?post=34647"}],"curies":[{"name":"wp","href":"https:\/\/api.w.org\/{rel}","templated":true}]}}