{"id":34655,"date":"2023-04-06T14:15:42","date_gmt":"2023-04-06T12:15:42","guid":{"rendered":"https:\/\/www.pharmacieonline.lu\/?post_type=product&#038;p=34655"},"modified":"2026-04-10T23:55:19","modified_gmt":"2026-04-10T21:55:19","slug":"physiomance-omega-3-90-caps","status":"publish","type":"product","link":"https:\/\/www.pharmacieonline.lu\/de\/produit\/physiomance-omega-3-90-caps\/","title":{"rendered":"PHYSIOMANCE OMEGA 3 30 CAPS"},"content":{"rendered":"<p>Prim\u00e4r- und Sekund\u00e4rpr\u00e4vention von Herz-Kreislauf-Erkrankungen bei fettarmer Ern\u00e4hrung<\/p>\n<p>250 mg EPA* und DHA** (f\u00fcr 1 Kapsel);<br \/>\nEPA* und DHA** tragen zu einer normalen Herzfunktion bei1;<br \/>\nOptimale Bioverf\u00fcgbarkeit: EPA* und DHA** in Triglyceridform;<br \/>\nFisch\u00f6l von h\u00f6chster Qualit\u00e4t, das reinste und stabilste auf dem Markt, profitiert von einem TotOx-Index von weniger als 4, stammt aus umweltbewusstem Fischfang und ist mit Epax\u00ae, X.O\u00ae und Friend of the sea\u00a9 zertifiziert;<br \/>\nSauberes Etikett THERASCIENCE.<br \/>\nBeschreibung<\/p>\n<p>PHYSIOMANCE OMEGA 3 bietet f\u00fcr 1 Kapsel:<\/p>\n<p>250 mg EPA* und DHA**. EPA* und DHA** tragen zu einer normalen Herzfunktion bei1;<br \/>\n45 % AR*** in nat\u00fcrlichem Vitamin E, das die Zellen vor oxidativem Stress sch\u00fctzt.<\/p>\n<p>Diese Formel ist ideal bei einer fettarmen Ern\u00e4hrung im Rahmen der prim\u00e4ren und sekund\u00e4ren Pr\u00e4vention von Herz-Kreislauf-Erkrankungen.<br \/>\nPHYSIOMANCE OMEGA 3 hilft, das Omega-6\/Omega-3-Verh\u00e4ltnis harmonisch auszugleichen.<\/p>\n<p>*EPA: Eicosapentaens\u00e4ure<br \/>\n**DHA: Docosahexaens\u00e4ure<br \/>\n***AR: Referenzbeitr\u00e4ge<\/p>\n<p>1. Vorteilhafte Wirkung bei t\u00e4glichem Verzehr von 250 mg EPA* und DHA**<\/p>\n<p>Nutzungstipps<\/p>\n<p>1 bis 4 Kapseln t\u00e4glich abends w\u00e4hrend des Abendessens f\u00fcr mindestens 25 Tage. Bei Bedarf zu erneuern.<\/p>\n<p>Vorsichtsma\u00dfnahmen f\u00fcr die Verwendung:<\/p>\n<p>Nahrungserg\u00e4nzungsmittel sollten im Rahmen einer gesunden Lebensweise verwendet werden und nicht als Ersatz f\u00fcr eine abwechslungsreiche und ausgewogene Ern\u00e4hrung verwendet werden. \u00dcberschreiten Sie nicht die empfohlene Tagesdosis. Bewahren Sie das Produkt au\u00dferhalb der Reichweite von kleinen Kindern auf. Bei Kombination mehrerer Nahrungserg\u00e4nzungsmittel fragen Sie Ihren Arzt um Rat.<\/p>","protected":false},"excerpt":{"rendered":"<p>Prim\u00e4r- und Sekund\u00e4rpr\u00e4vention von Herz-Kreislauf-Erkrankungen bei fettarmer Ern\u00e4hrung 250 mg EPA* und DHA** (f\u00fcr 1 Kapsel); EPA* und DHA** tragen zu einer normalen Herzfunktion bei1; Optimale Bioverf\u00fcgbarkeit: EPA* und DHA** in Triglyceridform; Fisch\u00f6l von h\u00f6chster Qualit\u00e4t, das reinste und stabilste auf dem Markt, profitiert von einem TotOx-Index von weniger als 4, stammt aus umweltbewusstem Fischfang [&hellip;]<\/p>\n","protected":false},"featured_media":34656,"template":"","meta":{"_acf_changed":false,"footnotes":""},"product_brand":[],"product_cat":[42,951,953,948],"product_tag":[],"class_list":{"0":"post-34655","1":"product","2":"type-product","3":"status-publish","4":"has-post-thumbnail","6":"product_cat-para-pharmacie","7":"product_cat-physiomance","8":"product_cat-complements-alimentaires","9":"product_cat-therascience-physionutrition","11":"first","12":"instock","13":"taxable","14":"shipping-taxable","15":"purchasable","16":"product-type-simple"},"acf":[],"_links":{"self":[{"href":"https:\/\/www.pharmacieonline.lu\/de\/wp-json\/wp\/v2\/product\/34655","targetHints":{"allow":["GET"]}}],"collection":[{"href":"https:\/\/www.pharmacieonline.lu\/de\/wp-json\/wp\/v2\/product"}],"about":[{"href":"https:\/\/www.pharmacieonline.lu\/de\/wp-json\/wp\/v2\/types\/product"}],"version-history":[{"count":0,"href":"https:\/\/www.pharmacieonline.lu\/de\/wp-json\/wp\/v2\/product\/34655\/revisions"}],"wp:featuredmedia":[{"embeddable":true,"href":"https:\/\/www.pharmacieonline.lu\/de\/wp-json\/wp\/v2\/media\/34656"}],"wp:attachment":[{"href":"https:\/\/www.pharmacieonline.lu\/de\/wp-json\/wp\/v2\/media?parent=34655"}],"wp:term":[{"taxonomy":"product_brand","embeddable":true,"href":"https:\/\/www.pharmacieonline.lu\/de\/wp-json\/wp\/v2\/product_brand?post=34655"},{"taxonomy":"product_cat","embeddable":true,"href":"https:\/\/www.pharmacieonline.lu\/de\/wp-json\/wp\/v2\/product_cat?post=34655"},{"taxonomy":"product_tag","embeddable":true,"href":"https:\/\/www.pharmacieonline.lu\/de\/wp-json\/wp\/v2\/product_tag?post=34655"}],"curies":[{"name":"wp","href":"https:\/\/api.w.org\/{rel}","templated":true}]}}