{"id":34673,"date":"2023-04-06T14:51:48","date_gmt":"2023-04-06T12:51:48","guid":{"rendered":"https:\/\/www.pharmacieonline.lu\/?post_type=product&#038;p=34673"},"modified":"2026-04-10T21:55:18","modified_gmt":"2026-04-10T19:55:18","slug":"physiomance-omega-3-liquide-200-ml","status":"publish","type":"product","link":"https:\/\/www.pharmacieonline.lu\/de\/produit\/physiomance-omega-3-liquide-200-ml\/","title":{"rendered":"PHYSIOMANCE OMEGA 3+ LIQUIDE 200 ML"},"content":{"rendered":"<p>Ideal f\u00fcr Kinder: Herz-Kreislauf-Gleichgewicht, Konzentration und Immunsystem<\/p>\n<p>Der t\u00e4gliche Verb\u00fcndete f\u00fcr die ganze Familie;<br \/>\nExklusive Kombination aus EPA*, DHA** und nat\u00fcrlichen Vitaminen D3 und E;<br \/>\nEPA* und DHA** tragen zu einer normalen Herzfunktion bei1;<br \/>\nDHA** tr\u00e4gt zur Erhaltung eines normalen Sehverm\u00f6gens und einer normalen Gehirnfunktion bei 2;<br \/>\nVitamin D3 tr\u00e4gt zu einer normalen Funktion des Immunsystems bei;<br \/>\nOptimale Bioverf\u00fcgbarkeit: EPA* und DHA** in Triglyceridform;<br \/>\nHochwertiges Fisch\u00f6l, das reinste und stabilste auf dem Markt, profitiert von einem TotOx-Index von weniger als 4, bezogen aus umweltbewusstem Fischfang, zertifiziert von Epax\u00ae, X.O\u00ae und Friend of the sea\u00a9;<br \/>\nClean-Label THERASCIENCE;<br \/>\nTutti frutti nat\u00fcrlicher Geschmack.<\/p>\n<p>PHYSIOMANCE OMEGA 3 + LIQUID bietet f\u00fcr 10 ml:<\/p>\n<p>949,4 mg EPA* und DHA**, die zu einer normalen Herzfunktion1 und einem ausgewogenen Omega-6\/Omega-3-Verh\u00e4ltnis beitragen. DHA** tr\u00e4gt zu einer normalen Gehirnfunktion und zur Aufrechterhaltung einer normalen Sehkraft bei2;<br \/>\n200 % des AR*** in nat\u00fcrlichem Vitamin D3, das zu einer normalen Funktion des Immunsystems sowie zur Erhaltung normaler Knochen und Z\u00e4hne beitr\u00e4gt. Vitamin D3 tr\u00e4gt au\u00dferdem zu einer normalen Muskelfunktion und einer normalen Aufnahme und Verwertung von Calcium und Phosphor bei. Bei Kindern tr\u00e4gt Vitamin D zum normalen Wachstum und zur Entwicklung der Knochen bei;<br \/>\n83 % des AR*** in nat\u00fcrlichem Vitamin E, das die Zellen vor oxidativem Stress sch\u00fctzt und eine Rolle bei der Zellteilung spielt.<\/p>\n<p>*EPA: Eicosapentaens\u00e4ure<br \/>\n** DHA: Docosahexaens\u00e4ure<br \/>\n***AR: Referenzbeitr\u00e4ge<\/p>\n<p>1. Vorteilhafte Wirkung bei t\u00e4glichem Verzehr von 250 mg EPA* und DHA**<br \/>\n2. Positive Wirkung bei einer t\u00e4glichen Einnahme von 250 mg DHA**<\/p>\n<p>Nutzungstipps<\/p>\n<p>Vor dem Verzehr kr\u00e4ftig sch\u00fctteln. Im K\u00fchlschrank aufbewahren und innerhalb von 40 Tagen nach dem \u00d6ffnen verbrauchen.<\/p>\n<p>Bei Kindern unter 1 Jahr: \u00bd Teel\u00f6ffel pro Tag w\u00e4hrend des Abendessens f\u00fcr 40 Tage. Bei Bedarf zu erneuern.<\/p>\n<p>Bei Kindern von 1 bis 15 Jahren: 1 Teel\u00f6ffel pro Tag w\u00e4hrend des Abendessens f\u00fcr 40 Tage. Bei Bedarf zu erneuern.<\/p>\n<p>Bei Erwachsenen und Jugendlichen \u00fcber 15 Jahren: 2 Teel\u00f6ffel t\u00e4glich zum Abendessen f\u00fcr 20 Tage. Bei Bedarf zu erneuern.<\/p>\n<p>Vorsichtsma\u00dfnahmen f\u00fcr die Verwendung:<\/p>\n<p>Nahrungserg\u00e4nzungsmittel sollten im Rahmen einer gesunden Lebensweise verwendet werden und nicht als Ersatz f\u00fcr eine abwechslungsreiche und ausgewogene Ern\u00e4hrung verwendet werden. \u00dcberschreiten Sie nicht die empfohlene Tagesdosis. Bewahren Sie das Produkt au\u00dferhalb der Reichweite von kleinen Kindern auf. Bei Kombination mehrerer Nahrungserg\u00e4nzungsmittel fragen Sie Ihren Arzt um Rat.<\/p>","protected":false},"excerpt":{"rendered":"<p>Ideal f\u00fcr Kinder: Herz-Kreislauf-Gleichgewicht, Konzentration und Immunsystem Der t\u00e4gliche Verb\u00fcndete f\u00fcr die ganze Familie; Exklusive Kombination aus EPA*, DHA** und nat\u00fcrlichen Vitaminen D3 und E; EPA* und DHA** tragen zu einer normalen Herzfunktion bei1; DHA** tr\u00e4gt zur Erhaltung eines normalen Sehverm\u00f6gens und einer normalen Gehirnfunktion bei 2; Vitamin D3 tr\u00e4gt zu einer normalen Funktion des [&hellip;]<\/p>\n","protected":false},"featured_media":34674,"template":"","meta":{"_acf_changed":false,"footnotes":""},"product_brand":[],"product_cat":[42,951,953,948],"product_tag":[],"class_list":{"0":"post-34673","1":"product","2":"type-product","3":"status-publish","4":"has-post-thumbnail","6":"product_cat-para-pharmacie","7":"product_cat-physiomance","8":"product_cat-complements-alimentaires","9":"product_cat-therascience-physionutrition","11":"first","12":"instock","13":"taxable","14":"shipping-taxable","15":"purchasable","16":"product-type-simple"},"acf":[],"_links":{"self":[{"href":"https:\/\/www.pharmacieonline.lu\/de\/wp-json\/wp\/v2\/product\/34673","targetHints":{"allow":["GET"]}}],"collection":[{"href":"https:\/\/www.pharmacieonline.lu\/de\/wp-json\/wp\/v2\/product"}],"about":[{"href":"https:\/\/www.pharmacieonline.lu\/de\/wp-json\/wp\/v2\/types\/product"}],"version-history":[{"count":0,"href":"https:\/\/www.pharmacieonline.lu\/de\/wp-json\/wp\/v2\/product\/34673\/revisions"}],"wp:featuredmedia":[{"embeddable":true,"href":"https:\/\/www.pharmacieonline.lu\/de\/wp-json\/wp\/v2\/media\/34674"}],"wp:attachment":[{"href":"https:\/\/www.pharmacieonline.lu\/de\/wp-json\/wp\/v2\/media?parent=34673"}],"wp:term":[{"taxonomy":"product_brand","embeddable":true,"href":"https:\/\/www.pharmacieonline.lu\/de\/wp-json\/wp\/v2\/product_brand?post=34673"},{"taxonomy":"product_cat","embeddable":true,"href":"https:\/\/www.pharmacieonline.lu\/de\/wp-json\/wp\/v2\/product_cat?post=34673"},{"taxonomy":"product_tag","embeddable":true,"href":"https:\/\/www.pharmacieonline.lu\/de\/wp-json\/wp\/v2\/product_tag?post=34673"}],"curies":[{"name":"wp","href":"https:\/\/api.w.org\/{rel}","templated":true}]}}