{"id":34679,"date":"2023-04-06T15:03:02","date_gmt":"2023-04-06T13:03:02","guid":{"rendered":"https:\/\/www.pharmacieonline.lu\/?post_type=product&#038;p=34679"},"modified":"2026-04-10T21:55:18","modified_gmt":"2026-04-10T19:55:18","slug":"physiomance-omega-3-7-90-caps-2","status":"publish","type":"product","link":"https:\/\/www.pharmacieonline.lu\/de\/produit\/physiomance-omega-3-7-90-caps-2\/","title":{"rendered":"PHYSIOMANCE OMEGA 3-7 90 CAPS"},"content":{"rendered":"<p>Herz-Kreislauf-Gleichgewicht und Gehirnfunktion<\/p>\n<p>Exklusive Kombination aus 480 mg EPA* und DHA** (Omega-3), 200 mg Omega-7 und nat\u00fcrlichem Vitamin E (f\u00fcr 1 Kapsel);<br \/>\nEPA* und DHA** tragen zu einer normalen Herzfunktion bei1;<br \/>\nDHA** tr\u00e4gt zu einer normalen Gehirnfunktion bei2;<br \/>\nOptimale Bioverf\u00fcgbarkeit: EPA* und DHA** in Triglyceridform;<br \/>\nReinstes, stabilstes Premium-Fisch\u00f6l auf dem Markt mit einer TotOx-Bewertung von weniger als 5, nachhaltig bezogen und AlaskaOmega\u00ae-zertifiziert;<br \/>\nSauberes Etikett THERASCIENCE.<br \/>\nBeschreibung<\/p>\n<p>PHYSIOMANCE OMEGA 3-7 bietet f\u00fcr 1 Kapsel:<br \/>\n480 mg EPA* und DHA**, ideal bei einer fettarmen Ern\u00e4hrung, zur prim\u00e4ren und sekund\u00e4ren Pr\u00e4vention von Herz-Kreislauf-Erkrankungen und f\u00fcr ein ausgewogenes Verh\u00e4ltnis von Omega-6 \/ Omega-3;<br \/>\nEPA* und DHA** tragen zu einer normalen Herzfunktion bei1;<br \/>\nDHA** tr\u00e4gt zu einer normalen Gehirnfunktion bei2;<br \/>\n200 mg Omega-7 und 50 % AR* in nat\u00fcrlichem Vitamin E zur Vervollst\u00e4ndigung der Formel;<\/p>\n<p>Nutzungstipps<\/p>\n<p>1 bis 2 Kapseln pro Tag f\u00fcr mindestens 45 Tage. Bei Bedarf zu erneuern.<\/p>\n<p>Vorsichtsma\u00dfnahmen f\u00fcr die Verwendung:<br \/>\nNahrungserg\u00e4nzungsmittel sollten im Rahmen einer gesunden Lebensweise verwendet werden und nicht als Ersatz f\u00fcr eine abwechslungsreiche und ausgewogene Ern\u00e4hrung verwendet werden. \u00dcberschreiten Sie nicht die empfohlene Tagesdosis. Bewahren Sie das Produkt au\u00dferhalb der Reichweite von kleinen Kindern auf. Bei Kombination mehrerer Nahrungserg\u00e4nzungsmittel fragen Sie Ihren Arzt um Rat.<\/p>","protected":false},"excerpt":{"rendered":"<p>Herz-Kreislauf-Gleichgewicht und Gehirnfunktion Exklusive Kombination aus 480 mg EPA* und DHA** (Omega-3), 200 mg Omega-7 und nat\u00fcrlichem Vitamin E (f\u00fcr 1 Kapsel); EPA* und DHA** tragen zu einer normalen Herzfunktion bei1; DHA** tr\u00e4gt zu einer normalen Gehirnfunktion bei2; Optimale Bioverf\u00fcgbarkeit: EPA* und DHA** in Triglyceridform; Reinstes, stabilstes Premium-Fisch\u00f6l auf dem Markt mit einer TotOx-Bewertung von [&hellip;]<\/p>\n","protected":false},"featured_media":34680,"template":"","meta":{"_acf_changed":false,"footnotes":""},"product_brand":[],"product_cat":[42,951,948],"product_tag":[],"class_list":{"0":"post-34679","1":"product","2":"type-product","3":"status-publish","4":"has-post-thumbnail","6":"product_cat-para-pharmacie","7":"product_cat-physiomance","8":"product_cat-therascience-physionutrition","10":"first","11":"outofstock","12":"taxable","13":"shipping-taxable","14":"purchasable","15":"product-type-simple"},"acf":[],"_links":{"self":[{"href":"https:\/\/www.pharmacieonline.lu\/de\/wp-json\/wp\/v2\/product\/34679","targetHints":{"allow":["GET"]}}],"collection":[{"href":"https:\/\/www.pharmacieonline.lu\/de\/wp-json\/wp\/v2\/product"}],"about":[{"href":"https:\/\/www.pharmacieonline.lu\/de\/wp-json\/wp\/v2\/types\/product"}],"version-history":[{"count":0,"href":"https:\/\/www.pharmacieonline.lu\/de\/wp-json\/wp\/v2\/product\/34679\/revisions"}],"wp:featuredmedia":[{"embeddable":true,"href":"https:\/\/www.pharmacieonline.lu\/de\/wp-json\/wp\/v2\/media\/34680"}],"wp:attachment":[{"href":"https:\/\/www.pharmacieonline.lu\/de\/wp-json\/wp\/v2\/media?parent=34679"}],"wp:term":[{"taxonomy":"product_brand","embeddable":true,"href":"https:\/\/www.pharmacieonline.lu\/de\/wp-json\/wp\/v2\/product_brand?post=34679"},{"taxonomy":"product_cat","embeddable":true,"href":"https:\/\/www.pharmacieonline.lu\/de\/wp-json\/wp\/v2\/product_cat?post=34679"},{"taxonomy":"product_tag","embeddable":true,"href":"https:\/\/www.pharmacieonline.lu\/de\/wp-json\/wp\/v2\/product_tag?post=34679"}],"curies":[{"name":"wp","href":"https:\/\/api.w.org\/{rel}","templated":true}]}}