{"id":34695,"date":"2023-04-06T16:20:15","date_gmt":"2023-04-06T14:20:15","guid":{"rendered":"https:\/\/www.pharmacieonline.lu\/?post_type=product&#038;p=34695"},"modified":"2026-04-10T21:55:17","modified_gmt":"2026-04-10T19:55:17","slug":"physiomance-d-nat-1000-vegetal-20-ml","status":"publish","type":"product","link":"https:\/\/www.pharmacieonline.lu\/de\/produit\/physiomance-d-nat-1000-vegetal-20-ml\/","title":{"rendered":"PHYSIOMANCE D-NAT 1000 VEGETAL 20 ML"},"content":{"rendered":"<p>Pflanzliches Sonnenvitamin<\/p>\n<p>Nat\u00fcrliches und pflanzliches Vitamin D3, gewonnen aus Flechten, auf einem Medium aus 1. kaltgepresstem BIO-Oliven\u00f6l, f\u00fcr optimale Bioverf\u00fcgbarkeit;<br \/>\nUnverzichtbar f\u00fcr die Immunit\u00e4t und den Erhalt normaler Knochen;<br \/>\n1 Flasche = 700 Tropfen;<br \/>\nHigh Quality Process\u00ae;<br \/>\nClean-Label THERASCIENCE;<br \/>\nF\u00fcr Vegetarier und Veganer geeignet.<\/p>\n<p>Beschreibung<br \/>\nPHYSIOMANCE D-NAT 1000 V\u00c9G\u00c9TALE liefert pro Tropfen 1000 IE* (25 \u03bcg) nat\u00fcrliches und pflanzliches Vitamin D3 in nat\u00fcrlicher und bioverf\u00fcgbarer Form.<\/p>\n<p>Vitamin D ist f\u00fcr die ordnungsgem\u00e4\u00dfe Aktivit\u00e4t der Zellen des Immunsystems unerl\u00e4sslich. Unentbehrlich f\u00fcr die Knochengesundheit, notwendig f\u00fcr Wachstum, Mineralisierung und Knochenentwicklung, wirkt es auf die Aufnahme von Kalzium und Phosphor. Vitamin D ist an der Muskelfunktion beteiligt und spielt auch eine wichtige Rolle bei der Zellteilung.<\/p>\n<p>*IE: Internationale Einheiten<\/p>\n<p>Nutzungstipps<br \/>\n1 Tropfen pro Tag auf das Essen oder direkt auf die Zunge, f\u00fcr mindestens 1 Monat. Bei Bedarf zu erneuern.<\/p>\n<p>Vorsichtsma\u00dfnahmen f\u00fcr die Verwendung:<br \/>\nVor Licht und Hitze gesch\u00fctzt lagern. Ab 3 Jahren.<\/p>\n<p>Nahrungserg\u00e4nzungsmittel sollten im Rahmen einer gesunden Lebensweise verwendet werden und nicht als Ersatz f\u00fcr eine abwechslungsreiche und ausgewogene Ern\u00e4hrung verwendet werden. \u00dcberschreiten Sie nicht die empfohlene Tagesdosis. Bewahren Sie das Produkt au\u00dferhalb der Reichweite von kleinen Kindern auf. Bei Kombination mehrerer Nahrungserg\u00e4nzungsmittel fragen Sie Ihren Arzt um Rat.<\/p>","protected":false},"excerpt":{"rendered":"<p>Pflanzliches Sonnenvitamin Nat\u00fcrliches und pflanzliches Vitamin D3, gewonnen aus Flechten, auf einem Medium aus 1. kaltgepresstem BIO-Oliven\u00f6l, f\u00fcr optimale Bioverf\u00fcgbarkeit; Unverzichtbar f\u00fcr die Immunit\u00e4t und den Erhalt normaler Knochen; 1 Flasche = 700 Tropfen; High Quality Process\u00ae; Clean-Label THERASCIENCE; F\u00fcr Vegetarier und Veganer geeignet. Beschreibung PHYSIOMANCE D-NAT 1000 V\u00c9G\u00c9TALE liefert pro Tropfen 1000 IE* (25 [&hellip;]<\/p>\n","protected":false},"featured_media":34696,"template":"","meta":{"_acf_changed":false,"footnotes":""},"product_brand":[],"product_cat":[42,951,953,948],"product_tag":[],"class_list":{"0":"post-34695","1":"product","2":"type-product","3":"status-publish","4":"has-post-thumbnail","6":"product_cat-para-pharmacie","7":"product_cat-physiomance","8":"product_cat-complements-alimentaires","9":"product_cat-therascience-physionutrition","11":"first","12":"instock","13":"taxable","14":"shipping-taxable","15":"purchasable","16":"product-type-simple"},"acf":[],"_links":{"self":[{"href":"https:\/\/www.pharmacieonline.lu\/de\/wp-json\/wp\/v2\/product\/34695","targetHints":{"allow":["GET"]}}],"collection":[{"href":"https:\/\/www.pharmacieonline.lu\/de\/wp-json\/wp\/v2\/product"}],"about":[{"href":"https:\/\/www.pharmacieonline.lu\/de\/wp-json\/wp\/v2\/types\/product"}],"version-history":[{"count":0,"href":"https:\/\/www.pharmacieonline.lu\/de\/wp-json\/wp\/v2\/product\/34695\/revisions"}],"wp:featuredmedia":[{"embeddable":true,"href":"https:\/\/www.pharmacieonline.lu\/de\/wp-json\/wp\/v2\/media\/34696"}],"wp:attachment":[{"href":"https:\/\/www.pharmacieonline.lu\/de\/wp-json\/wp\/v2\/media?parent=34695"}],"wp:term":[{"taxonomy":"product_brand","embeddable":true,"href":"https:\/\/www.pharmacieonline.lu\/de\/wp-json\/wp\/v2\/product_brand?post=34695"},{"taxonomy":"product_cat","embeddable":true,"href":"https:\/\/www.pharmacieonline.lu\/de\/wp-json\/wp\/v2\/product_cat?post=34695"},{"taxonomy":"product_tag","embeddable":true,"href":"https:\/\/www.pharmacieonline.lu\/de\/wp-json\/wp\/v2\/product_tag?post=34695"}],"curies":[{"name":"wp","href":"https:\/\/api.w.org\/{rel}","templated":true}]}}