{"id":34723,"date":"2023-04-06T17:47:51","date_gmt":"2023-04-06T15:47:51","guid":{"rendered":"https:\/\/www.pharmacieonline.lu\/?post_type=product&#038;p=34723"},"modified":"2026-04-14T05:55:21","modified_gmt":"2026-04-14T03:55:21","slug":"rhinolaya-fort-pocket-spray-hyperton50ml","status":"publish","type":"product","link":"https:\/\/www.pharmacieonline.lu\/de\/produit\/rhinolaya-fort-pocket-spray-hyperton50ml\/","title":{"rendered":"RHINOLAYA FORT POCKET SPRAY HYPERTON50ML"},"content":{"rendered":"<p>RHINOLAYA FORT ist eine sehr angenehme hypertonische L\u00f6sung bei verstopften Nasen, zur Entleerung und Entstauung der Nasenh\u00f6hlen bei Erk\u00e4ltungen, Sinusitis, allergischem Schnupfen&#8230;<\/p>","protected":false},"excerpt":{"rendered":"<p>RHINOLAYA FORT ist eine sehr angenehme hypertonische L\u00f6sung bei verstopften Nasen, zur Entleerung und Entstauung der Nasenh\u00f6hlen bei Erk\u00e4ltungen, Sinusitis, allergischem Schnupfen&#8230;<\/p>\n","protected":false},"featured_media":34725,"template":"","meta":{"_acf_changed":false,"footnotes":""},"product_brand":[],"product_cat":[787,43,85],"product_tag":[],"class_list":{"0":"post-34723","1":"product","2":"type-product","3":"status-publish","4":"has-post-thumbnail","6":"product_cat-sprays-rhume","7":"product_cat-medicaments-en-vente-libre","8":"product_cat-rhume","10":"first","11":"outofstock","12":"taxable","13":"shipping-taxable","14":"purchasable","15":"product-type-simple"},"acf":[],"_links":{"self":[{"href":"https:\/\/www.pharmacieonline.lu\/de\/wp-json\/wp\/v2\/product\/34723","targetHints":{"allow":["GET"]}}],"collection":[{"href":"https:\/\/www.pharmacieonline.lu\/de\/wp-json\/wp\/v2\/product"}],"about":[{"href":"https:\/\/www.pharmacieonline.lu\/de\/wp-json\/wp\/v2\/types\/product"}],"version-history":[{"count":0,"href":"https:\/\/www.pharmacieonline.lu\/de\/wp-json\/wp\/v2\/product\/34723\/revisions"}],"wp:featuredmedia":[{"embeddable":true,"href":"https:\/\/www.pharmacieonline.lu\/de\/wp-json\/wp\/v2\/media\/34725"}],"wp:attachment":[{"href":"https:\/\/www.pharmacieonline.lu\/de\/wp-json\/wp\/v2\/media?parent=34723"}],"wp:term":[{"taxonomy":"product_brand","embeddable":true,"href":"https:\/\/www.pharmacieonline.lu\/de\/wp-json\/wp\/v2\/product_brand?post=34723"},{"taxonomy":"product_cat","embeddable":true,"href":"https:\/\/www.pharmacieonline.lu\/de\/wp-json\/wp\/v2\/product_cat?post=34723"},{"taxonomy":"product_tag","embeddable":true,"href":"https:\/\/www.pharmacieonline.lu\/de\/wp-json\/wp\/v2\/product_tag?post=34723"}],"curies":[{"name":"wp","href":"https:\/\/api.w.org\/{rel}","templated":true}]}}