{"id":34858,"date":"2023-04-14T11:41:03","date_gmt":"2023-04-14T09:41:03","guid":{"rendered":"https:\/\/www.pharmacieonline.lu\/?post_type=product&#038;p=34858"},"modified":"2026-04-03T09:55:19","modified_gmt":"2026-04-03T07:55:19","slug":"hylo-fresh","status":"publish","type":"product","link":"https:\/\/www.pharmacieonline.lu\/de\/produit\/hylo-fresh\/","title":{"rendered":"HYLO FRESH"},"content":{"rendered":"<p>Hyalurons\u00e4ure und Euphrasie<\/p>\n<p>Lindern Sie Augenreizungen, die durch Umweltfaktoren wie lange Bildschirmzeit, trockene Luft, Zugluft, starke Sonneneinstrahlung, Staub in der Luft oder das Tragen von Kontaktlinsen verursacht werden. Pr\u00e4parate auf der Basis von Euphrasia (Euphrasia officinalis) werden bereits seit mehreren Jahrhunderten bei R\u00f6tungen und Brennen der Augen, vermehrter Tr\u00e4nensekretion, Schwellungen und R\u00f6tungen der Augenlider oder Lidr\u00e4nder eingesetzt. Neben Euphrasia-Extrakt enth\u00e4lt HYLO FRESH\u00ae 0,03 % Hyalurons\u00e4ure, die die Oberfl\u00e4che effektiv mit Feuchtigkeit versorgt.<\/p>\n<p>Augentropfen mit 0,03 % Hyalurons\u00e4ure und Euphrasia verpackt im COMOD\u00ae-System.<br \/>\nLindert und erfrischt effektiv gereizte Augen<br \/>\nSehr genaue Dosierung, 300 Tropfen garantiert<br \/>\nKonservierungsmittel- und phosphatfrei<br \/>\nKompatibel mit Kontaktlinsen<\/p>","protected":false},"excerpt":{"rendered":"<p>Hyalurons\u00e4ure und Euphrasie Lindern Sie Augenreizungen, die durch Umweltfaktoren wie lange Bildschirmzeit, trockene Luft, Zugluft, starke Sonneneinstrahlung, Staub in der Luft oder das Tragen von Kontaktlinsen verursacht werden. Pr\u00e4parate auf der Basis von Euphrasia (Euphrasia officinalis) werden bereits seit mehreren Jahrhunderten bei R\u00f6tungen und Brennen der Augen, vermehrter Tr\u00e4nensekretion, Schwellungen und R\u00f6tungen der Augenlider oder [&hellip;]<\/p>\n","protected":false},"featured_media":34859,"template":"","meta":{"_acf_changed":false,"footnotes":""},"product_brand":[],"product_cat":[90],"product_tag":[],"class_list":{"0":"post-34858","1":"product","2":"type-product","3":"status-publish","4":"has-post-thumbnail","6":"product_cat-yeux","8":"first","9":"instock","10":"taxable","11":"shipping-taxable","12":"purchasable","13":"product-type-simple"},"acf":[],"_links":{"self":[{"href":"https:\/\/www.pharmacieonline.lu\/de\/wp-json\/wp\/v2\/product\/34858","targetHints":{"allow":["GET"]}}],"collection":[{"href":"https:\/\/www.pharmacieonline.lu\/de\/wp-json\/wp\/v2\/product"}],"about":[{"href":"https:\/\/www.pharmacieonline.lu\/de\/wp-json\/wp\/v2\/types\/product"}],"version-history":[{"count":0,"href":"https:\/\/www.pharmacieonline.lu\/de\/wp-json\/wp\/v2\/product\/34858\/revisions"}],"wp:featuredmedia":[{"embeddable":true,"href":"https:\/\/www.pharmacieonline.lu\/de\/wp-json\/wp\/v2\/media\/34859"}],"wp:attachment":[{"href":"https:\/\/www.pharmacieonline.lu\/de\/wp-json\/wp\/v2\/media?parent=34858"}],"wp:term":[{"taxonomy":"product_brand","embeddable":true,"href":"https:\/\/www.pharmacieonline.lu\/de\/wp-json\/wp\/v2\/product_brand?post=34858"},{"taxonomy":"product_cat","embeddable":true,"href":"https:\/\/www.pharmacieonline.lu\/de\/wp-json\/wp\/v2\/product_cat?post=34858"},{"taxonomy":"product_tag","embeddable":true,"href":"https:\/\/www.pharmacieonline.lu\/de\/wp-json\/wp\/v2\/product_tag?post=34858"}],"curies":[{"name":"wp","href":"https:\/\/api.w.org\/{rel}","templated":true}]}}