{"id":34892,"date":"2023-04-14T14:19:43","date_gmt":"2023-04-14T12:19:43","guid":{"rendered":"https:\/\/www.pharmacieonline.lu\/?post_type=product&#038;p=34892"},"modified":"2026-04-11T06:25:36","modified_gmt":"2026-04-11T04:25:36","slug":"xls-medical-fat-reducer-120-cpr","status":"publish","type":"product","link":"https:\/\/www.pharmacieonline.lu\/de\/produit\/xls-medical-fat-reducer-120-cpr\/","title":{"rendered":"XLS MEDICAL FAT REDUCER 120 CPR"},"content":{"rendered":"<p>EINE EFFEKTIVE HILFE ZUR GEWICHTSVERLUST: XLS MEDICAL WEIGHT LOSS enth\u00e4lt eine einzigartige Kombination nat\u00fcrlich gewonnener Inhaltsstoffe, die auf die Fettabsorption abzielen und Ihnen beim Abnehmen helfen<\/p>\n<p>AUS NAT\u00dcRLICH GEWONNENEN INHALTSSTOFFEN HERGESTELLT: Die klinisch erprobte Formel enth\u00e4lt Inditamin, eine Kombination aus Naturfasern aus Akaziengummi und mediterranen Nopalbl\u00e4ttern<\/p>\n<p>RESPEKTIERT IHREN ORGANISMUS: Dieses Produkt ist ohne Zusatz von chemischen Verbindungen formuliert. XLS MEDICAL WEIGHT LOSS hat gute Sicherheits- und Vertr\u00e4glichkeitsprofile<\/p>\n<p>FORMEL: Ohne Zusatz von k\u00fcnstlichen Farb-, Geschmacks-, Salz- oder Konservierungsstoffen<\/p>\n<p>KLINISCH NACHGEWIESENE WIRKSAMKEIT: Der Hauptinhaltsstoff Inditamine ist ein patentierter Naturfaserkomplex auf Basis von Pflanzen, Akaziengummi und Cyclodextrin. XLS MEDICAL Weight Loss ist eine klinisch erprobte Produktreihe zur Gewichtsabnahme, die Ihnen dabei helfen soll, Ihr Wunschgewicht zu erreichen.<\/p>","protected":false},"excerpt":{"rendered":"<p>EINE EFFEKTIVE HILFE ZUR GEWICHTSVERLUST: XLS MEDICAL WEIGHT LOSS enth\u00e4lt eine einzigartige Kombination nat\u00fcrlich gewonnener Inhaltsstoffe, die auf die Fettabsorption abzielen und Ihnen beim Abnehmen helfen AUS NAT\u00dcRLICH GEWONNENEN INHALTSSTOFFEN HERGESTELLT: Die klinisch erprobte Formel enth\u00e4lt Inditamin, eine Kombination aus Naturfasern aus Akaziengummi und mediterranen Nopalbl\u00e4ttern RESPEKTIERT IHREN ORGANISMUS: Dieses Produkt ist ohne Zusatz von [&hellip;]<\/p>\n","protected":false},"featured_media":34893,"template":"","meta":{"_acf_changed":false,"footnotes":""},"product_brand":[],"product_cat":[63,49,953],"product_tag":[],"class_list":{"0":"post-34892","1":"product","2":"type-product","3":"status-publish","4":"has-post-thumbnail","6":"product_cat-produits-aminicissants","7":"product_cat-minceurs","8":"product_cat-complements-alimentaires","10":"first","11":"outofstock","12":"taxable","13":"shipping-taxable","14":"purchasable","15":"product-type-simple"},"acf":[],"_links":{"self":[{"href":"https:\/\/www.pharmacieonline.lu\/de\/wp-json\/wp\/v2\/product\/34892","targetHints":{"allow":["GET"]}}],"collection":[{"href":"https:\/\/www.pharmacieonline.lu\/de\/wp-json\/wp\/v2\/product"}],"about":[{"href":"https:\/\/www.pharmacieonline.lu\/de\/wp-json\/wp\/v2\/types\/product"}],"version-history":[{"count":0,"href":"https:\/\/www.pharmacieonline.lu\/de\/wp-json\/wp\/v2\/product\/34892\/revisions"}],"wp:featuredmedia":[{"embeddable":true,"href":"https:\/\/www.pharmacieonline.lu\/de\/wp-json\/wp\/v2\/media\/34893"}],"wp:attachment":[{"href":"https:\/\/www.pharmacieonline.lu\/de\/wp-json\/wp\/v2\/media?parent=34892"}],"wp:term":[{"taxonomy":"product_brand","embeddable":true,"href":"https:\/\/www.pharmacieonline.lu\/de\/wp-json\/wp\/v2\/product_brand?post=34892"},{"taxonomy":"product_cat","embeddable":true,"href":"https:\/\/www.pharmacieonline.lu\/de\/wp-json\/wp\/v2\/product_cat?post=34892"},{"taxonomy":"product_tag","embeddable":true,"href":"https:\/\/www.pharmacieonline.lu\/de\/wp-json\/wp\/v2\/product_tag?post=34892"}],"curies":[{"name":"wp","href":"https:\/\/api.w.org\/{rel}","templated":true}]}}