{"id":34970,"date":"2023-04-18T15:00:35","date_gmt":"2023-04-18T13:00:35","guid":{"rendered":"https:\/\/www.pharmacieonline.lu\/?post_type=product&#038;p=34970"},"modified":"2026-04-05T10:25:18","modified_gmt":"2026-04-05T08:25:18","slug":"furterer-naturia-shampooing-sec-200ml","status":"publish","type":"product","link":"https:\/\/www.pharmacieonline.lu\/de\/produit\/furterer-naturia-shampooing-sec-200ml\/","title":{"rendered":"FURTERER NATURIA SHAMPOOING SEC 200ML"},"content":{"rendered":"<p>Verleiht dem Haar sichtbares Volumen &#8211; Erfrischt zwischen zwei Haarw\u00e4schen &#8211; Reinigt ohne Wasser<\/p>\n<p>Dieses h\u00e4ufig verwendete Trockenshampoo reinigt und erfrischt das Haar in einer Express-Sch\u00f6nheitsgeste ohne Aussp\u00fclen. Dank seiner Expertenformel mit organischen Wirkstoffen absorbiert es effektiv Talg und Unreinheiten. Seine Nude-Pigmente und ultrafeinen nat\u00fcrlichen Reispulver bieten ein unsichtbares und nat\u00fcrliches Ergebnis ohne R\u00fcckst\u00e4nde.<\/p>","protected":false},"excerpt":{"rendered":"<p>Verleiht dem Haar sichtbares Volumen &#8211; Erfrischt zwischen zwei Haarw\u00e4schen &#8211; Reinigt ohne Wasser Dieses h\u00e4ufig verwendete Trockenshampoo reinigt und erfrischt das Haar in einer Express-Sch\u00f6nheitsgeste ohne Aussp\u00fclen. Dank seiner Expertenformel mit organischen Wirkstoffen absorbiert es effektiv Talg und Unreinheiten. Seine Nude-Pigmente und ultrafeinen nat\u00fcrlichen Reispulver bieten ein unsichtbares und nat\u00fcrliches Ergebnis ohne R\u00fcckst\u00e4nde.<\/p>\n","protected":false},"featured_media":0,"template":"","meta":{"_acf_changed":false,"footnotes":""},"product_brand":[],"product_cat":[],"product_tag":[],"class_list":{"0":"post-34970","1":"product","2":"type-product","3":"status-publish","6":"first","7":"instock","8":"taxable","9":"shipping-taxable","10":"product-type-simple"},"acf":[],"_links":{"self":[{"href":"https:\/\/www.pharmacieonline.lu\/de\/wp-json\/wp\/v2\/product\/34970","targetHints":{"allow":["GET"]}}],"collection":[{"href":"https:\/\/www.pharmacieonline.lu\/de\/wp-json\/wp\/v2\/product"}],"about":[{"href":"https:\/\/www.pharmacieonline.lu\/de\/wp-json\/wp\/v2\/types\/product"}],"version-history":[{"count":0,"href":"https:\/\/www.pharmacieonline.lu\/de\/wp-json\/wp\/v2\/product\/34970\/revisions"}],"wp:attachment":[{"href":"https:\/\/www.pharmacieonline.lu\/de\/wp-json\/wp\/v2\/media?parent=34970"}],"wp:term":[{"taxonomy":"product_brand","embeddable":true,"href":"https:\/\/www.pharmacieonline.lu\/de\/wp-json\/wp\/v2\/product_brand?post=34970"},{"taxonomy":"product_cat","embeddable":true,"href":"https:\/\/www.pharmacieonline.lu\/de\/wp-json\/wp\/v2\/product_cat?post=34970"},{"taxonomy":"product_tag","embeddable":true,"href":"https:\/\/www.pharmacieonline.lu\/de\/wp-json\/wp\/v2\/product_tag?post=34970"}],"curies":[{"name":"wp","href":"https:\/\/api.w.org\/{rel}","templated":true}]}}